{"id":3587,"date":"2017-09-26T08:41:01","date_gmt":"2017-09-26T08:41:01","guid":{"rendered":"http:\/\/www.bouwimpex.skyberatedev.nl\/product\/bouwplast-kunststoffturen\/"},"modified":"2020-11-05T13:20:16","modified_gmt":"2020-11-05T13:20:16","slug":"bouwplast-kunststoffturen","status":"publish","type":"product","link":"https:\/\/www.bouwimpex.nl\/de\/produkt\/bouwplast-kunststoffturen\/","title":{"rendered":"Bouwplast-Kunststofft\u00fcren"},"content":{"rendered":"<div class=\"fusion-fullwidth fullwidth-box fusion-builder-row-1 nonhundred-percent-fullwidth non-hundred-percent-height-scrolling\" style=\"--awb-border-radius-top-left:0px;--awb-border-radius-top-right:0px;--awb-border-radius-bottom-right:0px;--awb-border-radius-bottom-left:0px;--awb-padding-top:20px;--awb-padding-bottom:20px;--awb-flex-wrap:wrap;\" ><div class=\"fusion-builder-row fusion-row\"><div class=\"fusion-layout-column fusion_builder_column fusion-builder-column-0 fusion_builder_column_1_1 1_1 fusion-one-full fusion-column-first fusion-column-last\" style=\"--awb-bg-size:cover;\"><div class=\"fusion-column-wrapper fusion-flex-column-wrapper-legacy\"><div class=\"fusion-title title fusion-title-1 fusion-sep-none fusion-title-text fusion-title-size-two\" style=\"--awb-margin-bottom:20px;\"><h2 class=\"fusion-title-heading title-heading-left\" style=\"margin:0;\">Bouwplast-Kunststofft\u00fcren<\/h2><\/div><div class=\"fusion-text fusion-text-1\"><p>Bouwplast-T\u00fcren sind aus Hart-PVC gefertigt und garantieren eine sehr lange Lebensdauer; sie halten au\u00dfergew\u00f6hnlichen Belastungen stand und sch\u00fctzen vor extremen Witterungseinfl\u00fcssen. Diese sch\u00f6nen und langlebigen T\u00fcren sind serienm\u00e4\u00dfig mit einem Stahlverst\u00e4rkungskern, stabilem 3-Punkt-Verschluss und zugfreien Mehrkammerprofilen ausgestattet. Die T\u00fcren sind einfach zu montieren und v\u00f6llig wartungsfrei (UV-best\u00e4ndig).<\/p>\n<div class=\"short_content\"><\/div>\n<\/div><div class=\"fusion-clearfix\"><\/div><\/div><\/div><div class=\"fusion-layout-column fusion_builder_column fusion-builder-column-1 fusion_builder_column_1_3 1_3 fusion-one-third fusion-column-first\" style=\"--awb-bg-size:cover;width:33.333333333333%;width:calc(33.333333333333% - ( ( 4% + 4% ) * 0.33333333333333 ) );margin-right: 4%;\"><div class=\"fusion-column-wrapper fusion-flex-column-wrapper-legacy\"><ul style=\"--awb-size:13px;--awb-line-height:22.1px;--awb-icon-width:22.1px;--awb-icon-height:22.1px;--awb-icon-margin:9.1px;--awb-content-margin:31.2px;--awb-circlecolor:#e43231;--awb-circle-yes-font-size:11.44px;\" class=\"fusion-checklist fusion-checklist-1 fusion-checklist-default type-icons\"><li class=\"fusion-li-item\" style=\"\"><span class=\"icon-wrapper circle-yes\"><i class=\"fusion-li-icon fa-check fas\" aria-hidden=\"true\"><\/i><\/span><div class=\"fusion-li-item-content\">Stahlverst\u00e4rkungskern<\/div><\/li><li class=\"fusion-li-item\" style=\"\"><span class=\"icon-wrapper circle-yes\"><i class=\"fusion-li-icon fa-check fas\" aria-hidden=\"true\"><\/i><\/span><div class=\"fusion-li-item-content\">\n<p>Isolierdoppelverglasung<\/p>\n<\/div><\/li><li class=\"fusion-li-item\" style=\"\"><span class=\"icon-wrapper circle-yes\"><i class=\"fusion-li-icon fa-check fas\" aria-hidden=\"true\"><\/i><\/span><div class=\"fusion-li-item-content\">\n<p>Inklusive hochwertiger Sicherheitsbeschl\u00e4ge<\/p>\n<\/div><\/li><\/ul><div class=\"fusion-clearfix\"><\/div><\/div><\/div><div class=\"fusion-layout-column fusion_builder_column fusion-builder-column-2 fusion_builder_column_1_3 1_3 fusion-one-third\" style=\"--awb-bg-size:cover;width:33.333333333333%;width:calc(33.333333333333% - ( ( 4% + 4% ) * 0.33333333333333 ) );margin-right: 4%;\"><div class=\"fusion-column-wrapper fusion-flex-column-wrapper-legacy\"><ul style=\"--awb-size:13px;--awb-line-height:22.1px;--awb-icon-width:22.1px;--awb-icon-height:22.1px;--awb-icon-margin:9.1px;--awb-content-margin:31.2px;--awb-circlecolor:#e43231;--awb-circle-yes-font-size:11.44px;\" class=\"fusion-checklist fusion-checklist-2 fusion-checklist-default type-icons\"><li class=\"fusion-li-item\" style=\"\"><span class=\"icon-wrapper circle-yes\"><i class=\"fusion-li-icon fa-check fas\" aria-hidden=\"true\"><\/i><\/span><div class=\"fusion-li-item-content\">\n<p>Profiltiefe: 70 mm<\/p>\n<\/div><\/li><li class=\"fusion-li-item\" style=\"\"><span class=\"icon-wrapper circle-yes\"><i class=\"fusion-li-icon fa-check fas\" aria-hidden=\"true\"><\/i><\/span><div class=\"fusion-li-item-content\">\n<p>Erh\u00e4ltlich in verschiedenen Farben<\/p>\n<\/div><\/li><li class=\"fusion-li-item\" style=\"\"><span class=\"icon-wrapper circle-yes\"><i class=\"fusion-li-icon fa-check fas\" aria-hidden=\"true\"><\/i><\/span><div class=\"fusion-li-item-content\">\n<p>Schnell und einfach zu montieren<\/p>\n<\/div><\/li><\/ul><div class=\"fusion-clearfix\"><\/div><\/div><\/div><div class=\"fusion-layout-column fusion_builder_column fusion-builder-column-3 fusion_builder_column_1_3 1_3 fusion-one-third fusion-column-last\" style=\"--awb-bg-size:cover;width:33.333333333333%;width:calc(33.333333333333% - ( ( 4% + 4% ) * 0.33333333333333 ) );\"><div class=\"fusion-column-wrapper fusion-flex-column-wrapper-legacy\"><div class=\"fusion-content-boxes content-boxes columns row fusion-columns-1 fusion-columns-total-1 fusion-content-boxes-1 content-boxes-icon-on-side content-left\" style=\"--awb-hover-accent-color:#e43231;--awb-circle-hover-accent-color:#e43231;--awb-item-margin-bottom:40px;\" data-animationOffset=\"top-into-view\"><div style=\"--awb-backgroundcolor:rgba(255,255,255,0);--awb-content-padding-left:42px;\" class=\"fusion-column content-box-column content-box-column content-box-column-1 col-lg-12 col-md-12 col-sm-12 fusion-content-box-hover content-box-column-last content-box-column-last-in-row\"><div class=\"col content-box-wrapper content-wrapper link-area-box link-type-text icon-hover-animation-fade\" data-link=\"https:\/\/www.bouwimpex.nl\/wp-content\/uploads\/2020\/11\/Brochure-bouwplast-kunststofffenster-und-turen.pdf#page=22\" data-link-target=\"_self\" data-animationOffset=\"top-into-view\"><div class=\"heading heading-with-icon icon-left\"><a class=\"heading-link\" href=\"https:\/\/www.bouwimpex.nl\/wp-content\/uploads\/2020\/11\/Brochure-bouwplast-kunststofffenster-und-turen.pdf#page=22\" target=\"_self\"><div class=\"icon\"><i style=\"border-color:#36383e;border-width:1px;background-color:#36383e;box-sizing:content-box;height:20px;width:20px;line-height:20px;border-radius:50%;font-size:10px;\" aria-hidden=\"true\" class=\"fontawesome-icon fa-file-pdf far circle-yes\"><\/i><\/div><h2 class=\"content-box-heading\" style=\"--h2_typography-font-size:18px;line-height:23px;padding-left:42px;\">Brosch\u00fcre<\/h2><\/a><\/div><div class=\"fusion-clearfix\"><\/div><a class=\" fusion-read-more\" style=\"margin-left:42px;\" href=\"https:\/\/www.bouwimpex.nl\/wp-content\/uploads\/2020\/11\/Brochure-bouwplast-kunststofffenster-und-turen.pdf#page=22\" target=\"_self\">Download pdf<\/a><div class=\"fusion-clearfix\"><\/div><\/div><\/div><div class=\"fusion-clearfix\"><\/div><\/div><div class=\"fusion-button-wrapper\"><a class=\"fusion-button button-flat fusion-button-default-size button-default fusion-button-default button-1 fusion-button-default-span fusion-button-default-type\" target=\"_self\" href=\"https:\/\/www.bouwimpex.nl\/de\/angebot-anfordern\/\"><span class=\"fusion-button-text\">Angebot anfordern<\/span><\/a><\/div><div class=\"fusion-clearfix\"><\/div><\/div><\/div><div class=\"fusion-layout-column fusion_builder_column fusion-builder-column-4 fusion_builder_column_1_1 1_1 fusion-one-full fusion-column-first fusion-column-last\" style=\"--awb-bg-size:cover;\"><div class=\"fusion-column-wrapper fusion-flex-column-wrapper-legacy\"><div class=\"accordian fusion-accordian productleesmeer\" style=\"--awb-border-size:1px;--awb-icon-size:13px;--awb-content-font-size:13px;--awb-icon-alignment:left;--awb-hover-color:#f9f9f9;--awb-border-color:#cccccc;--awb-background-color:#ffffff;--awb-divider-color:#e0dede;--awb-divider-hover-color:#e0dede;--awb-icon-color:#ffffff;--awb-title-color:#36383E;--awb-content-color:#36383E;--awb-icon-box-color:#36383E;--awb-toggle-hover-accent-color:#e43231;--awb-title-font-family:&quot;Work Sans&quot;;--awb-title-font-weight:400;--awb-title-font-style:normal;--awb-title-font-size:13px;--awb-title-line-height:1.5;--awb-content-font-family:&quot;Work Sans&quot;;--awb-content-font-style:normal;--awb-content-font-weight:400;\"><div class=\"panel-group fusion-toggle-icon-boxed\" id=\"accordion-3587-1\"><div class=\"fusion-panel panel-default panel-d00587c8c13ef3293 fusion-toggle-has-divider\"><div class=\"panel-heading\"><h4 class=\"panel-title toggle\" id=\"toggle_d00587c8c13ef3293\"><a aria-expanded=\"false\" aria-controls=\"d00587c8c13ef3293\" role=\"button\" data-toggle=\"collapse\" data-parent=\"#accordion-3587-1\" data-target=\"#d00587c8c13ef3293\" href=\"#d00587c8c13ef3293\"><span class=\"fusion-toggle-icon-wrapper\" aria-hidden=\"true\"><i class=\"fa-fusion-box active-icon awb-icon-minus\" aria-hidden=\"true\"><\/i><i class=\"fa-fusion-box inactive-icon awb-icon-plus\" aria-hidden=\"true\"><\/i><\/span><span class=\"fusion-toggle-heading\">Weiterlesen<\/span><\/a><\/h4><\/div><div id=\"d00587c8c13ef3293\" class=\"panel-collapse collapse \" aria-labelledby=\"toggle_d00587c8c13ef3293\"><div class=\"panel-body toggle-content fusion-clearfix\">\n<p>Bouwplast-T\u00fcren haben eine dichte, isolierende Kunststofff\u00fcllung (Sandwichplatte) und sind mit Isolier-Doppelverglasung erh\u00e4ltlich. Diese T\u00fcren werden haupts\u00e4chlich im Wohnungsbau, im Scheunen-\/Hallenbau und im Agrarbau (landwirtschaftliche Gewerbebauten) eingesetzt.<\/p>\n<p>Bouwplast-T\u00fcren sind in verschiedenen Gr\u00f6\u00dfen und Ausf\u00fchrungen erh\u00e4ltlich und k\u00f6nnen auch nach Projektgr\u00f6\u00dfe bestellt werden. Zur Vervollst\u00e4ndigung wird eine hochwertige, UV-best\u00e4ndige Renolit-Folie verwendet. Erh\u00e4ltlich in einer breiten Palette von RAL-Farben, sorgt diese kratzfeste Farbfolie daf\u00fcr, dass f\u00fcr jedes Projekt die richtige Farbe mit oder ohne Holzmaserung erzielt wird.<\/p>\n<p>Gerne nehmen wir Ihnen die Arbeit ab, indem wir die Montage f\u00fcr Sie \u00fcbernehmen. Unsere langj\u00e4hrige Erfahrung und Expertise machen uns zu einem zuverl\u00e4ssigen Partner, auch in der Umsetzung. Dies bedeutet einen einzigen Ansprechpartner f\u00fcr Lieferung und Montage. Das ist wirklich effizient! Unsere Spezialisten informieren Sie gerne \u00fcber die M\u00f6glichkeiten.<\/p>\n<div data-thumb=\"https:\/\/www.bouwimpex.nl\/wp-content\/uploads\/2017\/09\/bouwplast_deur_6-100x100.jpg\" data-thumb-alt=\"Bouwplast-Kunststoffau\u00dfent\u00fcren\" data-thumb-srcset=\"https:\/\/www.bouwimpex.nl\/wp-content\/uploads\/2017\/09\/bouwplast_deur_6-66x66.jpg 66w, https:\/\/www.bouwimpex.nl\/wp-content\/uploads\/2017\/09\/bouwplast_deur_6-100x100.jpg 100w, https:\/\/www.bouwimpex.nl\/wp-content\/uploads\/2017\/09\/bouwplast_deur_6-150x150.jpg 150w\"  data-thumb-sizes=\"(max-width: 100px) 100vw, 100px\" class=\"woocommerce-product-gallery__image\"><a href=\"https:\/\/www.bouwimpex.nl\/wp-content\/uploads\/2017\/09\/bouwplast_deur_6.jpg\"><img decoding=\"async\" width=\"500\" height=\"667\" src=\"https:\/\/www.bouwimpex.nl\/wp-content\/uploads\/2017\/09\/bouwplast_deur_6-500x667.jpg\" class=\"\" alt=\"Bouwplast-Kunststoffau\u00dfent\u00fcren\" data-caption=\"\" data-src=\"https:\/\/www.bouwimpex.nl\/wp-content\/uploads\/2017\/09\/bouwplast_deur_6.jpg\" data-large_image=\"https:\/\/www.bouwimpex.nl\/wp-content\/uploads\/2017\/09\/bouwplast_deur_6.jpg\" data-large_image_width=\"500\" data-large_image_height=\"667\" srcset=\"https:\/\/www.bouwimpex.nl\/wp-content\/uploads\/2017\/09\/bouwplast_deur_6-200x267.jpg 200w, https:\/\/www.bouwimpex.nl\/wp-content\/uploads\/2017\/09\/bouwplast_deur_6-375x500.jpg 375w, https:\/\/www.bouwimpex.nl\/wp-content\/uploads\/2017\/09\/bouwplast_deur_6-400x534.jpg 400w, https:\/\/www.bouwimpex.nl\/wp-content\/uploads\/2017\/09\/bouwplast_deur_6.jpg 500w\" sizes=\"(max-width: 500px) 100vw, 500px\" \/><\/a><\/div><div data-thumb=\"https:\/\/www.bouwimpex.nl\/wp-content\/uploads\/2017\/09\/bouwplast_deur_4-100x100.jpg\" data-thumb-alt=\"Bouwplast-Kunststoffau\u00dfent\u00fcren\" data-thumb-srcset=\"https:\/\/www.bouwimpex.nl\/wp-content\/uploads\/2017\/09\/bouwplast_deur_4-66x66.jpg 66w, https:\/\/www.bouwimpex.nl\/wp-content\/uploads\/2017\/09\/bouwplast_deur_4-100x100.jpg 100w, https:\/\/www.bouwimpex.nl\/wp-content\/uploads\/2017\/09\/bouwplast_deur_4-150x150.jpg 150w\"  data-thumb-sizes=\"(max-width: 100px) 100vw, 100px\" class=\"woocommerce-product-gallery__image\"><a href=\"https:\/\/www.bouwimpex.nl\/wp-content\/uploads\/2017\/09\/bouwplast_deur_4.jpg\"><img decoding=\"async\" width=\"500\" height=\"667\" src=\"https:\/\/www.bouwimpex.nl\/wp-content\/uploads\/2017\/09\/bouwplast_deur_4-500x667.jpg\" class=\"\" alt=\"Bouwplast-Kunststoffau\u00dfent\u00fcren\" data-caption=\"\" data-src=\"https:\/\/www.bouwimpex.nl\/wp-content\/uploads\/2017\/09\/bouwplast_deur_4.jpg\" data-large_image=\"https:\/\/www.bouwimpex.nl\/wp-content\/uploads\/2017\/09\/bouwplast_deur_4.jpg\" data-large_image_width=\"500\" data-large_image_height=\"667\" srcset=\"https:\/\/www.bouwimpex.nl\/wp-content\/uploads\/2017\/09\/bouwplast_deur_4-200x267.jpg 200w, https:\/\/www.bouwimpex.nl\/wp-content\/uploads\/2017\/09\/bouwplast_deur_4-375x500.jpg 375w, https:\/\/www.bouwimpex.nl\/wp-content\/uploads\/2017\/09\/bouwplast_deur_4-400x534.jpg 400w, https:\/\/www.bouwimpex.nl\/wp-content\/uploads\/2017\/09\/bouwplast_deur_4.jpg 500w\" sizes=\"(max-width: 500px) 100vw, 500px\" \/><\/a><\/div><div data-thumb=\"https:\/\/www.bouwimpex.nl\/wp-content\/uploads\/2017\/09\/bouwplast_deur_3-100x100.jpg\" data-thumb-alt=\"Bouwplast-Kunststoffau\u00dfent\u00fcr\" data-thumb-srcset=\"https:\/\/www.bouwimpex.nl\/wp-content\/uploads\/2017\/09\/bouwplast_deur_3-66x66.jpg 66w, https:\/\/www.bouwimpex.nl\/wp-content\/uploads\/2017\/09\/bouwplast_deur_3-100x100.jpg 100w, https:\/\/www.bouwimpex.nl\/wp-content\/uploads\/2017\/09\/bouwplast_deur_3-150x150.jpg 150w\"  data-thumb-sizes=\"(max-width: 100px) 100vw, 100px\" class=\"woocommerce-product-gallery__image\"><a href=\"https:\/\/www.bouwimpex.nl\/wp-content\/uploads\/2017\/09\/bouwplast_deur_3.jpg\"><img decoding=\"async\" width=\"500\" height=\"667\" src=\"https:\/\/www.bouwimpex.nl\/wp-content\/uploads\/2017\/09\/bouwplast_deur_3-500x667.jpg\" class=\"\" alt=\"Bouwplast-Kunststoffau\u00dfent\u00fcr\" data-caption=\"\" data-src=\"https:\/\/www.bouwimpex.nl\/wp-content\/uploads\/2017\/09\/bouwplast_deur_3.jpg\" data-large_image=\"https:\/\/www.bouwimpex.nl\/wp-content\/uploads\/2017\/09\/bouwplast_deur_3.jpg\" data-large_image_width=\"500\" data-large_image_height=\"667\" srcset=\"https:\/\/www.bouwimpex.nl\/wp-content\/uploads\/2017\/09\/bouwplast_deur_3-200x267.jpg 200w, https:\/\/www.bouwimpex.nl\/wp-content\/uploads\/2017\/09\/bouwplast_deur_3-375x500.jpg 375w, https:\/\/www.bouwimpex.nl\/wp-content\/uploads\/2017\/09\/bouwplast_deur_3-400x534.jpg 400w, https:\/\/www.bouwimpex.nl\/wp-content\/uploads\/2017\/09\/bouwplast_deur_3.jpg 500w\" sizes=\"(max-width: 500px) 100vw, 500px\" \/><\/a><\/div><div data-thumb=\"https:\/\/www.bouwimpex.nl\/wp-content\/uploads\/2017\/09\/bouwplast_deur_2-1-100x100.jpg\" data-thumb-alt=\"Bouwplast-Kunststoffau\u00dfent\u00fcren\" data-thumb-srcset=\"https:\/\/www.bouwimpex.nl\/wp-content\/uploads\/2017\/09\/bouwplast_deur_2-1-66x66.jpg 66w, https:\/\/www.bouwimpex.nl\/wp-content\/uploads\/2017\/09\/bouwplast_deur_2-1-100x100.jpg 100w, https:\/\/www.bouwimpex.nl\/wp-content\/uploads\/2017\/09\/bouwplast_deur_2-1-150x150.jpg 150w\"  data-thumb-sizes=\"(max-width: 100px) 100vw, 100px\" class=\"woocommerce-product-gallery__image\"><a href=\"https:\/\/www.bouwimpex.nl\/wp-content\/uploads\/2017\/09\/bouwplast_deur_2-1.jpg\"><img decoding=\"async\" width=\"500\" height=\"667\" src=\"https:\/\/www.bouwimpex.nl\/wp-content\/uploads\/2017\/09\/bouwplast_deur_2-1-500x667.jpg\" class=\"\" alt=\"Bouwplast-Kunststoffau\u00dfent\u00fcren\" data-caption=\"\" data-src=\"https:\/\/www.bouwimpex.nl\/wp-content\/uploads\/2017\/09\/bouwplast_deur_2-1.jpg\" data-large_image=\"https:\/\/www.bouwimpex.nl\/wp-content\/uploads\/2017\/09\/bouwplast_deur_2-1.jpg\" data-large_image_width=\"500\" data-large_image_height=\"667\" srcset=\"https:\/\/www.bouwimpex.nl\/wp-content\/uploads\/2017\/09\/bouwplast_deur_2-1-200x267.jpg 200w, https:\/\/www.bouwimpex.nl\/wp-content\/uploads\/2017\/09\/bouwplast_deur_2-1-375x500.jpg 375w, https:\/\/www.bouwimpex.nl\/wp-content\/uploads\/2017\/09\/bouwplast_deur_2-1-400x534.jpg 400w, https:\/\/www.bouwimpex.nl\/wp-content\/uploads\/2017\/09\/bouwplast_deur_2-1.jpg 500w\" sizes=\"(max-width: 500px) 100vw, 500px\" \/><\/a><\/div><div data-thumb=\"https:\/\/www.bouwimpex.nl\/wp-content\/uploads\/2017\/09\/bouwplast_deur_1-100x100.jpg\" data-thumb-alt=\"Bouwplast-Kunststofft\u00fcren\" data-thumb-srcset=\"https:\/\/www.bouwimpex.nl\/wp-content\/uploads\/2017\/09\/bouwplast_deur_1-66x66.jpg 66w, https:\/\/www.bouwimpex.nl\/wp-content\/uploads\/2017\/09\/bouwplast_deur_1-100x100.jpg 100w, https:\/\/www.bouwimpex.nl\/wp-content\/uploads\/2017\/09\/bouwplast_deur_1-150x150.jpg 150w\"  data-thumb-sizes=\"(max-width: 100px) 100vw, 100px\" class=\"woocommerce-product-gallery__image\"><a href=\"https:\/\/www.bouwimpex.nl\/wp-content\/uploads\/2017\/09\/bouwplast_deur_1.jpg\"><img decoding=\"async\" width=\"500\" height=\"667\" src=\"https:\/\/www.bouwimpex.nl\/wp-content\/uploads\/2017\/09\/bouwplast_deur_1-500x667.jpg\" class=\"\" alt=\"Bouwplast-Kunststofft\u00fcren\" data-caption=\"\" data-src=\"https:\/\/www.bouwimpex.nl\/wp-content\/uploads\/2017\/09\/bouwplast_deur_1.jpg\" data-large_image=\"https:\/\/www.bouwimpex.nl\/wp-content\/uploads\/2017\/09\/bouwplast_deur_1.jpg\" data-large_image_width=\"500\" data-large_image_height=\"667\" srcset=\"https:\/\/www.bouwimpex.nl\/wp-content\/uploads\/2017\/09\/bouwplast_deur_1-200x267.jpg 200w, https:\/\/www.bouwimpex.nl\/wp-content\/uploads\/2017\/09\/bouwplast_deur_1-375x500.jpg 375w, https:\/\/www.bouwimpex.nl\/wp-content\/uploads\/2017\/09\/bouwplast_deur_1-400x534.jpg 400w, https:\/\/www.bouwimpex.nl\/wp-content\/uploads\/2017\/09\/bouwplast_deur_1.jpg 500w\" sizes=\"(max-width: 500px) 100vw, 500px\" \/><\/a><\/div><div data-thumb=\"https:\/\/www.bouwimpex.nl\/wp-content\/uploads\/2017\/09\/bouwplast_deur-1-100x100.jpg\" data-thumb-alt=\"Bouwplast-Kunststoffau\u00dfent\u00fcren\" data-thumb-srcset=\"https:\/\/www.bouwimpex.nl\/wp-content\/uploads\/2017\/09\/bouwplast_deur-1-66x66.jpg 66w, https:\/\/www.bouwimpex.nl\/wp-content\/uploads\/2017\/09\/bouwplast_deur-1-100x100.jpg 100w, https:\/\/www.bouwimpex.nl\/wp-content\/uploads\/2017\/09\/bouwplast_deur-1-150x150.jpg 150w\"  data-thumb-sizes=\"(max-width: 100px) 100vw, 100px\" class=\"woocommerce-product-gallery__image\"><a href=\"https:\/\/www.bouwimpex.nl\/wp-content\/uploads\/2017\/09\/bouwplast_deur-1.jpg\"><img decoding=\"async\" width=\"500\" height=\"334\" src=\"https:\/\/www.bouwimpex.nl\/wp-content\/uploads\/2017\/09\/bouwplast_deur-1-500x334.jpg\" class=\"\" alt=\"Bouwplast-Kunststoffau\u00dfent\u00fcren\" data-caption=\"\" data-src=\"https:\/\/www.bouwimpex.nl\/wp-content\/uploads\/2017\/09\/bouwplast_deur-1.jpg\" data-large_image=\"https:\/\/www.bouwimpex.nl\/wp-content\/uploads\/2017\/09\/bouwplast_deur-1.jpg\" data-large_image_width=\"1000\" data-large_image_height=\"667\" srcset=\"https:\/\/www.bouwimpex.nl\/wp-content\/uploads\/2017\/09\/bouwplast_deur-1-200x133.jpg 200w, https:\/\/www.bouwimpex.nl\/wp-content\/uploads\/2017\/09\/bouwplast_deur-1-400x267.jpg 400w, https:\/\/www.bouwimpex.nl\/wp-content\/uploads\/2017\/09\/bouwplast_deur-1-500x334.jpg 500w, https:\/\/www.bouwimpex.nl\/wp-content\/uploads\/2017\/09\/bouwplast_deur-1-600x400.jpg 600w, https:\/\/www.bouwimpex.nl\/wp-content\/uploads\/2017\/09\/bouwplast_deur-1-768x512.jpg 768w, https:\/\/www.bouwimpex.nl\/wp-content\/uploads\/2017\/09\/bouwplast_deur-1-800x534.jpg 800w, https:\/\/www.bouwimpex.nl\/wp-content\/uploads\/2017\/09\/bouwplast_deur-1.jpg 1000w\" sizes=\"(max-width: 500px) 100vw, 500px\" \/><\/a><\/div><div data-thumb=\"https:\/\/www.bouwimpex.nl\/wp-content\/uploads\/2017\/09\/bouwplast_Kunststof_buitendeur-1-100x100.jpg\" data-thumb-alt=\"Bouwplast-Kunststoffau\u00dfent\u00fcren\" data-thumb-srcset=\"https:\/\/www.bouwimpex.nl\/wp-content\/uploads\/2017\/09\/bouwplast_Kunststof_buitendeur-1-66x66.jpg 66w, https:\/\/www.bouwimpex.nl\/wp-content\/uploads\/2017\/09\/bouwplast_Kunststof_buitendeur-1-100x100.jpg 100w, https:\/\/www.bouwimpex.nl\/wp-content\/uploads\/2017\/09\/bouwplast_Kunststof_buitendeur-1-150x150.jpg 150w\"  data-thumb-sizes=\"(max-width: 100px) 100vw, 100px\" class=\"woocommerce-product-gallery__image\"><a href=\"https:\/\/www.bouwimpex.nl\/wp-content\/uploads\/2017\/09\/bouwplast_Kunststof_buitendeur-1.jpg\"><img decoding=\"async\" width=\"500\" height=\"334\" src=\"https:\/\/www.bouwimpex.nl\/wp-content\/uploads\/2017\/09\/bouwplast_Kunststof_buitendeur-1-500x334.jpg\" class=\"\" alt=\"Bouwplast-Kunststoffau\u00dfent\u00fcren\" data-caption=\"\" data-src=\"https:\/\/www.bouwimpex.nl\/wp-content\/uploads\/2017\/09\/bouwplast_Kunststof_buitendeur-1.jpg\" data-large_image=\"https:\/\/www.bouwimpex.nl\/wp-content\/uploads\/2017\/09\/bouwplast_Kunststof_buitendeur-1.jpg\" data-large_image_width=\"1000\" data-large_image_height=\"667\" srcset=\"https:\/\/www.bouwimpex.nl\/wp-content\/uploads\/2017\/09\/bouwplast_Kunststof_buitendeur-1-200x133.jpg 200w, https:\/\/www.bouwimpex.nl\/wp-content\/uploads\/2017\/09\/bouwplast_Kunststof_buitendeur-1-400x267.jpg 400w, https:\/\/www.bouwimpex.nl\/wp-content\/uploads\/2017\/09\/bouwplast_Kunststof_buitendeur-1-500x334.jpg 500w, https:\/\/www.bouwimpex.nl\/wp-content\/uploads\/2017\/09\/bouwplast_Kunststof_buitendeur-1-600x400.jpg 600w, https:\/\/www.bouwimpex.nl\/wp-content\/uploads\/2017\/09\/bouwplast_Kunststof_buitendeur-1-768x512.jpg 768w, https:\/\/www.bouwimpex.nl\/wp-content\/uploads\/2017\/09\/bouwplast_Kunststof_buitendeur-1-800x534.jpg 800w, https:\/\/www.bouwimpex.nl\/wp-content\/uploads\/2017\/09\/bouwplast_Kunststof_buitendeur-1.jpg 1000w\" sizes=\"(max-width: 500px) 100vw, 500px\" \/><\/a><\/div><\/div><\/div><\/div><\/div><\/div><div class=\"fusion-clearfix\"><\/div><\/div><\/div><\/div><\/div>\n","protected":false},"excerpt":{"rendered":"","protected":false},"featured_media":2736,"comment_status":"closed","ping_status":"closed","template":"","meta":{"content-type":""},"product_brand":[],"product_cat":[178],"product_tag":[],"class_list":{"0":"post-3587","1":"product","2":"type-product","3":"status-publish","4":"has-post-thumbnail","6":"product_cat-bouwplast-deuren-de","8":"first","9":"instock","10":"taxable","11":"shipping-taxable","12":"product-type-simple"},"_links":{"self":[{"href":"https:\/\/www.bouwimpex.nl\/de\/wp-json\/wp\/v2\/product\/3587","targetHints":{"allow":["GET"]}}],"collection":[{"href":"https:\/\/www.bouwimpex.nl\/de\/wp-json\/wp\/v2\/product"}],"about":[{"href":"https:\/\/www.bouwimpex.nl\/de\/wp-json\/wp\/v2\/types\/product"}],"replies":[{"embeddable":true,"href":"https:\/\/www.bouwimpex.nl\/de\/wp-json\/wp\/v2\/comments?post=3587"}],"wp:featuredmedia":[{"embeddable":true,"href":"https:\/\/www.bouwimpex.nl\/de\/wp-json\/wp\/v2\/media\/2736"}],"wp:attachment":[{"href":"https:\/\/www.bouwimpex.nl\/de\/wp-json\/wp\/v2\/media?parent=3587"}],"wp:term":[{"taxonomy":"product_brand","embeddable":true,"href":"https:\/\/www.bouwimpex.nl\/de\/wp-json\/wp\/v2\/product_brand?post=3587"},{"taxonomy":"product_cat","embeddable":true,"href":"https:\/\/www.bouwimpex.nl\/de\/wp-json\/wp\/v2\/product_cat?post=3587"},{"taxonomy":"product_tag","embeddable":true,"href":"https:\/\/www.bouwimpex.nl\/de\/wp-json\/wp\/v2\/product_tag?post=3587"}],"curies":[{"name":"wp","href":"https:\/\/api.w.org\/{rel}","templated":true}]}}