{"id":3582,"date":"2017-09-26T08:05:12","date_gmt":"2017-09-26T08:05:12","guid":{"rendered":"http:\/\/www.bouwimpex.skyberatedev.nl\/product\/bouwplast-kippflugelfenster-mit-flachem-stumpfem-profil\/"},"modified":"2020-11-05T13:24:04","modified_gmt":"2020-11-05T13:24:04","slug":"bouwplast-kippfenster-mit-flachem-stumpfem-profil","status":"publish","type":"product","link":"https:\/\/www.bouwimpex.nl\/de\/produkt\/bouwplast-kippfenster-mit-flachem-stumpfem-profil\/","title":{"rendered":"Bouwplast-Kippfenster mit flachem\/ stumpfem Profil"},"content":{"rendered":"<div class=\"fusion-fullwidth fullwidth-box fusion-builder-row-1 nonhundred-percent-fullwidth non-hundred-percent-height-scrolling\" style=\"--awb-border-radius-top-left:0px;--awb-border-radius-top-right:0px;--awb-border-radius-bottom-right:0px;--awb-border-radius-bottom-left:0px;--awb-padding-top:20px;--awb-padding-bottom:20px;--awb-flex-wrap:wrap;\" ><div class=\"fusion-builder-row fusion-row\"><div class=\"fusion-layout-column fusion_builder_column fusion-builder-column-0 fusion_builder_column_1_1 1_1 fusion-one-full fusion-column-first fusion-column-last\" style=\"--awb-bg-size:cover;\"><div class=\"fusion-column-wrapper fusion-flex-column-wrapper-legacy\"><div class=\"fusion-title title fusion-title-1 fusion-sep-none fusion-title-text fusion-title-size-two\" style=\"--awb-margin-bottom:20px;\"><h2 class=\"fusion-title-heading title-heading-left\" style=\"margin:0;\">Bouwplast-Kippfenster mit flachem\/ stumpfem Profil<\/h2><\/div><div class=\"fusion-text fusion-text-1\"><p>Bouwplast-Kunststoff-Kippfenster werden vielf\u00e4ltig im Agrarsektor eingesetzt, insbesondere im Stallbau. Diese einfachen und funktionellen Fenster werden mit 14 mm Isolierdoppelverglasung geliefert und k\u00f6nnen somit direkt eingebaut werden. Die flache\/ stumpfe Ausf\u00fchrung ist serienm\u00e4\u00dfig mit 58 mm Profiltiefe ausgestattet.<\/p>\n<\/div><div class=\"fusion-clearfix\"><\/div><\/div><\/div><div class=\"fusion-layout-column fusion_builder_column fusion-builder-column-1 fusion_builder_column_1_3 1_3 fusion-one-third fusion-column-first\" style=\"--awb-bg-size:cover;width:33.333333333333%;width:calc(33.333333333333% - ( ( 4% + 4% ) * 0.33333333333333 ) );margin-right: 4%;\"><div class=\"fusion-column-wrapper fusion-flex-column-wrapper-legacy\"><ul style=\"--awb-size:13px;--awb-line-height:22.1px;--awb-icon-width:22.1px;--awb-icon-height:22.1px;--awb-icon-margin:9.1px;--awb-content-margin:31.2px;--awb-circlecolor:#e43231;--awb-circle-yes-font-size:11.44px;\" class=\"fusion-checklist fusion-checklist-1 fusion-checklist-default type-icons\"><li class=\"fusion-li-item\" style=\"\"><span class=\"icon-wrapper circle-yes\"><i class=\"fusion-li-icon fa fa-check\" aria-hidden=\"true\"><\/i><\/span><div class=\"fusion-li-item-content\">\n<p>Qualitativ hochwertiges PVC<\/p>\n<\/div><\/li><li class=\"fusion-li-item\" style=\"\"><span class=\"icon-wrapper circle-yes\"><i class=\"fusion-li-icon fa fa-check\" aria-hidden=\"true\"><\/i><\/span><div class=\"fusion-li-item-content\">Stabile, starke Konstruktion<\/div><\/li><li class=\"fusion-li-item\" style=\"\"><span class=\"icon-wrapper circle-yes\"><i class=\"fusion-li-icon fa fa-check\" aria-hidden=\"true\"><\/i><\/span><div class=\"fusion-li-item-content\">Optimale Lichtausbeute<\/div><\/li><\/ul><div class=\"fusion-clearfix\"><\/div><\/div><\/div><div class=\"fusion-layout-column fusion_builder_column fusion-builder-column-2 fusion_builder_column_1_3 1_3 fusion-one-third\" style=\"--awb-bg-size:cover;width:33.333333333333%;width:calc(33.333333333333% - ( ( 4% + 4% ) * 0.33333333333333 ) );margin-right: 4%;\"><div class=\"fusion-column-wrapper fusion-flex-column-wrapper-legacy\"><ul style=\"--awb-size:13px;--awb-line-height:22.1px;--awb-icon-width:22.1px;--awb-icon-height:22.1px;--awb-icon-margin:9.1px;--awb-content-margin:31.2px;--awb-circlecolor:#e43231;--awb-circle-yes-font-size:11.44px;\" class=\"fusion-checklist fusion-checklist-2 fusion-checklist-default type-icons\"><li class=\"fusion-li-item\" style=\"\"><span class=\"icon-wrapper circle-yes\"><i class=\"fusion-li-icon fa-check fas\" aria-hidden=\"true\"><\/i><\/span><div class=\"fusion-li-item-content\">3 flexible Bel\u00fcftungsstellungen<\/div><\/li><li class=\"fusion-li-item\" style=\"\"><span class=\"icon-wrapper circle-yes\"><i class=\"fusion-li-icon fa-check fas\" aria-hidden=\"true\"><\/i><\/span><div class=\"fusion-li-item-content\">58 mm Profiltiefe<\/div><\/li><li class=\"fusion-li-item\" style=\"\"><span class=\"icon-wrapper circle-yes\"><i class=\"fusion-li-icon fa-check fas\" aria-hidden=\"true\"><\/i><\/span><div class=\"fusion-li-item-content\">\n<p>Verschiedene Gr\u00f6\u00dfen ab Lager lieferbar<\/p>\n<\/div><\/li><\/ul><div class=\"fusion-clearfix\"><\/div><\/div><\/div><div class=\"fusion-layout-column fusion_builder_column fusion-builder-column-3 fusion_builder_column_1_3 1_3 fusion-one-third fusion-column-last\" style=\"--awb-bg-size:cover;width:33.333333333333%;width:calc(33.333333333333% - ( ( 4% + 4% ) * 0.33333333333333 ) );\"><div class=\"fusion-column-wrapper fusion-flex-column-wrapper-legacy\"><div class=\"fusion-content-boxes content-boxes columns row fusion-columns-1 fusion-columns-total-1 fusion-content-boxes-1 content-boxes-icon-on-side content-left\" style=\"--awb-hover-accent-color:#e43231;--awb-circle-hover-accent-color:#e43231;--awb-item-margin-bottom:40px;\" data-animationOffset=\"top-into-view\"><div style=\"--awb-backgroundcolor:rgba(255,255,255,0);--awb-content-padding-left:42px;\" class=\"fusion-column content-box-column content-box-column content-box-column-1 col-lg-12 col-md-12 col-sm-12 fusion-content-box-hover content-box-column-last content-box-column-last-in-row\"><div class=\"col content-box-wrapper content-wrapper link-area-box link-type-text icon-hover-animation-fade\" data-link=\"https:\/\/www.bouwimpex.nl\/wp-content\/uploads\/2020\/11\/Brochure-bouwplast-kunststofffenster-und-turen.pdf#page=8\" data-link-target=\"_self\" data-animationOffset=\"top-into-view\"><div class=\"heading heading-with-icon icon-left\"><a class=\"heading-link\" href=\"https:\/\/www.bouwimpex.nl\/wp-content\/uploads\/2020\/11\/Brochure-bouwplast-kunststofffenster-und-turen.pdf#page=8\" target=\"_self\"><div class=\"icon\"><i style=\"border-color:#36383e;border-width:1px;background-color:#36383e;box-sizing:content-box;height:20px;width:20px;line-height:20px;border-radius:50%;font-size:10px;\" aria-hidden=\"true\" class=\"fontawesome-icon fa-file-pdf far circle-yes\"><\/i><\/div><h2 class=\"content-box-heading\" style=\"--h2_typography-font-size:18px;line-height:23px;padding-left:42px;\">Brosch\u00fcre<\/h2><\/a><\/div><div class=\"fusion-clearfix\"><\/div><a class=\" fusion-read-more\" style=\"margin-left:42px;\" href=\"https:\/\/www.bouwimpex.nl\/wp-content\/uploads\/2020\/11\/Brochure-bouwplast-kunststofffenster-und-turen.pdf#page=8\" target=\"_self\">Download pdf<\/a><div class=\"fusion-clearfix\"><\/div><\/div><\/div><div class=\"fusion-clearfix\"><\/div><\/div><div class=\"fusion-button-wrapper\"><a class=\"fusion-button button-flat fusion-button-default-size button-default fusion-button-default button-1 fusion-button-default-span fusion-button-default-type\" target=\"_self\" href=\"https:\/\/www.bouwimpex.nl\/de\/angebot-anfordern\/\"><span class=\"fusion-button-text\">Angebot anfordern<\/span><\/a><\/div><div class=\"fusion-clearfix\"><\/div><\/div><\/div><div class=\"fusion-layout-column fusion_builder_column fusion-builder-column-4 fusion_builder_column_1_1 1_1 fusion-one-full fusion-column-first fusion-column-last\" style=\"--awb-bg-size:cover;\"><div class=\"fusion-column-wrapper fusion-flex-column-wrapper-legacy\"><div class=\"accordian fusion-accordian productleesmeer\" style=\"--awb-border-size:1px;--awb-icon-size:13px;--awb-content-font-size:13px;--awb-icon-alignment:left;--awb-hover-color:#f9f9f9;--awb-border-color:#cccccc;--awb-background-color:#ffffff;--awb-divider-color:#e0dede;--awb-divider-hover-color:#e0dede;--awb-icon-color:#ffffff;--awb-title-color:#36383E;--awb-content-color:#36383E;--awb-icon-box-color:#36383E;--awb-toggle-hover-accent-color:#e43231;--awb-title-font-family:&quot;Work Sans&quot;;--awb-title-font-weight:400;--awb-title-font-style:normal;--awb-title-font-size:13px;--awb-title-line-height:1.5;--awb-content-font-family:&quot;Work Sans&quot;;--awb-content-font-style:normal;--awb-content-font-weight:400;\"><div class=\"panel-group fusion-toggle-icon-boxed\" id=\"accordion-3582-1\"><div class=\"fusion-panel panel-default panel-a171ba7d835268c87 fusion-toggle-has-divider\"><div class=\"panel-heading\"><h4 class=\"panel-title toggle\" id=\"toggle_a171ba7d835268c87\"><a aria-expanded=\"false\" aria-controls=\"a171ba7d835268c87\" role=\"button\" data-toggle=\"collapse\" data-parent=\"#accordion-3582-1\" data-target=\"#a171ba7d835268c87\" href=\"#a171ba7d835268c87\"><span class=\"fusion-toggle-icon-wrapper\" aria-hidden=\"true\"><i class=\"fa-fusion-box active-icon awb-icon-minus\" aria-hidden=\"true\"><\/i><i class=\"fa-fusion-box inactive-icon awb-icon-plus\" aria-hidden=\"true\"><\/i><\/span><span class=\"fusion-toggle-heading\">Weiterlesen<\/span><\/a><\/h4><\/div><div id=\"a171ba7d835268c87\" class=\"panel-collapse collapse \" aria-labelledby=\"toggle_a171ba7d835268c87\"><div class=\"panel-body toggle-content fusion-clearfix\">\n<p>Die Fenster sind aus hochwertigem, pflegeleichtem PVC gefertigt. Sie werden standardm\u00e4\u00dfig in wei\u00df (RAL 9016) geliefert. Neben den Standardgr\u00f6\u00dfen* kann gegen einen geringen Aufpreis nahezu jede gew\u00fcnschte Projektabmessung produziert werden. Gerne beraten und informieren wir Sie \u00fcber die M\u00f6glichkeiten individueller L\u00f6sungen.<\/p>\n<p>*Standardabmessungen:<\/p>\n<ul>\n<li>800 x 600 mm<\/li>\n<li>890 x 650 mm<\/li>\n<li>1000 x 600 mm<\/li>\n<li>1000 x 800 mm<\/li>\n<li>1000 x 1000 mm<\/li>\n<\/ul>\n<p>Gerne nehmen wir Ihnen die Arbeit ab, indem wir die Montage f\u00fcr Sie \u00fcbernehmen. Unsere langj\u00e4hrige Erfahrung und Expertise machen uns zu einem zuverl\u00e4ssigen Partner, auch in der Umsetzung. Dies bedeutet einen einzigen Ansprechpartner f\u00fcr Lieferung und Montage. Das ist wirklich effizient! Unsere Spezialisten informieren Sie gerne \u00fcber die M\u00f6glichkeiten.<\/p>\n<div data-thumb=\"https:\/\/www.bouwimpex.nl\/wp-content\/uploads\/2017\/09\/Bouwplast_vlak_stomp_profiel_3-100x100.jpg\" data-thumb-alt=\"Bouwplast-Kippfenster mit flachem\/ stumpfem Profil\" data-thumb-srcset=\"https:\/\/www.bouwimpex.nl\/wp-content\/uploads\/2017\/09\/Bouwplast_vlak_stomp_profiel_3-66x66.jpg 66w, https:\/\/www.bouwimpex.nl\/wp-content\/uploads\/2017\/09\/Bouwplast_vlak_stomp_profiel_3-100x100.jpg 100w, https:\/\/www.bouwimpex.nl\/wp-content\/uploads\/2017\/09\/Bouwplast_vlak_stomp_profiel_3-150x150.jpg 150w\"  data-thumb-sizes=\"(max-width: 100px) 100vw, 100px\" class=\"woocommerce-product-gallery__image\"><a href=\"https:\/\/www.bouwimpex.nl\/wp-content\/uploads\/2017\/09\/Bouwplast_vlak_stomp_profiel_3.jpg\"><img decoding=\"async\" width=\"500\" height=\"334\" src=\"https:\/\/www.bouwimpex.nl\/wp-content\/uploads\/2017\/09\/Bouwplast_vlak_stomp_profiel_3-500x334.jpg\" class=\"\" alt=\"Bouwplast-Kippfenster mit flachem\/ stumpfem Profil\" data-caption=\"\" data-src=\"https:\/\/www.bouwimpex.nl\/wp-content\/uploads\/2017\/09\/Bouwplast_vlak_stomp_profiel_3.jpg\" data-large_image=\"https:\/\/www.bouwimpex.nl\/wp-content\/uploads\/2017\/09\/Bouwplast_vlak_stomp_profiel_3.jpg\" data-large_image_width=\"1000\" data-large_image_height=\"667\" srcset=\"https:\/\/www.bouwimpex.nl\/wp-content\/uploads\/2017\/09\/Bouwplast_vlak_stomp_profiel_3-200x133.jpg 200w, https:\/\/www.bouwimpex.nl\/wp-content\/uploads\/2017\/09\/Bouwplast_vlak_stomp_profiel_3-400x267.jpg 400w, https:\/\/www.bouwimpex.nl\/wp-content\/uploads\/2017\/09\/Bouwplast_vlak_stomp_profiel_3-500x334.jpg 500w, https:\/\/www.bouwimpex.nl\/wp-content\/uploads\/2017\/09\/Bouwplast_vlak_stomp_profiel_3-600x400.jpg 600w, https:\/\/www.bouwimpex.nl\/wp-content\/uploads\/2017\/09\/Bouwplast_vlak_stomp_profiel_3-768x512.jpg 768w, https:\/\/www.bouwimpex.nl\/wp-content\/uploads\/2017\/09\/Bouwplast_vlak_stomp_profiel_3-800x534.jpg 800w, https:\/\/www.bouwimpex.nl\/wp-content\/uploads\/2017\/09\/Bouwplast_vlak_stomp_profiel_3.jpg 1000w\" sizes=\"(max-width: 500px) 100vw, 500px\" \/><\/a><\/div><div data-thumb=\"https:\/\/www.bouwimpex.nl\/wp-content\/uploads\/2017\/09\/Bouwplast_vlak_stomp_profiel_2-100x100.jpg\" data-thumb-alt=\"Bouwplast-Kippfenster mit flachem\/ stumpfem Profil\" data-thumb-srcset=\"https:\/\/www.bouwimpex.nl\/wp-content\/uploads\/2017\/09\/Bouwplast_vlak_stomp_profiel_2-66x66.jpg 66w, https:\/\/www.bouwimpex.nl\/wp-content\/uploads\/2017\/09\/Bouwplast_vlak_stomp_profiel_2-100x100.jpg 100w, https:\/\/www.bouwimpex.nl\/wp-content\/uploads\/2017\/09\/Bouwplast_vlak_stomp_profiel_2-150x150.jpg 150w\"  data-thumb-sizes=\"(max-width: 100px) 100vw, 100px\" class=\"woocommerce-product-gallery__image\"><a href=\"https:\/\/www.bouwimpex.nl\/wp-content\/uploads\/2017\/09\/Bouwplast_vlak_stomp_profiel_2.jpg\"><img decoding=\"async\" width=\"500\" height=\"334\" src=\"https:\/\/www.bouwimpex.nl\/wp-content\/uploads\/2017\/09\/Bouwplast_vlak_stomp_profiel_2-500x334.jpg\" class=\"\" alt=\"Bouwplast-Kippfenster mit flachem\/ stumpfem Profil\" data-caption=\"\" data-src=\"https:\/\/www.bouwimpex.nl\/wp-content\/uploads\/2017\/09\/Bouwplast_vlak_stomp_profiel_2.jpg\" data-large_image=\"https:\/\/www.bouwimpex.nl\/wp-content\/uploads\/2017\/09\/Bouwplast_vlak_stomp_profiel_2.jpg\" data-large_image_width=\"1000\" data-large_image_height=\"667\" srcset=\"https:\/\/www.bouwimpex.nl\/wp-content\/uploads\/2017\/09\/Bouwplast_vlak_stomp_profiel_2-200x133.jpg 200w, https:\/\/www.bouwimpex.nl\/wp-content\/uploads\/2017\/09\/Bouwplast_vlak_stomp_profiel_2-400x267.jpg 400w, https:\/\/www.bouwimpex.nl\/wp-content\/uploads\/2017\/09\/Bouwplast_vlak_stomp_profiel_2-500x334.jpg 500w, https:\/\/www.bouwimpex.nl\/wp-content\/uploads\/2017\/09\/Bouwplast_vlak_stomp_profiel_2-600x400.jpg 600w, https:\/\/www.bouwimpex.nl\/wp-content\/uploads\/2017\/09\/Bouwplast_vlak_stomp_profiel_2-768x512.jpg 768w, https:\/\/www.bouwimpex.nl\/wp-content\/uploads\/2017\/09\/Bouwplast_vlak_stomp_profiel_2-800x534.jpg 800w, https:\/\/www.bouwimpex.nl\/wp-content\/uploads\/2017\/09\/Bouwplast_vlak_stomp_profiel_2.jpg 1000w\" sizes=\"(max-width: 500px) 100vw, 500px\" \/><\/a><\/div><div data-thumb=\"https:\/\/www.bouwimpex.nl\/wp-content\/uploads\/2017\/09\/Bouwplast_vlak_stomp_profiel-100x100.jpg\" data-thumb-alt=\"Bouwplast-Kippfenster mit flachem\/ stumpfem Profil\" data-thumb-srcset=\"https:\/\/www.bouwimpex.nl\/wp-content\/uploads\/2017\/09\/Bouwplast_vlak_stomp_profiel-66x66.jpg 66w, https:\/\/www.bouwimpex.nl\/wp-content\/uploads\/2017\/09\/Bouwplast_vlak_stomp_profiel-100x100.jpg 100w, https:\/\/www.bouwimpex.nl\/wp-content\/uploads\/2017\/09\/Bouwplast_vlak_stomp_profiel-150x150.jpg 150w\"  data-thumb-sizes=\"(max-width: 100px) 100vw, 100px\" class=\"woocommerce-product-gallery__image\"><a href=\"https:\/\/www.bouwimpex.nl\/wp-content\/uploads\/2017\/09\/Bouwplast_vlak_stomp_profiel.jpg\"><img decoding=\"async\" width=\"500\" height=\"334\" src=\"https:\/\/www.bouwimpex.nl\/wp-content\/uploads\/2017\/09\/Bouwplast_vlak_stomp_profiel-500x334.jpg\" class=\"\" alt=\"Bouwplast-Kippfenster mit flachem\/ stumpfem Profil\" data-caption=\"\" data-src=\"https:\/\/www.bouwimpex.nl\/wp-content\/uploads\/2017\/09\/Bouwplast_vlak_stomp_profiel.jpg\" data-large_image=\"https:\/\/www.bouwimpex.nl\/wp-content\/uploads\/2017\/09\/Bouwplast_vlak_stomp_profiel.jpg\" data-large_image_width=\"1000\" data-large_image_height=\"667\" srcset=\"https:\/\/www.bouwimpex.nl\/wp-content\/uploads\/2017\/09\/Bouwplast_vlak_stomp_profiel-200x133.jpg 200w, https:\/\/www.bouwimpex.nl\/wp-content\/uploads\/2017\/09\/Bouwplast_vlak_stomp_profiel-400x267.jpg 400w, https:\/\/www.bouwimpex.nl\/wp-content\/uploads\/2017\/09\/Bouwplast_vlak_stomp_profiel-500x334.jpg 500w, https:\/\/www.bouwimpex.nl\/wp-content\/uploads\/2017\/09\/Bouwplast_vlak_stomp_profiel-600x400.jpg 600w, https:\/\/www.bouwimpex.nl\/wp-content\/uploads\/2017\/09\/Bouwplast_vlak_stomp_profiel-768x512.jpg 768w, https:\/\/www.bouwimpex.nl\/wp-content\/uploads\/2017\/09\/Bouwplast_vlak_stomp_profiel-800x534.jpg 800w, https:\/\/www.bouwimpex.nl\/wp-content\/uploads\/2017\/09\/Bouwplast_vlak_stomp_profiel.jpg 1000w\" sizes=\"(max-width: 500px) 100vw, 500px\" \/><\/a><\/div><div data-thumb=\"https:\/\/www.bouwimpex.nl\/wp-content\/uploads\/2017\/09\/Bouwplast_vlak_stomp_profiel_4-100x100.jpg\" data-thumb-alt=\"Bouwplast-Kippfenster mit flachem\/ stumpfem Profil\" data-thumb-srcset=\"https:\/\/www.bouwimpex.nl\/wp-content\/uploads\/2017\/09\/Bouwplast_vlak_stomp_profiel_4-66x66.jpg 66w, https:\/\/www.bouwimpex.nl\/wp-content\/uploads\/2017\/09\/Bouwplast_vlak_stomp_profiel_4-100x100.jpg 100w, https:\/\/www.bouwimpex.nl\/wp-content\/uploads\/2017\/09\/Bouwplast_vlak_stomp_profiel_4-150x150.jpg 150w\"  data-thumb-sizes=\"(max-width: 100px) 100vw, 100px\" class=\"woocommerce-product-gallery__image\"><a href=\"https:\/\/www.bouwimpex.nl\/wp-content\/uploads\/2017\/09\/Bouwplast_vlak_stomp_profiel_4.jpg\"><img decoding=\"async\" width=\"500\" height=\"334\" src=\"https:\/\/www.bouwimpex.nl\/wp-content\/uploads\/2017\/09\/Bouwplast_vlak_stomp_profiel_4-500x334.jpg\" class=\"\" alt=\"Bouwplast-Kippfenster mit flachem\/ stumpfem Profil\" data-caption=\"\" data-src=\"https:\/\/www.bouwimpex.nl\/wp-content\/uploads\/2017\/09\/Bouwplast_vlak_stomp_profiel_4.jpg\" data-large_image=\"https:\/\/www.bouwimpex.nl\/wp-content\/uploads\/2017\/09\/Bouwplast_vlak_stomp_profiel_4.jpg\" data-large_image_width=\"1000\" data-large_image_height=\"667\" srcset=\"https:\/\/www.bouwimpex.nl\/wp-content\/uploads\/2017\/09\/Bouwplast_vlak_stomp_profiel_4-200x133.jpg 200w, https:\/\/www.bouwimpex.nl\/wp-content\/uploads\/2017\/09\/Bouwplast_vlak_stomp_profiel_4-400x267.jpg 400w, https:\/\/www.bouwimpex.nl\/wp-content\/uploads\/2017\/09\/Bouwplast_vlak_stomp_profiel_4-500x334.jpg 500w, https:\/\/www.bouwimpex.nl\/wp-content\/uploads\/2017\/09\/Bouwplast_vlak_stomp_profiel_4-600x400.jpg 600w, https:\/\/www.bouwimpex.nl\/wp-content\/uploads\/2017\/09\/Bouwplast_vlak_stomp_profiel_4-768x512.jpg 768w, https:\/\/www.bouwimpex.nl\/wp-content\/uploads\/2017\/09\/Bouwplast_vlak_stomp_profiel_4-800x534.jpg 800w, https:\/\/www.bouwimpex.nl\/wp-content\/uploads\/2017\/09\/Bouwplast_vlak_stomp_profiel_4.jpg 1000w\" sizes=\"(max-width: 500px) 100vw, 500px\" \/><\/a><\/div><div data-thumb=\"https:\/\/www.bouwimpex.nl\/wp-content\/uploads\/2017\/09\/Bouwplast_vlak_stomp_profiel_5-100x100.jpg\" data-thumb-alt=\"Bouwplast-Kippfenster mit flachem\/ stumpfem Profil\" data-thumb-srcset=\"https:\/\/www.bouwimpex.nl\/wp-content\/uploads\/2017\/09\/Bouwplast_vlak_stomp_profiel_5-66x66.jpg 66w, https:\/\/www.bouwimpex.nl\/wp-content\/uploads\/2017\/09\/Bouwplast_vlak_stomp_profiel_5-100x100.jpg 100w, https:\/\/www.bouwimpex.nl\/wp-content\/uploads\/2017\/09\/Bouwplast_vlak_stomp_profiel_5-150x150.jpg 150w\"  data-thumb-sizes=\"(max-width: 100px) 100vw, 100px\" class=\"woocommerce-product-gallery__image\"><a href=\"https:\/\/www.bouwimpex.nl\/wp-content\/uploads\/2017\/09\/Bouwplast_vlak_stomp_profiel_5.jpg\"><img decoding=\"async\" width=\"500\" height=\"334\" src=\"https:\/\/www.bouwimpex.nl\/wp-content\/uploads\/2017\/09\/Bouwplast_vlak_stomp_profiel_5-500x334.jpg\" class=\"\" alt=\"Bouwplast-Kippfenster mit flachem\/ stumpfem Profil\" data-caption=\"\" data-src=\"https:\/\/www.bouwimpex.nl\/wp-content\/uploads\/2017\/09\/Bouwplast_vlak_stomp_profiel_5.jpg\" data-large_image=\"https:\/\/www.bouwimpex.nl\/wp-content\/uploads\/2017\/09\/Bouwplast_vlak_stomp_profiel_5.jpg\" data-large_image_width=\"1000\" data-large_image_height=\"667\" srcset=\"https:\/\/www.bouwimpex.nl\/wp-content\/uploads\/2017\/09\/Bouwplast_vlak_stomp_profiel_5-200x133.jpg 200w, https:\/\/www.bouwimpex.nl\/wp-content\/uploads\/2017\/09\/Bouwplast_vlak_stomp_profiel_5-400x267.jpg 400w, https:\/\/www.bouwimpex.nl\/wp-content\/uploads\/2017\/09\/Bouwplast_vlak_stomp_profiel_5-500x334.jpg 500w, https:\/\/www.bouwimpex.nl\/wp-content\/uploads\/2017\/09\/Bouwplast_vlak_stomp_profiel_5-600x400.jpg 600w, https:\/\/www.bouwimpex.nl\/wp-content\/uploads\/2017\/09\/Bouwplast_vlak_stomp_profiel_5-768x512.jpg 768w, https:\/\/www.bouwimpex.nl\/wp-content\/uploads\/2017\/09\/Bouwplast_vlak_stomp_profiel_5-800x534.jpg 800w, https:\/\/www.bouwimpex.nl\/wp-content\/uploads\/2017\/09\/Bouwplast_vlak_stomp_profiel_5.jpg 1000w\" sizes=\"(max-width: 500px) 100vw, 500px\" \/><\/a><\/div><div data-thumb=\"https:\/\/www.bouwimpex.nl\/wp-content\/uploads\/2017\/09\/Bouwplast_vlak_stomp_profiel-9-100x100.jpg\" data-thumb-alt=\"Bouwplast-Kippfenster mit flachem\/ stumpfem Profil\" data-thumb-srcset=\"https:\/\/www.bouwimpex.nl\/wp-content\/uploads\/2017\/09\/Bouwplast_vlak_stomp_profiel-9-66x66.jpg 66w, https:\/\/www.bouwimpex.nl\/wp-content\/uploads\/2017\/09\/Bouwplast_vlak_stomp_profiel-9-100x100.jpg 100w, https:\/\/www.bouwimpex.nl\/wp-content\/uploads\/2017\/09\/Bouwplast_vlak_stomp_profiel-9-150x150.jpg 150w\"  data-thumb-sizes=\"(max-width: 100px) 100vw, 100px\" class=\"woocommerce-product-gallery__image\"><a href=\"https:\/\/www.bouwimpex.nl\/wp-content\/uploads\/2017\/09\/Bouwplast_vlak_stomp_profiel-9.jpg\"><img decoding=\"async\" width=\"500\" height=\"334\" src=\"https:\/\/www.bouwimpex.nl\/wp-content\/uploads\/2017\/09\/Bouwplast_vlak_stomp_profiel-9-500x334.jpg\" class=\"\" alt=\"Bouwplast-Kippfenster mit flachem\/ stumpfem Profil\" data-caption=\"\" data-src=\"https:\/\/www.bouwimpex.nl\/wp-content\/uploads\/2017\/09\/Bouwplast_vlak_stomp_profiel-9.jpg\" data-large_image=\"https:\/\/www.bouwimpex.nl\/wp-content\/uploads\/2017\/09\/Bouwplast_vlak_stomp_profiel-9.jpg\" data-large_image_width=\"1000\" data-large_image_height=\"667\" srcset=\"https:\/\/www.bouwimpex.nl\/wp-content\/uploads\/2017\/09\/Bouwplast_vlak_stomp_profiel-9-200x133.jpg 200w, https:\/\/www.bouwimpex.nl\/wp-content\/uploads\/2017\/09\/Bouwplast_vlak_stomp_profiel-9-400x267.jpg 400w, https:\/\/www.bouwimpex.nl\/wp-content\/uploads\/2017\/09\/Bouwplast_vlak_stomp_profiel-9-500x334.jpg 500w, https:\/\/www.bouwimpex.nl\/wp-content\/uploads\/2017\/09\/Bouwplast_vlak_stomp_profiel-9-600x400.jpg 600w, https:\/\/www.bouwimpex.nl\/wp-content\/uploads\/2017\/09\/Bouwplast_vlak_stomp_profiel-9-768x512.jpg 768w, https:\/\/www.bouwimpex.nl\/wp-content\/uploads\/2017\/09\/Bouwplast_vlak_stomp_profiel-9-800x534.jpg 800w, https:\/\/www.bouwimpex.nl\/wp-content\/uploads\/2017\/09\/Bouwplast_vlak_stomp_profiel-9.jpg 1000w\" sizes=\"(max-width: 500px) 100vw, 500px\" \/><\/a><\/div><div data-thumb=\"https:\/\/www.bouwimpex.nl\/wp-content\/uploads\/2017\/09\/Bouwplast_vlak_stomp_profiel_8-100x100.jpg\" data-thumb-alt=\"Bouwplast-Kippfenster mit flachem\/ stumpfem Profil\" data-thumb-srcset=\"https:\/\/www.bouwimpex.nl\/wp-content\/uploads\/2017\/09\/Bouwplast_vlak_stomp_profiel_8-66x66.jpg 66w, https:\/\/www.bouwimpex.nl\/wp-content\/uploads\/2017\/09\/Bouwplast_vlak_stomp_profiel_8-100x100.jpg 100w, https:\/\/www.bouwimpex.nl\/wp-content\/uploads\/2017\/09\/Bouwplast_vlak_stomp_profiel_8-150x150.jpg 150w\"  data-thumb-sizes=\"(max-width: 100px) 100vw, 100px\" class=\"woocommerce-product-gallery__image\"><a href=\"https:\/\/www.bouwimpex.nl\/wp-content\/uploads\/2017\/09\/Bouwplast_vlak_stomp_profiel_8.jpg\"><img decoding=\"async\" width=\"500\" height=\"334\" src=\"https:\/\/www.bouwimpex.nl\/wp-content\/uploads\/2017\/09\/Bouwplast_vlak_stomp_profiel_8-500x334.jpg\" class=\"\" alt=\"Bouwplast-Kippfenster mit flachem\/ stumpfem Profil\" data-caption=\"\" data-src=\"https:\/\/www.bouwimpex.nl\/wp-content\/uploads\/2017\/09\/Bouwplast_vlak_stomp_profiel_8.jpg\" data-large_image=\"https:\/\/www.bouwimpex.nl\/wp-content\/uploads\/2017\/09\/Bouwplast_vlak_stomp_profiel_8.jpg\" data-large_image_width=\"1000\" data-large_image_height=\"667\" srcset=\"https:\/\/www.bouwimpex.nl\/wp-content\/uploads\/2017\/09\/Bouwplast_vlak_stomp_profiel_8-200x133.jpg 200w, https:\/\/www.bouwimpex.nl\/wp-content\/uploads\/2017\/09\/Bouwplast_vlak_stomp_profiel_8-400x267.jpg 400w, https:\/\/www.bouwimpex.nl\/wp-content\/uploads\/2017\/09\/Bouwplast_vlak_stomp_profiel_8-500x334.jpg 500w, https:\/\/www.bouwimpex.nl\/wp-content\/uploads\/2017\/09\/Bouwplast_vlak_stomp_profiel_8-600x400.jpg 600w, https:\/\/www.bouwimpex.nl\/wp-content\/uploads\/2017\/09\/Bouwplast_vlak_stomp_profiel_8-768x512.jpg 768w, https:\/\/www.bouwimpex.nl\/wp-content\/uploads\/2017\/09\/Bouwplast_vlak_stomp_profiel_8-800x534.jpg 800w, https:\/\/www.bouwimpex.nl\/wp-content\/uploads\/2017\/09\/Bouwplast_vlak_stomp_profiel_8.jpg 1000w\" sizes=\"(max-width: 500px) 100vw, 500px\" \/><\/a><\/div><\/div><\/div><\/div><\/div><\/div><div class=\"fusion-clearfix\"><\/div><\/div><\/div><\/div><\/div>\n","protected":false},"excerpt":{"rendered":"","protected":false},"featured_media":2598,"comment_status":"closed","ping_status":"closed","template":"","meta":{"content-type":""},"product_brand":[],"product_cat":[176],"product_tag":[],"class_list":{"0":"post-3582","1":"product","2":"type-product","3":"status-publish","4":"has-post-thumbnail","6":"product_cat-bouwplast-kozijnen-de","8":"first","9":"instock","10":"taxable","11":"shipping-taxable","12":"product-type-simple"},"_links":{"self":[{"href":"https:\/\/www.bouwimpex.nl\/de\/wp-json\/wp\/v2\/product\/3582","targetHints":{"allow":["GET"]}}],"collection":[{"href":"https:\/\/www.bouwimpex.nl\/de\/wp-json\/wp\/v2\/product"}],"about":[{"href":"https:\/\/www.bouwimpex.nl\/de\/wp-json\/wp\/v2\/types\/product"}],"replies":[{"embeddable":true,"href":"https:\/\/www.bouwimpex.nl\/de\/wp-json\/wp\/v2\/comments?post=3582"}],"wp:featuredmedia":[{"embeddable":true,"href":"https:\/\/www.bouwimpex.nl\/de\/wp-json\/wp\/v2\/media\/2598"}],"wp:attachment":[{"href":"https:\/\/www.bouwimpex.nl\/de\/wp-json\/wp\/v2\/media?parent=3582"}],"wp:term":[{"taxonomy":"product_brand","embeddable":true,"href":"https:\/\/www.bouwimpex.nl\/de\/wp-json\/wp\/v2\/product_brand?post=3582"},{"taxonomy":"product_cat","embeddable":true,"href":"https:\/\/www.bouwimpex.nl\/de\/wp-json\/wp\/v2\/product_cat?post=3582"},{"taxonomy":"product_tag","embeddable":true,"href":"https:\/\/www.bouwimpex.nl\/de\/wp-json\/wp\/v2\/product_tag?post=3582"}],"curies":[{"name":"wp","href":"https:\/\/api.w.org\/{rel}","templated":true}]}}