{"id":3573,"date":"2017-09-26T08:56:55","date_gmt":"2017-09-26T08:56:55","guid":{"rendered":"http:\/\/www.bouwimpex.skyberatedev.nl\/product\/bouwplast-plus-fr-feuerbestandige-platten\/"},"modified":"2021-02-16T14:34:43","modified_gmt":"2021-02-16T14:34:43","slug":"bouwplast-plus-fr-feuerbestandige-platten","status":"publish","type":"product","link":"https:\/\/www.bouwimpex.nl\/de\/produkt\/bouwplast-plus-fr-feuerbestandige-platten\/","title":{"rendered":"Bouwplast-Plus FR feuerbest\u00e4ndige Platten"},"content":{"rendered":"<div class=\"fusion-fullwidth fullwidth-box fusion-builder-row-1 nonhundred-percent-fullwidth non-hundred-percent-height-scrolling\" style=\"--awb-border-radius-top-left:0px;--awb-border-radius-top-right:0px;--awb-border-radius-bottom-right:0px;--awb-border-radius-bottom-left:0px;--awb-padding-top:20px;--awb-padding-bottom:20px;--awb-flex-wrap:wrap;\" ><div class=\"fusion-builder-row fusion-row\"><div class=\"fusion-layout-column fusion_builder_column fusion-builder-column-0 fusion_builder_column_1_1 1_1 fusion-one-full fusion-column-first fusion-column-last\" style=\"--awb-bg-size:cover;\"><div class=\"fusion-column-wrapper fusion-flex-column-wrapper-legacy\"><div class=\"fusion-title title fusion-title-1 fusion-sep-none fusion-title-text fusion-title-size-two\" style=\"--awb-margin-bottom:20px;\"><h2 class=\"fusion-title-heading title-heading-left\" style=\"margin:0;\">Bouwplast-Plus FR feuerbest\u00e4ndige Platten<\/h2><\/div><div class=\"fusion-text fusion-text-1\"><p>Die feuerbest\u00e4ndige Konstruktion der Bouwplast-Plus-Platten. Das FR-Paneel besteht aus hochwertigem Kunststoff (PVC), das aus einzigartigen feuerbest\u00e4ndigen Rohstoffen zusammengestellt ist. Die Platte kann in der gew\u00fcnschten Projektgr\u00f6\u00dfe hergestellt werden.<\/p>\n<\/div><div class=\"fusion-clearfix\"><\/div><\/div><\/div><div class=\"fusion-layout-column fusion_builder_column fusion-builder-column-1 fusion_builder_column_1_3 1_3 fusion-one-third fusion-column-first\" style=\"--awb-bg-size:cover;width:33.333333333333%;width:calc(33.333333333333% - ( ( 4% + 4% ) * 0.33333333333333 ) );margin-right: 4%;\"><div class=\"fusion-column-wrapper fusion-flex-column-wrapper-legacy\"><ul style=\"--awb-size:13px;--awb-line-height:22.1px;--awb-icon-width:22.1px;--awb-icon-height:22.1px;--awb-icon-margin:9.1px;--awb-content-margin:31.2px;--awb-circlecolor:#e43231;--awb-circle-yes-font-size:11.44px;\" class=\"fusion-checklist fusion-checklist-1 fusion-checklist-default type-icons\"><li class=\"fusion-li-item\" style=\"\"><span class=\"icon-wrapper circle-yes\"><i class=\"fusion-li-icon fa-check fas\" aria-hidden=\"true\"><\/i><\/span><div class=\"fusion-li-item-content\">\n<p>Aus hochwertigem feuerbest\u00e4ndigem PVC<\/p>\n<\/div><\/li><li class=\"fusion-li-item\" style=\"\"><span class=\"icon-wrapper circle-yes\"><i class=\"fusion-li-icon fa-check fas\" aria-hidden=\"true\"><\/i><\/span><div class=\"fusion-li-item-content\">\n<p>Efectis zertifiziert<\/p>\n<\/div><\/li><li class=\"fusion-li-item\" style=\"\"><span class=\"icon-wrapper circle-yes\"><i class=\"fusion-li-icon fa-check fas\" aria-hidden=\"true\"><\/i><\/span><div class=\"fusion-li-item-content\">\n<p>Brandklasse B-S3-D0<\/p>\n<\/div><\/li><\/ul><div class=\"fusion-clearfix\"><\/div><\/div><\/div><div class=\"fusion-layout-column fusion_builder_column fusion-builder-column-2 fusion_builder_column_1_3 1_3 fusion-one-third\" style=\"--awb-bg-size:cover;width:33.333333333333%;width:calc(33.333333333333% - ( ( 4% + 4% ) * 0.33333333333333 ) );margin-right: 4%;\"><div class=\"fusion-column-wrapper fusion-flex-column-wrapper-legacy\"><ul style=\"--awb-size:13px;--awb-line-height:22.1px;--awb-icon-width:22.1px;--awb-icon-height:22.1px;--awb-icon-margin:9.1px;--awb-content-margin:31.2px;--awb-circlecolor:#e43231;--awb-circle-yes-font-size:11.44px;\" class=\"fusion-checklist fusion-checklist-2 fusion-checklist-default type-icons\"><li class=\"fusion-li-item\" style=\"\"><span class=\"icon-wrapper circle-yes\"><i class=\"fusion-li-icon fa fa-check\" aria-hidden=\"true\"><\/i><\/span><div class=\"fusion-li-item-content\">\n<p>Erh\u00e4ltlich in wei\u00df und grau<\/p>\n<\/div><\/li><li class=\"fusion-li-item\" style=\"\"><span class=\"icon-wrapper circle-yes\"><i class=\"fusion-li-icon fa fa-check\" aria-hidden=\"true\"><\/i><\/span><div class=\"fusion-li-item-content\">\n<p>Klick-in-System<\/p>\n<\/div><\/li><li class=\"fusion-li-item\" style=\"\"><span class=\"icon-wrapper circle-yes\"><i class=\"fusion-li-icon fa fa-check\" aria-hidden=\"true\"><\/i><\/span><div class=\"fusion-li-item-content\">\n<p>Doppelseitige Gummidichtung<\/p>\n<\/div><\/li><\/ul><div class=\"fusion-clearfix\"><\/div><\/div><\/div><div class=\"fusion-layout-column fusion_builder_column fusion-builder-column-3 fusion_builder_column_1_3 1_3 fusion-one-third fusion-column-last\" style=\"--awb-bg-size:cover;width:33.333333333333%;width:calc(33.333333333333% - ( ( 4% + 4% ) * 0.33333333333333 ) );\"><div class=\"fusion-column-wrapper fusion-flex-column-wrapper-legacy\"><div class=\"fusion-content-boxes content-boxes columns row fusion-columns-1 fusion-columns-total-1 fusion-content-boxes-1 content-boxes-icon-on-side content-left\" style=\"--awb-hover-accent-color:#e43231;--awb-circle-hover-accent-color:#e43231;--awb-item-margin-bottom:40px;\" data-animationOffset=\"top-into-view\"><div style=\"--awb-backgroundcolor:rgba(255,255,255,0);--awb-content-padding-left:42px;\" class=\"fusion-column content-box-column content-box-column content-box-column-1 col-lg-12 col-md-12 col-sm-12 fusion-content-box-hover content-box-column-last content-box-column-last-in-row\"><div class=\"col content-box-wrapper content-wrapper link-area-box link-type-text icon-hover-animation-fade\" data-link=\"https:\/\/www.bouwimpex.nl\/wp-content\/uploads\/2020\/11\/Broschure_Bouwplast_Kunststoffplatten.pdf#page=8\" data-link-target=\"_self\" data-animationOffset=\"top-into-view\"><div class=\"heading heading-with-icon icon-left\"><a class=\"heading-link\" href=\"https:\/\/www.bouwimpex.nl\/wp-content\/uploads\/2020\/11\/Broschure_Bouwplast_Kunststoffplatten.pdf#page=8\" target=\"_self\"><div class=\"icon\"><i style=\"border-color:#36383e;border-width:1px;background-color:#36383e;box-sizing:content-box;height:20px;width:20px;line-height:20px;border-radius:50%;font-size:10px;\" aria-hidden=\"true\" class=\"fontawesome-icon fa-file-pdf far circle-yes\"><\/i><\/div><h2 class=\"content-box-heading\" style=\"--h2_typography-font-size:18px;line-height:23px;padding-left:42px;\">Brosch\u00fcre<\/h2><\/a><\/div><div class=\"fusion-clearfix\"><\/div><a class=\" fusion-read-more\" style=\"margin-left:42px;\" href=\"https:\/\/www.bouwimpex.nl\/wp-content\/uploads\/2020\/11\/Broschure_Bouwplast_Kunststoffplatten.pdf#page=8\" target=\"_self\">Download pdf<\/a><div class=\"fusion-clearfix\"><\/div><\/div><\/div><div class=\"fusion-clearfix\"><\/div><\/div><div class=\"fusion-button-wrapper\"><a class=\"fusion-button button-flat fusion-button-default-size button-default fusion-button-default button-1 fusion-button-default-span fusion-button-default-type\" target=\"_self\" href=\"https:\/\/www.bouwimpex.nl\/de\/angebot-anfordern\/\"><span class=\"fusion-button-text\">Angebot anfordern<\/span><\/a><\/div><div class=\"fusion-clearfix\"><\/div><\/div><\/div><div class=\"fusion-layout-column fusion_builder_column fusion-builder-column-4 fusion_builder_column_1_1 1_1 fusion-one-full fusion-column-first fusion-column-last\" style=\"--awb-bg-size:cover;\"><div class=\"fusion-column-wrapper fusion-flex-column-wrapper-legacy\"><div class=\"accordian fusion-accordian productleesmeer\" style=\"--awb-border-size:1px;--awb-icon-size:13px;--awb-content-font-size:13px;--awb-icon-alignment:left;--awb-hover-color:#f9f9f9;--awb-border-color:#cccccc;--awb-background-color:#ffffff;--awb-divider-color:#e0dede;--awb-divider-hover-color:#e0dede;--awb-icon-color:#ffffff;--awb-title-color:#36383E;--awb-content-color:#36383E;--awb-icon-box-color:#36383E;--awb-toggle-hover-accent-color:#e43231;--awb-title-font-family:&quot;Work Sans&quot;;--awb-title-font-weight:400;--awb-title-font-style:normal;--awb-title-font-size:13px;--awb-title-line-height:1.5;--awb-content-font-family:&quot;Work Sans&quot;;--awb-content-font-style:normal;--awb-content-font-weight:400;\"><div class=\"panel-group fusion-toggle-icon-boxed\" id=\"accordion-3573-1\"><div class=\"fusion-panel panel-default panel-28d29b0dd15972c89 fusion-toggle-has-divider\"><div class=\"panel-heading\"><h4 class=\"panel-title toggle\" id=\"toggle_28d29b0dd15972c89\"><a aria-expanded=\"false\" aria-controls=\"28d29b0dd15972c89\" role=\"button\" data-toggle=\"collapse\" data-parent=\"#accordion-3573-1\" data-target=\"#28d29b0dd15972c89\" href=\"#28d29b0dd15972c89\"><span class=\"fusion-toggle-icon-wrapper\" aria-hidden=\"true\"><i class=\"fa-fusion-box active-icon awb-icon-minus\" aria-hidden=\"true\"><\/i><i class=\"fa-fusion-box inactive-icon awb-icon-plus\" aria-hidden=\"true\"><\/i><\/span><span class=\"fusion-toggle-heading\">Weiterlesen<\/span><\/a><\/h4><\/div><div id=\"28d29b0dd15972c89\" class=\"panel-collapse collapse \" aria-labelledby=\"toggle_28d29b0dd15972c89\"><div class=\"panel-body toggle-content fusion-clearfix\">\n<p id=\"tw-target-text\" class=\"tw-data-text tw-text-large XcVN5d tw-ta\" dir=\"ltr\" data-placeholder=\"Vertaling\"><span lang=\"de\">Feuerfeste Konstruktion ist zunehmend die Norm. Die strengeren Anforderungen an das Brandverhalten in St\u00e4llen, Schuppen und Hallen erfordern zunehmend sicherere, feuerhemmende Materialien. Nicht nur die Politik dr\u00e4ngt darauf, auch die Landwirte ergreifen selbst Schutzma\u00dfnahmen. Ein stabiles Feuer kann schwerwiegende Folgen haben. sowohl emotional als auch finanziell. <\/span><\/p>\n<p class=\"tw-data-text tw-text-large XcVN5d tw-ta\" dir=\"ltr\" data-placeholder=\"Vertaling\"><span lang=\"de\">Kunststoffw\u00e4nde sind schneller zu installieren, flexibler und billiger als eine Mauer. Ein Nachteil ist, dass Kunststoff feuerempfindlicher ist. Aus diesem Grund hat Bouwimpex zusammen mit der Kunststoffindustrie das Bouwplast-plus FR-Paneel (feuerfest) entwickelt. Diese feuerfesten Paneele &#8211; in den Versionen 250\/35, 400\/35 und 500\/35 &#8211; bestehen aus hochwertigem Kunststoff, der von Efectis in der Brandklasse B getestet wurde. Damit zeigt Bouwimpex, dass feuersicher und hoch- Qualit\u00e4tskonstruktionen passen gut zu stabilen Konstruktionen. <\/span><\/p>\n<p class=\"tw-data-text tw-text-large XcVN5d tw-ta\" dir=\"ltr\" data-placeholder=\"Vertaling\"><span lang=\"de\">Wir liefern auch die Endbearbeitungsprofile f\u00fcr diese Paneele.<\/span><\/p>\n<div data-thumb=\"https:\/\/www.bouwimpex.nl\/wp-content\/uploads\/2017\/09\/Notter-01-100x100.jpg\" data-thumb-alt=\"Bouwplast-Plus FR feuerbest\u00e4ndige Kunststoff Platten\" data-thumb-srcset=\"https:\/\/www.bouwimpex.nl\/wp-content\/uploads\/2017\/09\/Notter-01-66x66.jpg 66w, https:\/\/www.bouwimpex.nl\/wp-content\/uploads\/2017\/09\/Notter-01-100x100.jpg 100w, https:\/\/www.bouwimpex.nl\/wp-content\/uploads\/2017\/09\/Notter-01-150x150.jpg 150w\"  data-thumb-sizes=\"(max-width: 100px) 100vw, 100px\" class=\"woocommerce-product-gallery__image\"><a href=\"https:\/\/www.bouwimpex.nl\/wp-content\/uploads\/2017\/09\/Notter-01.jpg\"><img decoding=\"async\" width=\"500\" height=\"334\" src=\"https:\/\/www.bouwimpex.nl\/wp-content\/uploads\/2017\/09\/Notter-01-500x334.jpg\" class=\"\" alt=\"Bouwplast-Plus FR feuerbest\u00e4ndige Kunststoff Platten\" data-caption=\"\" data-src=\"https:\/\/www.bouwimpex.nl\/wp-content\/uploads\/2017\/09\/Notter-01.jpg\" data-large_image=\"https:\/\/www.bouwimpex.nl\/wp-content\/uploads\/2017\/09\/Notter-01.jpg\" data-large_image_width=\"1000\" data-large_image_height=\"667\" srcset=\"https:\/\/www.bouwimpex.nl\/wp-content\/uploads\/2017\/09\/Notter-01-200x133.jpg 200w, https:\/\/www.bouwimpex.nl\/wp-content\/uploads\/2017\/09\/Notter-01-400x267.jpg 400w, https:\/\/www.bouwimpex.nl\/wp-content\/uploads\/2017\/09\/Notter-01-500x334.jpg 500w, https:\/\/www.bouwimpex.nl\/wp-content\/uploads\/2017\/09\/Notter-01-600x400.jpg 600w, https:\/\/www.bouwimpex.nl\/wp-content\/uploads\/2017\/09\/Notter-01-768x512.jpg 768w, https:\/\/www.bouwimpex.nl\/wp-content\/uploads\/2017\/09\/Notter-01-800x534.jpg 800w, https:\/\/www.bouwimpex.nl\/wp-content\/uploads\/2017\/09\/Notter-01.jpg 1000w\" sizes=\"(max-width: 500px) 100vw, 500px\" \/><\/a><\/div><div data-thumb=\"https:\/\/www.bouwimpex.nl\/wp-content\/uploads\/2017\/09\/Notter-09-100x100.jpg\" data-thumb-alt=\"Bouwplast-Plus FR feuerbest\u00e4ndige Kunststoff Platten\" data-thumb-srcset=\"https:\/\/www.bouwimpex.nl\/wp-content\/uploads\/2017\/09\/Notter-09-66x66.jpg 66w, https:\/\/www.bouwimpex.nl\/wp-content\/uploads\/2017\/09\/Notter-09-100x100.jpg 100w, https:\/\/www.bouwimpex.nl\/wp-content\/uploads\/2017\/09\/Notter-09-150x150.jpg 150w\"  data-thumb-sizes=\"(max-width: 100px) 100vw, 100px\" class=\"woocommerce-product-gallery__image\"><a href=\"https:\/\/www.bouwimpex.nl\/wp-content\/uploads\/2017\/09\/Notter-09.jpg\"><img decoding=\"async\" width=\"500\" height=\"333\" src=\"https:\/\/www.bouwimpex.nl\/wp-content\/uploads\/2017\/09\/Notter-09-500x333.jpg\" class=\"\" alt=\"Bouwplast-Plus FR feuerbest\u00e4ndige Kunststoff Platten\" data-caption=\"\" data-src=\"https:\/\/www.bouwimpex.nl\/wp-content\/uploads\/2017\/09\/Notter-09.jpg\" data-large_image=\"https:\/\/www.bouwimpex.nl\/wp-content\/uploads\/2017\/09\/Notter-09.jpg\" data-large_image_width=\"1000\" data-large_image_height=\"665\" srcset=\"https:\/\/www.bouwimpex.nl\/wp-content\/uploads\/2017\/09\/Notter-09-200x133.jpg 200w, https:\/\/www.bouwimpex.nl\/wp-content\/uploads\/2017\/09\/Notter-09-400x266.jpg 400w, https:\/\/www.bouwimpex.nl\/wp-content\/uploads\/2017\/09\/Notter-09-500x333.jpg 500w, https:\/\/www.bouwimpex.nl\/wp-content\/uploads\/2017\/09\/Notter-09-600x399.jpg 600w, https:\/\/www.bouwimpex.nl\/wp-content\/uploads\/2017\/09\/Notter-09-768x511.jpg 768w, https:\/\/www.bouwimpex.nl\/wp-content\/uploads\/2017\/09\/Notter-09-800x532.jpg 800w, https:\/\/www.bouwimpex.nl\/wp-content\/uploads\/2017\/09\/Notter-09.jpg 1000w\" sizes=\"(max-width: 500px) 100vw, 500px\" \/><\/a><\/div><div data-thumb=\"https:\/\/www.bouwimpex.nl\/wp-content\/uploads\/2017\/09\/Notter-19-100x100.jpg\" data-thumb-alt=\"Bouwplast-Plus FR feuerbest\u00e4ndige Kunststoff Platten\" data-thumb-srcset=\"https:\/\/www.bouwimpex.nl\/wp-content\/uploads\/2017\/09\/Notter-19-66x66.jpg 66w, https:\/\/www.bouwimpex.nl\/wp-content\/uploads\/2017\/09\/Notter-19-100x100.jpg 100w, https:\/\/www.bouwimpex.nl\/wp-content\/uploads\/2017\/09\/Notter-19-150x150.jpg 150w\"  data-thumb-sizes=\"(max-width: 100px) 100vw, 100px\" class=\"woocommerce-product-gallery__image\"><a href=\"https:\/\/www.bouwimpex.nl\/wp-content\/uploads\/2017\/09\/Notter-19.jpg\"><img decoding=\"async\" width=\"500\" height=\"750\" src=\"https:\/\/www.bouwimpex.nl\/wp-content\/uploads\/2017\/09\/Notter-19-500x750.jpg\" class=\"\" alt=\"Bouwplast-Plus FR feuerbest\u00e4ndige Kunststoff Platten\" data-caption=\"\" data-src=\"https:\/\/www.bouwimpex.nl\/wp-content\/uploads\/2017\/09\/Notter-19.jpg\" data-large_image=\"https:\/\/www.bouwimpex.nl\/wp-content\/uploads\/2017\/09\/Notter-19.jpg\" data-large_image_width=\"667\" data-large_image_height=\"1000\" srcset=\"https:\/\/www.bouwimpex.nl\/wp-content\/uploads\/2017\/09\/Notter-19-200x300.jpg 200w, https:\/\/www.bouwimpex.nl\/wp-content\/uploads\/2017\/09\/Notter-19-334x500.jpg 334w, https:\/\/www.bouwimpex.nl\/wp-content\/uploads\/2017\/09\/Notter-19-400x600.jpg 400w, https:\/\/www.bouwimpex.nl\/wp-content\/uploads\/2017\/09\/Notter-19-500x750.jpg 500w, https:\/\/www.bouwimpex.nl\/wp-content\/uploads\/2017\/09\/Notter-19-600x900.jpg 600w, https:\/\/www.bouwimpex.nl\/wp-content\/uploads\/2017\/09\/Notter-19.jpg 667w\" sizes=\"(max-width: 500px) 100vw, 500px\" \/><\/a><\/div><div data-thumb=\"https:\/\/www.bouwimpex.nl\/wp-content\/uploads\/2017\/09\/Notter-22-100x100.jpg\" data-thumb-alt=\"Bouwplast-Plus FR feuerbest\u00e4ndige Kunststoff Platten\" data-thumb-srcset=\"https:\/\/www.bouwimpex.nl\/wp-content\/uploads\/2017\/09\/Notter-22-66x66.jpg 66w, https:\/\/www.bouwimpex.nl\/wp-content\/uploads\/2017\/09\/Notter-22-100x100.jpg 100w, https:\/\/www.bouwimpex.nl\/wp-content\/uploads\/2017\/09\/Notter-22-150x150.jpg 150w\"  data-thumb-sizes=\"(max-width: 100px) 100vw, 100px\" class=\"woocommerce-product-gallery__image\"><a href=\"https:\/\/www.bouwimpex.nl\/wp-content\/uploads\/2017\/09\/Notter-22.jpg\"><img decoding=\"async\" width=\"500\" height=\"333\" src=\"https:\/\/www.bouwimpex.nl\/wp-content\/uploads\/2017\/09\/Notter-22-500x333.jpg\" class=\"\" alt=\"Bouwplast-Plus FR feuerbest\u00e4ndige Kunststoff Platten\" data-caption=\"\" data-src=\"https:\/\/www.bouwimpex.nl\/wp-content\/uploads\/2017\/09\/Notter-22.jpg\" data-large_image=\"https:\/\/www.bouwimpex.nl\/wp-content\/uploads\/2017\/09\/Notter-22.jpg\" data-large_image_width=\"1000\" data-large_image_height=\"665\" srcset=\"https:\/\/www.bouwimpex.nl\/wp-content\/uploads\/2017\/09\/Notter-22-200x133.jpg 200w, https:\/\/www.bouwimpex.nl\/wp-content\/uploads\/2017\/09\/Notter-22-400x266.jpg 400w, https:\/\/www.bouwimpex.nl\/wp-content\/uploads\/2017\/09\/Notter-22-500x333.jpg 500w, https:\/\/www.bouwimpex.nl\/wp-content\/uploads\/2017\/09\/Notter-22-600x399.jpg 600w, https:\/\/www.bouwimpex.nl\/wp-content\/uploads\/2017\/09\/Notter-22-768x511.jpg 768w, https:\/\/www.bouwimpex.nl\/wp-content\/uploads\/2017\/09\/Notter-22-800x532.jpg 800w, https:\/\/www.bouwimpex.nl\/wp-content\/uploads\/2017\/09\/Notter-22.jpg 1000w\" sizes=\"(max-width: 500px) 100vw, 500px\" \/><\/a><\/div><div data-thumb=\"https:\/\/www.bouwimpex.nl\/wp-content\/uploads\/2017\/09\/bouwplast_brandwerende_panelen-1-100x100.jpg\" data-thumb-alt=\"Bouwplast-Plus FR feuerbest\u00e4ndige Kunststoff Platten\" data-thumb-srcset=\"https:\/\/www.bouwimpex.nl\/wp-content\/uploads\/2017\/09\/bouwplast_brandwerende_panelen-1-66x66.jpg 66w, https:\/\/www.bouwimpex.nl\/wp-content\/uploads\/2017\/09\/bouwplast_brandwerende_panelen-1-100x100.jpg 100w, https:\/\/www.bouwimpex.nl\/wp-content\/uploads\/2017\/09\/bouwplast_brandwerende_panelen-1-150x150.jpg 150w\"  data-thumb-sizes=\"(max-width: 100px) 100vw, 100px\" class=\"woocommerce-product-gallery__image\"><a href=\"https:\/\/www.bouwimpex.nl\/wp-content\/uploads\/2017\/09\/bouwplast_brandwerende_panelen-1.jpg\"><img decoding=\"async\" width=\"500\" height=\"334\" src=\"https:\/\/www.bouwimpex.nl\/wp-content\/uploads\/2017\/09\/bouwplast_brandwerende_panelen-1-500x334.jpg\" class=\"\" alt=\"Bouwplast-Plus FR feuerbest\u00e4ndige Kunststoff Platten\" data-caption=\"\" data-src=\"https:\/\/www.bouwimpex.nl\/wp-content\/uploads\/2017\/09\/bouwplast_brandwerende_panelen-1.jpg\" data-large_image=\"https:\/\/www.bouwimpex.nl\/wp-content\/uploads\/2017\/09\/bouwplast_brandwerende_panelen-1.jpg\" data-large_image_width=\"1000\" data-large_image_height=\"667\" srcset=\"https:\/\/www.bouwimpex.nl\/wp-content\/uploads\/2017\/09\/bouwplast_brandwerende_panelen-1-200x133.jpg 200w, https:\/\/www.bouwimpex.nl\/wp-content\/uploads\/2017\/09\/bouwplast_brandwerende_panelen-1-400x267.jpg 400w, https:\/\/www.bouwimpex.nl\/wp-content\/uploads\/2017\/09\/bouwplast_brandwerende_panelen-1-500x334.jpg 500w, https:\/\/www.bouwimpex.nl\/wp-content\/uploads\/2017\/09\/bouwplast_brandwerende_panelen-1-600x400.jpg 600w, https:\/\/www.bouwimpex.nl\/wp-content\/uploads\/2017\/09\/bouwplast_brandwerende_panelen-1-768x512.jpg 768w, https:\/\/www.bouwimpex.nl\/wp-content\/uploads\/2017\/09\/bouwplast_brandwerende_panelen-1-800x534.jpg 800w, https:\/\/www.bouwimpex.nl\/wp-content\/uploads\/2017\/09\/bouwplast_brandwerende_panelen-1.jpg 1000w\" sizes=\"(max-width: 500px) 100vw, 500px\" \/><\/a><\/div><div data-thumb=\"https:\/\/www.bouwimpex.nl\/wp-content\/uploads\/2017\/09\/bouwplast_brandwerende_panelen_2-100x100.jpg\" data-thumb-alt=\"Bouwplast-Plus FR feuerbest\u00e4ndige Kunststoff Platten\" data-thumb-srcset=\"https:\/\/www.bouwimpex.nl\/wp-content\/uploads\/2017\/09\/bouwplast_brandwerende_panelen_2-66x66.jpg 66w, https:\/\/www.bouwimpex.nl\/wp-content\/uploads\/2017\/09\/bouwplast_brandwerende_panelen_2-100x100.jpg 100w, https:\/\/www.bouwimpex.nl\/wp-content\/uploads\/2017\/09\/bouwplast_brandwerende_panelen_2-150x150.jpg 150w\"  data-thumb-sizes=\"(max-width: 100px) 100vw, 100px\" class=\"woocommerce-product-gallery__image\"><a href=\"https:\/\/www.bouwimpex.nl\/wp-content\/uploads\/2017\/09\/bouwplast_brandwerende_panelen_2.jpg\"><img decoding=\"async\" width=\"500\" height=\"334\" src=\"https:\/\/www.bouwimpex.nl\/wp-content\/uploads\/2017\/09\/bouwplast_brandwerende_panelen_2-500x334.jpg\" class=\"\" alt=\"Bouwplast-Plus FR feuerbest\u00e4ndige Kunststoff Platten\" data-caption=\"\" data-src=\"https:\/\/www.bouwimpex.nl\/wp-content\/uploads\/2017\/09\/bouwplast_brandwerende_panelen_2.jpg\" data-large_image=\"https:\/\/www.bouwimpex.nl\/wp-content\/uploads\/2017\/09\/bouwplast_brandwerende_panelen_2.jpg\" data-large_image_width=\"1000\" data-large_image_height=\"667\" srcset=\"https:\/\/www.bouwimpex.nl\/wp-content\/uploads\/2017\/09\/bouwplast_brandwerende_panelen_2-200x133.jpg 200w, https:\/\/www.bouwimpex.nl\/wp-content\/uploads\/2017\/09\/bouwplast_brandwerende_panelen_2-400x267.jpg 400w, https:\/\/www.bouwimpex.nl\/wp-content\/uploads\/2017\/09\/bouwplast_brandwerende_panelen_2-500x334.jpg 500w, https:\/\/www.bouwimpex.nl\/wp-content\/uploads\/2017\/09\/bouwplast_brandwerende_panelen_2-600x400.jpg 600w, https:\/\/www.bouwimpex.nl\/wp-content\/uploads\/2017\/09\/bouwplast_brandwerende_panelen_2-768x512.jpg 768w, https:\/\/www.bouwimpex.nl\/wp-content\/uploads\/2017\/09\/bouwplast_brandwerende_panelen_2-800x534.jpg 800w, https:\/\/www.bouwimpex.nl\/wp-content\/uploads\/2017\/09\/bouwplast_brandwerende_panelen_2.jpg 1000w\" sizes=\"(max-width: 500px) 100vw, 500px\" \/><\/a><\/div>\n<\/div><\/div><\/div><\/div><\/div><div class=\"fusion-clearfix\"><\/div><\/div><\/div><\/div><\/div>\n","protected":false},"excerpt":{"rendered":"","protected":false},"featured_media":5096,"comment_status":"closed","ping_status":"closed","template":"","meta":{"content-type":""},"product_brand":[],"product_cat":[169,168],"product_tag":[],"class_list":{"0":"post-3573","1":"product","2":"type-product","3":"status-publish","4":"has-post-thumbnail","6":"product_cat-brandwerende-bouwproducten-de","7":"product_cat-kunststof-wand-en-plafondpanelen-de","9":"first","10":"instock","11":"taxable","12":"shipping-taxable","13":"product-type-simple"},"_links":{"self":[{"href":"https:\/\/www.bouwimpex.nl\/de\/wp-json\/wp\/v2\/product\/3573","targetHints":{"allow":["GET"]}}],"collection":[{"href":"https:\/\/www.bouwimpex.nl\/de\/wp-json\/wp\/v2\/product"}],"about":[{"href":"https:\/\/www.bouwimpex.nl\/de\/wp-json\/wp\/v2\/types\/product"}],"replies":[{"embeddable":true,"href":"https:\/\/www.bouwimpex.nl\/de\/wp-json\/wp\/v2\/comments?post=3573"}],"wp:featuredmedia":[{"embeddable":true,"href":"https:\/\/www.bouwimpex.nl\/de\/wp-json\/wp\/v2\/media\/5096"}],"wp:attachment":[{"href":"https:\/\/www.bouwimpex.nl\/de\/wp-json\/wp\/v2\/media?parent=3573"}],"wp:term":[{"taxonomy":"product_brand","embeddable":true,"href":"https:\/\/www.bouwimpex.nl\/de\/wp-json\/wp\/v2\/product_brand?post=3573"},{"taxonomy":"product_cat","embeddable":true,"href":"https:\/\/www.bouwimpex.nl\/de\/wp-json\/wp\/v2\/product_cat?post=3573"},{"taxonomy":"product_tag","embeddable":true,"href":"https:\/\/www.bouwimpex.nl\/de\/wp-json\/wp\/v2\/product_tag?post=3573"}],"curies":[{"name":"wp","href":"https:\/\/api.w.org\/{rel}","templated":true}]}}