{"id":3558,"date":"2017-09-26T08:56:56","date_gmt":"2017-09-26T08:56:56","guid":{"rendered":"http:\/\/www.bouwimpex.skyberatedev.nl\/product\/bouwplast-hp-v-platten\/"},"modified":"2020-11-05T13:58:03","modified_gmt":"2020-11-05T13:58:03","slug":"bouwplast-hp-v-platten","status":"publish","type":"product","link":"https:\/\/www.bouwimpex.nl\/de\/produkt\/bouwplast-hp-v-platten\/","title":{"rendered":"Bouwplast HP-V Platten"},"content":{"rendered":"<div class=\"fusion-fullwidth fullwidth-box fusion-builder-row-1 nonhundred-percent-fullwidth non-hundred-percent-height-scrolling\" style=\"--awb-border-radius-top-left:0px;--awb-border-radius-top-right:0px;--awb-border-radius-bottom-right:0px;--awb-border-radius-bottom-left:0px;--awb-padding-top:20px;--awb-padding-bottom:20px;--awb-flex-wrap:wrap;\" ><div class=\"fusion-builder-row fusion-row\"><div class=\"fusion-layout-column fusion_builder_column fusion-builder-column-0 fusion_builder_column_1_1 1_1 fusion-one-full fusion-column-first fusion-column-last\" style=\"--awb-bg-size:cover;\"><div class=\"fusion-column-wrapper fusion-flex-column-wrapper-legacy\"><div class=\"fusion-title title fusion-title-1 fusion-sep-none fusion-title-text fusion-title-size-two\" style=\"--awb-margin-bottom:20px;\"><h2 class=\"fusion-title-heading title-heading-left\" style=\"margin:0;\">Bouwplast HP-V Platten<\/h2><\/div><div class=\"fusion-text fusion-text-1\"><p>Bouwplast HP-V Platten sind einzigartig in ihrer Art und Anwendung und ideal zur Realisierung von Buchtenabtrennungen in St\u00e4llen, insbesondere Schweinest\u00e4llen. Diese hygienischen Platten werden aus schlagfestem Hart-PVC hergestellt und haben eine glatte Ober- und Unterseite. Dadurch wird eine gute Abdichtung auf dem Boden erreicht und Zugluft auf ein Minimum reduziert. Dies ist wichtig f\u00fcr eine gute Bel\u00fcftung des Futtergangs.<\/p>\n<\/div><div class=\"fusion-clearfix\"><\/div><\/div><\/div><div class=\"fusion-layout-column fusion_builder_column fusion-builder-column-1 fusion_builder_column_1_3 1_3 fusion-one-third fusion-column-first\" style=\"--awb-bg-size:cover;width:33.333333333333%;width:calc(33.333333333333% - ( ( 4% + 4% ) * 0.33333333333333 ) );margin-right: 4%;\"><div class=\"fusion-column-wrapper fusion-flex-column-wrapper-legacy\"><ul style=\"--awb-size:13px;--awb-line-height:22.1px;--awb-icon-width:22.1px;--awb-icon-height:22.1px;--awb-icon-margin:9.1px;--awb-content-margin:31.2px;--awb-circlecolor:#e43231;--awb-circle-yes-font-size:11.44px;\" class=\"fusion-checklist fusion-checklist-1 fusion-checklist-default type-icons\"><li class=\"fusion-li-item\" style=\"\"><span class=\"icon-wrapper circle-yes\"><i class=\"fusion-li-icon fa fa-check\" aria-hidden=\"true\"><\/i><\/span><div class=\"fusion-li-item-content\">\n<p>Glatte Ober- und Unterseite<\/p>\n<\/div><\/li><li class=\"fusion-li-item\" style=\"\"><span class=\"icon-wrapper circle-yes\"><i class=\"fusion-li-icon fa fa-check\" aria-hidden=\"true\"><\/i><\/span><div class=\"fusion-li-item-content\">\n<p>Ideal f\u00fcr Buchtenabtrennungen<\/p>\n<\/div><\/li><li class=\"fusion-li-item\" style=\"\"><span class=\"icon-wrapper circle-yes\"><i class=\"fusion-li-icon fa fa-check\" aria-hidden=\"true\"><\/i><\/span><div class=\"fusion-li-item-content\">\n<p>Besonders glatte Oberfl\u00e4che<\/p>\n<\/div><\/li><\/ul><div class=\"fusion-clearfix\"><\/div><\/div><\/div><div class=\"fusion-layout-column fusion_builder_column fusion-builder-column-2 fusion_builder_column_1_3 1_3 fusion-one-third\" style=\"--awb-bg-size:cover;width:33.333333333333%;width:calc(33.333333333333% - ( ( 4% + 4% ) * 0.33333333333333 ) );margin-right: 4%;\"><div class=\"fusion-column-wrapper fusion-flex-column-wrapper-legacy\"><ul style=\"--awb-size:13px;--awb-line-height:22.1px;--awb-icon-width:22.1px;--awb-icon-height:22.1px;--awb-icon-margin:9.1px;--awb-content-margin:31.2px;--awb-circlecolor:#e43231;--awb-circle-yes-font-size:11.44px;\" class=\"fusion-checklist fusion-checklist-2 fusion-checklist-default type-icons\"><li class=\"fusion-li-item\" style=\"\"><span class=\"icon-wrapper circle-yes\"><i class=\"fusion-li-icon fa fa-check\" aria-hidden=\"true\"><\/i><\/span><div class=\"fusion-li-item-content\">\n<p>Leicht zu reinigen<\/p>\n<\/div><\/li><li class=\"fusion-li-item\" style=\"\"><span class=\"icon-wrapper circle-yes\"><i class=\"fusion-li-icon fa fa-check\" aria-hidden=\"true\"><\/i><\/span><div class=\"fusion-li-item-content\">Gegen Ammoniak und Desinfektionsmittel best\u00e4ndig<\/div><\/li><\/ul><div class=\"fusion-clearfix\"><\/div><\/div><\/div><div class=\"fusion-layout-column fusion_builder_column fusion-builder-column-3 fusion_builder_column_1_3 1_3 fusion-one-third fusion-column-last\" style=\"--awb-bg-size:cover;width:33.333333333333%;width:calc(33.333333333333% - ( ( 4% + 4% ) * 0.33333333333333 ) );\"><div class=\"fusion-column-wrapper fusion-flex-column-wrapper-legacy\"><div class=\"fusion-content-boxes content-boxes columns row fusion-columns-1 fusion-columns-total-1 fusion-content-boxes-1 content-boxes-icon-on-side content-left\" style=\"--awb-hover-accent-color:#e43231;--awb-circle-hover-accent-color:#e43231;--awb-item-margin-bottom:40px;\" data-animationOffset=\"top-into-view\"><div style=\"--awb-backgroundcolor:rgba(255,255,255,0);--awb-content-padding-left:42px;\" class=\"fusion-column content-box-column content-box-column content-box-column-1 col-lg-12 col-md-12 col-sm-12 fusion-content-box-hover content-box-column-last content-box-column-last-in-row\"><div class=\"col content-box-wrapper content-wrapper link-area-box link-type-text icon-hover-animation-fade\" data-link=\"https:\/\/www.bouwimpex.nl\/wp-content\/uploads\/2020\/11\/Broschure_Bouwplast_Kunststoffplatten.pdf#page=10\" data-link-target=\"_self\" data-animationOffset=\"top-into-view\"><div class=\"heading heading-with-icon icon-left\"><a class=\"heading-link\" href=\"https:\/\/www.bouwimpex.nl\/wp-content\/uploads\/2020\/11\/Broschure_Bouwplast_Kunststoffplatten.pdf#page=10\" target=\"_self\"><div class=\"icon\"><i style=\"border-color:#36383e;border-width:1px;background-color:#36383e;box-sizing:content-box;height:20px;width:20px;line-height:20px;border-radius:50%;font-size:10px;\" aria-hidden=\"true\" class=\"fontawesome-icon fa-file-pdf far circle-yes\"><\/i><\/div><h2 class=\"content-box-heading\" style=\"--h2_typography-font-size:18px;line-height:23px;padding-left:42px;\">Brosch\u00fcre<\/h2><\/a><\/div><div class=\"fusion-clearfix\"><\/div><a class=\" fusion-read-more\" style=\"margin-left:42px;\" href=\"https:\/\/www.bouwimpex.nl\/wp-content\/uploads\/2020\/11\/Broschure_Bouwplast_Kunststoffplatten.pdf#page=10\" target=\"_self\">Download pdf<\/a><div class=\"fusion-clearfix\"><\/div><\/div><\/div><div class=\"fusion-clearfix\"><\/div><\/div><div class=\"fusion-button-wrapper\"><a class=\"fusion-button button-flat fusion-button-default-size button-default fusion-button-default button-1 fusion-button-default-span fusion-button-default-type\" target=\"_self\" href=\"https:\/\/www.bouwimpex.nl\/de\/angebot-anfordern\/\"><span class=\"fusion-button-text\">Angebot anfordern<\/span><\/a><\/div><div class=\"fusion-clearfix\"><\/div><\/div><\/div><div class=\"fusion-layout-column fusion_builder_column fusion-builder-column-4 fusion_builder_column_1_1 1_1 fusion-one-full fusion-column-first fusion-column-last\" style=\"--awb-bg-size:cover;\"><div class=\"fusion-column-wrapper fusion-flex-column-wrapper-legacy\"><div class=\"accordian fusion-accordian productleesmeer\" style=\"--awb-border-size:1px;--awb-icon-size:13px;--awb-content-font-size:13px;--awb-icon-alignment:left;--awb-hover-color:#f9f9f9;--awb-border-color:#cccccc;--awb-background-color:#ffffff;--awb-divider-color:#e0dede;--awb-divider-hover-color:#e0dede;--awb-icon-color:#ffffff;--awb-title-color:#36383E;--awb-content-color:#36383E;--awb-icon-box-color:#36383E;--awb-toggle-hover-accent-color:#e43231;--awb-title-font-family:&quot;Work Sans&quot;;--awb-title-font-weight:400;--awb-title-font-style:normal;--awb-title-font-size:13px;--awb-title-line-height:1.5;--awb-content-font-family:&quot;Work Sans&quot;;--awb-content-font-style:normal;--awb-content-font-weight:400;\"><div class=\"panel-group fusion-toggle-icon-boxed\" id=\"accordion-3558-1\"><div class=\"fusion-panel panel-default panel-c2df1adc8b3846762 fusion-toggle-has-divider\"><div class=\"panel-heading\"><h4 class=\"panel-title toggle\" id=\"toggle_c2df1adc8b3846762\"><a aria-expanded=\"false\" aria-controls=\"c2df1adc8b3846762\" role=\"button\" data-toggle=\"collapse\" data-parent=\"#accordion-3558-1\" data-target=\"#c2df1adc8b3846762\" href=\"#c2df1adc8b3846762\"><span class=\"fusion-toggle-icon-wrapper\" aria-hidden=\"true\"><i class=\"fa-fusion-box active-icon awb-icon-minus\" aria-hidden=\"true\"><\/i><i class=\"fa-fusion-box inactive-icon awb-icon-plus\" aria-hidden=\"true\"><\/i><\/span><span class=\"fusion-toggle-heading\">Weiterlesen<\/span><\/a><\/h4><\/div><div id=\"c2df1adc8b3846762\" class=\"panel-collapse collapse \" aria-labelledby=\"toggle_c2df1adc8b3846762\"><div class=\"panel-body toggle-content fusion-clearfix\">Die Bouwplast-HP-V Serie ist in 5 verschiedenen Plattenh\u00f6hen (500, 600, 750, 850 und 1000 mm) erh\u00e4ltlich und somit ideal f\u00fcr den Gebrauch in den Ferkelbuchten, da alle g\u00e4ngigen Buchtenabtrennungsh\u00f6hen einfach zu realisieren sind.<\/p>\n<p>Durch die M\u00f6glichkeit, die Paneele nach Projektgr\u00f6\u00dfe zu bestellen, wird der Restm\u00fcll auf ein Minimum reduziert. F\u00fcr ein absolut hygienisches Endergebnis stehen auch perfekt abgestimmte Abdeckungen zur Verf\u00fcgung, um die Kopfkanten sauber zu verarbeiten.<\/p>\n<div data-thumb=\"https:\/\/www.bouwimpex.nl\/wp-content\/uploads\/2018\/01\/Bouwplast-HP-V-paneel-100x100.jpg\" data-thumb-alt=\"Bouwplast_HP-V_Platten_f\u00fcr_Buchtenabtrennungen\" data-thumb-srcset=\"https:\/\/www.bouwimpex.nl\/wp-content\/uploads\/2018\/01\/Bouwplast-HP-V-paneel-66x66.jpg 66w, https:\/\/www.bouwimpex.nl\/wp-content\/uploads\/2018\/01\/Bouwplast-HP-V-paneel-100x100.jpg 100w, https:\/\/www.bouwimpex.nl\/wp-content\/uploads\/2018\/01\/Bouwplast-HP-V-paneel-150x150.jpg 150w\"  data-thumb-sizes=\"(max-width: 100px) 100vw, 100px\" class=\"woocommerce-product-gallery__image\"><a href=\"https:\/\/www.bouwimpex.nl\/wp-content\/uploads\/2018\/01\/Bouwplast-HP-V-paneel.jpg\"><img decoding=\"async\" width=\"500\" height=\"334\" src=\"https:\/\/www.bouwimpex.nl\/wp-content\/uploads\/2018\/01\/Bouwplast-HP-V-paneel-500x334.jpg\" class=\"\" alt=\"Bouwplast_HP-V_Platten_f\u00fcr_Buchtenabtrennungen\" data-caption=\"\" data-src=\"https:\/\/www.bouwimpex.nl\/wp-content\/uploads\/2018\/01\/Bouwplast-HP-V-paneel.jpg\" data-large_image=\"https:\/\/www.bouwimpex.nl\/wp-content\/uploads\/2018\/01\/Bouwplast-HP-V-paneel.jpg\" data-large_image_width=\"1000\" data-large_image_height=\"667\" srcset=\"https:\/\/www.bouwimpex.nl\/wp-content\/uploads\/2018\/01\/Bouwplast-HP-V-paneel-200x133.jpg 200w, https:\/\/www.bouwimpex.nl\/wp-content\/uploads\/2018\/01\/Bouwplast-HP-V-paneel-400x267.jpg 400w, https:\/\/www.bouwimpex.nl\/wp-content\/uploads\/2018\/01\/Bouwplast-HP-V-paneel-500x334.jpg 500w, https:\/\/www.bouwimpex.nl\/wp-content\/uploads\/2018\/01\/Bouwplast-HP-V-paneel-600x400.jpg 600w, https:\/\/www.bouwimpex.nl\/wp-content\/uploads\/2018\/01\/Bouwplast-HP-V-paneel-768x512.jpg 768w, https:\/\/www.bouwimpex.nl\/wp-content\/uploads\/2018\/01\/Bouwplast-HP-V-paneel-800x534.jpg 800w, https:\/\/www.bouwimpex.nl\/wp-content\/uploads\/2018\/01\/Bouwplast-HP-V-paneel.jpg 1000w\" sizes=\"(max-width: 500px) 100vw, 500px\" \/><\/a><\/div><div data-thumb=\"https:\/\/www.bouwimpex.nl\/wp-content\/uploads\/2017\/09\/hp_v_paneel_hokafscheiding-100x100.jpg\" data-thumb-alt=\"Bouwplast_HP-V_Platten_f\u00fcr_Buchtenabtrennungen\" data-thumb-srcset=\"https:\/\/www.bouwimpex.nl\/wp-content\/uploads\/2017\/09\/hp_v_paneel_hokafscheiding-66x66.jpg 66w, https:\/\/www.bouwimpex.nl\/wp-content\/uploads\/2017\/09\/hp_v_paneel_hokafscheiding-100x100.jpg 100w, https:\/\/www.bouwimpex.nl\/wp-content\/uploads\/2017\/09\/hp_v_paneel_hokafscheiding-150x150.jpg 150w\"  data-thumb-sizes=\"(max-width: 100px) 100vw, 100px\" class=\"woocommerce-product-gallery__image\"><a href=\"https:\/\/www.bouwimpex.nl\/wp-content\/uploads\/2017\/09\/hp_v_paneel_hokafscheiding.jpg\"><img decoding=\"async\" width=\"500\" height=\"334\" src=\"https:\/\/www.bouwimpex.nl\/wp-content\/uploads\/2017\/09\/hp_v_paneel_hokafscheiding-500x334.jpg\" class=\"\" alt=\"Bouwplast_HP-V_Platten_f\u00fcr_Buchtenabtrennungen\" data-caption=\"\" data-src=\"https:\/\/www.bouwimpex.nl\/wp-content\/uploads\/2017\/09\/hp_v_paneel_hokafscheiding.jpg\" data-large_image=\"https:\/\/www.bouwimpex.nl\/wp-content\/uploads\/2017\/09\/hp_v_paneel_hokafscheiding.jpg\" data-large_image_width=\"1000\" data-large_image_height=\"667\" srcset=\"https:\/\/www.bouwimpex.nl\/wp-content\/uploads\/2017\/09\/hp_v_paneel_hokafscheiding-200x133.jpg 200w, https:\/\/www.bouwimpex.nl\/wp-content\/uploads\/2017\/09\/hp_v_paneel_hokafscheiding-400x267.jpg 400w, https:\/\/www.bouwimpex.nl\/wp-content\/uploads\/2017\/09\/hp_v_paneel_hokafscheiding-500x334.jpg 500w, https:\/\/www.bouwimpex.nl\/wp-content\/uploads\/2017\/09\/hp_v_paneel_hokafscheiding-600x400.jpg 600w, https:\/\/www.bouwimpex.nl\/wp-content\/uploads\/2017\/09\/hp_v_paneel_hokafscheiding-768x512.jpg 768w, https:\/\/www.bouwimpex.nl\/wp-content\/uploads\/2017\/09\/hp_v_paneel_hokafscheiding-800x534.jpg 800w, https:\/\/www.bouwimpex.nl\/wp-content\/uploads\/2017\/09\/hp_v_paneel_hokafscheiding.jpg 1000w\" sizes=\"(max-width: 500px) 100vw, 500px\" \/><\/a><\/div><div data-thumb=\"https:\/\/www.bouwimpex.nl\/wp-content\/uploads\/2017\/09\/hp_v_paneel_hokafscheiding3-100x100.jpg\" data-thumb-alt=\"Bouwplast_HP-V_Platten_f\u00fcr_Buchtenabtrennungen\" data-thumb-srcset=\"https:\/\/www.bouwimpex.nl\/wp-content\/uploads\/2017\/09\/hp_v_paneel_hokafscheiding3-66x66.jpg 66w, https:\/\/www.bouwimpex.nl\/wp-content\/uploads\/2017\/09\/hp_v_paneel_hokafscheiding3-100x100.jpg 100w, https:\/\/www.bouwimpex.nl\/wp-content\/uploads\/2017\/09\/hp_v_paneel_hokafscheiding3-150x150.jpg 150w\"  data-thumb-sizes=\"(max-width: 100px) 100vw, 100px\" class=\"woocommerce-product-gallery__image\"><a href=\"https:\/\/www.bouwimpex.nl\/wp-content\/uploads\/2017\/09\/hp_v_paneel_hokafscheiding3.jpg\"><img decoding=\"async\" width=\"500\" height=\"334\" src=\"https:\/\/www.bouwimpex.nl\/wp-content\/uploads\/2017\/09\/hp_v_paneel_hokafscheiding3-500x334.jpg\" class=\"\" alt=\"Bouwplast_HP-V_Platten_f\u00fcr_Buchtenabtrennungen\" data-caption=\"\" data-src=\"https:\/\/www.bouwimpex.nl\/wp-content\/uploads\/2017\/09\/hp_v_paneel_hokafscheiding3.jpg\" data-large_image=\"https:\/\/www.bouwimpex.nl\/wp-content\/uploads\/2017\/09\/hp_v_paneel_hokafscheiding3.jpg\" data-large_image_width=\"1000\" data-large_image_height=\"667\" srcset=\"https:\/\/www.bouwimpex.nl\/wp-content\/uploads\/2017\/09\/hp_v_paneel_hokafscheiding3-200x133.jpg 200w, https:\/\/www.bouwimpex.nl\/wp-content\/uploads\/2017\/09\/hp_v_paneel_hokafscheiding3-400x267.jpg 400w, https:\/\/www.bouwimpex.nl\/wp-content\/uploads\/2017\/09\/hp_v_paneel_hokafscheiding3-500x334.jpg 500w, https:\/\/www.bouwimpex.nl\/wp-content\/uploads\/2017\/09\/hp_v_paneel_hokafscheiding3-600x400.jpg 600w, https:\/\/www.bouwimpex.nl\/wp-content\/uploads\/2017\/09\/hp_v_paneel_hokafscheiding3-768x512.jpg 768w, https:\/\/www.bouwimpex.nl\/wp-content\/uploads\/2017\/09\/hp_v_paneel_hokafscheiding3-800x534.jpg 800w, https:\/\/www.bouwimpex.nl\/wp-content\/uploads\/2017\/09\/hp_v_paneel_hokafscheiding3.jpg 1000w\" sizes=\"(max-width: 500px) 100vw, 500px\" \/><\/a><\/div><div data-thumb=\"https:\/\/www.bouwimpex.nl\/wp-content\/uploads\/2017\/09\/hp_v_paneel_hokafscheiding4-100x100.jpg\" data-thumb-alt=\"Bouwplast_HP-V_Platten_f\u00fcr_Buchtenabtrennungen\" data-thumb-srcset=\"https:\/\/www.bouwimpex.nl\/wp-content\/uploads\/2017\/09\/hp_v_paneel_hokafscheiding4-66x66.jpg 66w, https:\/\/www.bouwimpex.nl\/wp-content\/uploads\/2017\/09\/hp_v_paneel_hokafscheiding4-100x100.jpg 100w, https:\/\/www.bouwimpex.nl\/wp-content\/uploads\/2017\/09\/hp_v_paneel_hokafscheiding4-150x150.jpg 150w\"  data-thumb-sizes=\"(max-width: 100px) 100vw, 100px\" class=\"woocommerce-product-gallery__image\"><a href=\"https:\/\/www.bouwimpex.nl\/wp-content\/uploads\/2017\/09\/hp_v_paneel_hokafscheiding4.jpg\"><img decoding=\"async\" width=\"500\" height=\"334\" src=\"https:\/\/www.bouwimpex.nl\/wp-content\/uploads\/2017\/09\/hp_v_paneel_hokafscheiding4-500x334.jpg\" class=\"\" alt=\"Bouwplast_HP-V_Platten_f\u00fcr_Buchtenabtrennungen\" data-caption=\"\" data-src=\"https:\/\/www.bouwimpex.nl\/wp-content\/uploads\/2017\/09\/hp_v_paneel_hokafscheiding4.jpg\" data-large_image=\"https:\/\/www.bouwimpex.nl\/wp-content\/uploads\/2017\/09\/hp_v_paneel_hokafscheiding4.jpg\" data-large_image_width=\"1000\" data-large_image_height=\"667\" srcset=\"https:\/\/www.bouwimpex.nl\/wp-content\/uploads\/2017\/09\/hp_v_paneel_hokafscheiding4-200x133.jpg 200w, https:\/\/www.bouwimpex.nl\/wp-content\/uploads\/2017\/09\/hp_v_paneel_hokafscheiding4-400x267.jpg 400w, https:\/\/www.bouwimpex.nl\/wp-content\/uploads\/2017\/09\/hp_v_paneel_hokafscheiding4-500x334.jpg 500w, https:\/\/www.bouwimpex.nl\/wp-content\/uploads\/2017\/09\/hp_v_paneel_hokafscheiding4-600x400.jpg 600w, https:\/\/www.bouwimpex.nl\/wp-content\/uploads\/2017\/09\/hp_v_paneel_hokafscheiding4-768x512.jpg 768w, https:\/\/www.bouwimpex.nl\/wp-content\/uploads\/2017\/09\/hp_v_paneel_hokafscheiding4-800x534.jpg 800w, https:\/\/www.bouwimpex.nl\/wp-content\/uploads\/2017\/09\/hp_v_paneel_hokafscheiding4.jpg 1000w\" sizes=\"(max-width: 500px) 100vw, 500px\" \/><\/a><\/div><div data-thumb=\"https:\/\/www.bouwimpex.nl\/wp-content\/uploads\/2017\/09\/hp_v_paneel_hokafscheiding-1-100x100.jpg\" data-thumb-alt=\"Bouwplast_HP-V_Platten_f\u00fcr_Buchtenabtrennungen\" data-thumb-srcset=\"https:\/\/www.bouwimpex.nl\/wp-content\/uploads\/2017\/09\/hp_v_paneel_hokafscheiding-1-66x66.jpg 66w, https:\/\/www.bouwimpex.nl\/wp-content\/uploads\/2017\/09\/hp_v_paneel_hokafscheiding-1-100x100.jpg 100w, https:\/\/www.bouwimpex.nl\/wp-content\/uploads\/2017\/09\/hp_v_paneel_hokafscheiding-1-150x150.jpg 150w\"  data-thumb-sizes=\"(max-width: 100px) 100vw, 100px\" class=\"woocommerce-product-gallery__image\"><a href=\"https:\/\/www.bouwimpex.nl\/wp-content\/uploads\/2017\/09\/hp_v_paneel_hokafscheiding-1.jpg\"><img decoding=\"async\" width=\"500\" height=\"667\" src=\"https:\/\/www.bouwimpex.nl\/wp-content\/uploads\/2017\/09\/hp_v_paneel_hokafscheiding-1-500x667.jpg\" class=\"\" alt=\"Bouwplast_HP-V_Platten_f\u00fcr_Buchtenabtrennungen\" data-caption=\"\" data-src=\"https:\/\/www.bouwimpex.nl\/wp-content\/uploads\/2017\/09\/hp_v_paneel_hokafscheiding-1.jpg\" data-large_image=\"https:\/\/www.bouwimpex.nl\/wp-content\/uploads\/2017\/09\/hp_v_paneel_hokafscheiding-1.jpg\" data-large_image_width=\"500\" data-large_image_height=\"667\" srcset=\"https:\/\/www.bouwimpex.nl\/wp-content\/uploads\/2017\/09\/hp_v_paneel_hokafscheiding-1-200x267.jpg 200w, https:\/\/www.bouwimpex.nl\/wp-content\/uploads\/2017\/09\/hp_v_paneel_hokafscheiding-1-375x500.jpg 375w, https:\/\/www.bouwimpex.nl\/wp-content\/uploads\/2017\/09\/hp_v_paneel_hokafscheiding-1-400x534.jpg 400w, https:\/\/www.bouwimpex.nl\/wp-content\/uploads\/2017\/09\/hp_v_paneel_hokafscheiding-1.jpg 500w\" sizes=\"(max-width: 500px) 100vw, 500px\" \/><\/a><\/div><div data-thumb=\"https:\/\/www.bouwimpex.nl\/wp-content\/uploads\/2017\/09\/Bouwplast_panelen_hokafscheidingen-100x100.jpg\" data-thumb-alt=\"Bouwplast_HP-V_Platten_f\u00fcr_Buchtenabtrennungen\" data-thumb-srcset=\"https:\/\/www.bouwimpex.nl\/wp-content\/uploads\/2017\/09\/Bouwplast_panelen_hokafscheidingen-66x66.jpg 66w, https:\/\/www.bouwimpex.nl\/wp-content\/uploads\/2017\/09\/Bouwplast_panelen_hokafscheidingen-100x100.jpg 100w, https:\/\/www.bouwimpex.nl\/wp-content\/uploads\/2017\/09\/Bouwplast_panelen_hokafscheidingen-150x150.jpg 150w\"  data-thumb-sizes=\"(max-width: 100px) 100vw, 100px\" class=\"woocommerce-product-gallery__image\"><a href=\"https:\/\/www.bouwimpex.nl\/wp-content\/uploads\/2017\/09\/Bouwplast_panelen_hokafscheidingen.jpg\"><img decoding=\"async\" width=\"500\" height=\"334\" src=\"https:\/\/www.bouwimpex.nl\/wp-content\/uploads\/2017\/09\/Bouwplast_panelen_hokafscheidingen-500x334.jpg\" class=\"\" alt=\"Bouwplast_HP-V_Platten_f\u00fcr_Buchtenabtrennungen\" data-caption=\"\" data-src=\"https:\/\/www.bouwimpex.nl\/wp-content\/uploads\/2017\/09\/Bouwplast_panelen_hokafscheidingen.jpg\" data-large_image=\"https:\/\/www.bouwimpex.nl\/wp-content\/uploads\/2017\/09\/Bouwplast_panelen_hokafscheidingen.jpg\" data-large_image_width=\"1000\" data-large_image_height=\"667\" srcset=\"https:\/\/www.bouwimpex.nl\/wp-content\/uploads\/2017\/09\/Bouwplast_panelen_hokafscheidingen-200x133.jpg 200w, https:\/\/www.bouwimpex.nl\/wp-content\/uploads\/2017\/09\/Bouwplast_panelen_hokafscheidingen-400x267.jpg 400w, https:\/\/www.bouwimpex.nl\/wp-content\/uploads\/2017\/09\/Bouwplast_panelen_hokafscheidingen-500x334.jpg 500w, https:\/\/www.bouwimpex.nl\/wp-content\/uploads\/2017\/09\/Bouwplast_panelen_hokafscheidingen-600x400.jpg 600w, https:\/\/www.bouwimpex.nl\/wp-content\/uploads\/2017\/09\/Bouwplast_panelen_hokafscheidingen-768x512.jpg 768w, https:\/\/www.bouwimpex.nl\/wp-content\/uploads\/2017\/09\/Bouwplast_panelen_hokafscheidingen-800x534.jpg 800w, https:\/\/www.bouwimpex.nl\/wp-content\/uploads\/2017\/09\/Bouwplast_panelen_hokafscheidingen.jpg 1000w\" sizes=\"(max-width: 500px) 100vw, 500px\" \/><\/a><\/div><\/div><\/div><\/div><\/div><\/div><div class=\"fusion-clearfix\"><\/div><\/div><\/div><\/div><\/div>\n","protected":false},"excerpt":{"rendered":"","protected":false},"featured_media":2544,"comment_status":"closed","ping_status":"closed","template":"","meta":{"content-type":""},"product_brand":[],"product_cat":[168],"product_tag":[],"class_list":{"0":"post-3558","1":"product","2":"type-product","3":"status-publish","4":"has-post-thumbnail","6":"product_cat-kunststof-wand-en-plafondpanelen-de","8":"first","9":"instock","10":"taxable","11":"shipping-taxable","12":"product-type-simple"},"_links":{"self":[{"href":"https:\/\/www.bouwimpex.nl\/de\/wp-json\/wp\/v2\/product\/3558","targetHints":{"allow":["GET"]}}],"collection":[{"href":"https:\/\/www.bouwimpex.nl\/de\/wp-json\/wp\/v2\/product"}],"about":[{"href":"https:\/\/www.bouwimpex.nl\/de\/wp-json\/wp\/v2\/types\/product"}],"replies":[{"embeddable":true,"href":"https:\/\/www.bouwimpex.nl\/de\/wp-json\/wp\/v2\/comments?post=3558"}],"wp:featuredmedia":[{"embeddable":true,"href":"https:\/\/www.bouwimpex.nl\/de\/wp-json\/wp\/v2\/media\/2544"}],"wp:attachment":[{"href":"https:\/\/www.bouwimpex.nl\/de\/wp-json\/wp\/v2\/media?parent=3558"}],"wp:term":[{"taxonomy":"product_brand","embeddable":true,"href":"https:\/\/www.bouwimpex.nl\/de\/wp-json\/wp\/v2\/product_brand?post=3558"},{"taxonomy":"product_cat","embeddable":true,"href":"https:\/\/www.bouwimpex.nl\/de\/wp-json\/wp\/v2\/product_cat?post=3558"},{"taxonomy":"product_tag","embeddable":true,"href":"https:\/\/www.bouwimpex.nl\/de\/wp-json\/wp\/v2\/product_tag?post=3558"}],"curies":[{"name":"wp","href":"https:\/\/api.w.org\/{rel}","templated":true}]}}