{"id":3555,"date":"2018-02-05T12:45:16","date_gmt":"2018-02-05T12:45:16","guid":{"rendered":"http:\/\/www.bouwimpex.skyberatedev.nl\/product\/ubrige-bouwplast-platten\/"},"modified":"2020-11-05T13:57:02","modified_gmt":"2020-11-05T13:57:02","slug":"ubrige-bouwplast-platten","status":"publish","type":"product","link":"https:\/\/www.bouwimpex.nl\/de\/produkt\/ubrige-bouwplast-platten\/","title":{"rendered":"\u00dcbrige Bouwplast-Platten"},"content":{"rendered":"<div class=\"fusion-fullwidth fullwidth-box fusion-builder-row-1 nonhundred-percent-fullwidth non-hundred-percent-height-scrolling\" style=\"--awb-border-radius-top-left:0px;--awb-border-radius-top-right:0px;--awb-border-radius-bottom-right:0px;--awb-border-radius-bottom-left:0px;--awb-padding-top:20px;--awb-padding-bottom:20px;--awb-flex-wrap:wrap;\" ><div class=\"fusion-builder-row fusion-row\"><div class=\"fusion-layout-column fusion_builder_column fusion-builder-column-0 fusion_builder_column_1_1 1_1 fusion-one-full fusion-column-first fusion-column-last\" style=\"--awb-bg-size:cover;\"><div class=\"fusion-column-wrapper fusion-flex-column-wrapper-legacy\"><div class=\"fusion-title title fusion-title-1 fusion-sep-none fusion-title-text fusion-title-size-two\" style=\"--awb-margin-bottom:20px;\"><h2 class=\"fusion-title-heading title-heading-left\" style=\"margin:0;\">\u00dcbrige Bouwplast-Platten<\/h2><\/div><div class=\"fusion-text fusion-text-1\"><p>Neben den Bouwplast-Plus-Platten bietet Bouwimpex auch eine Reihe von alternativen Platten f\u00fcr verschiedene Anwendungen in landwirtschaftlichen Geb\u00e4uden an. Diese sind mit einem Stapelsystem, Schiebesystem und (Doppel-)Klicksystem erh\u00e4ltlich. Unsere Paneele sind ideal f\u00fcr die Realisierung von glatten, hygienischen W\u00e4nden und Decken in St\u00e4llen und Buchtenabtrennungen. Gerne informieren wir Sie dar\u00fcber, welche Platte am besten f\u00fcr Ihr Projekt geeignet ist.<\/p>\n<\/div><div class=\"fusion-clearfix\"><\/div><\/div><\/div><div class=\"fusion-layout-column fusion_builder_column fusion-builder-column-1 fusion_builder_column_1_3 1_3 fusion-one-third fusion-column-first\" style=\"--awb-bg-size:cover;width:33.333333333333%;width:calc(33.333333333333% - ( ( 4% + 4% ) * 0.33333333333333 ) );margin-right: 4%;\"><div class=\"fusion-column-wrapper fusion-flex-column-wrapper-legacy\"><ul style=\"--awb-size:13px;--awb-line-height:22.1px;--awb-icon-width:22.1px;--awb-icon-height:22.1px;--awb-icon-margin:9.1px;--awb-content-margin:31.2px;--awb-circlecolor:#e43231;--awb-circle-yes-font-size:11.44px;\" class=\"fusion-checklist fusion-checklist-1 fusion-checklist-default type-icons\"><li class=\"fusion-li-item\" style=\"\"><span class=\"icon-wrapper circle-yes\"><i class=\"fusion-li-icon fa fa-check\" aria-hidden=\"true\"><\/i><\/span><div class=\"fusion-li-item-content\">\n<p>Leicht zu reinigen<\/p>\n<\/div><\/li><li class=\"fusion-li-item\" style=\"\"><span class=\"icon-wrapper circle-yes\"><i class=\"fusion-li-icon fa fa-check\" aria-hidden=\"true\"><\/i><\/span><div class=\"fusion-li-item-content\">\n<p>Besonders glatte Oberfl\u00e4che<\/p>\n<\/div><\/li><li class=\"fusion-li-item\" style=\"\"><span class=\"icon-wrapper circle-yes\"><i class=\"fusion-li-icon fa fa-check\" aria-hidden=\"true\"><\/i><\/span><div class=\"fusion-li-item-content\">\n<p>Gegen Ammoniak und Desinfektionsmittel best\u00e4ndig<\/p>\n<\/div><\/li><\/ul><div class=\"fusion-clearfix\"><\/div><\/div><\/div><div class=\"fusion-layout-column fusion_builder_column fusion-builder-column-2 fusion_builder_column_1_3 1_3 fusion-one-third\" style=\"--awb-bg-size:cover;width:33.333333333333%;width:calc(33.333333333333% - ( ( 4% + 4% ) * 0.33333333333333 ) );margin-right: 4%;\"><div class=\"fusion-column-wrapper fusion-flex-column-wrapper-legacy\"><ul style=\"--awb-size:13px;--awb-line-height:22.1px;--awb-icon-width:22.1px;--awb-icon-height:22.1px;--awb-icon-margin:9.1px;--awb-content-margin:31.2px;--awb-circlecolor:#e43231;--awb-circle-yes-font-size:11.44px;\" class=\"fusion-checklist fusion-checklist-2 fusion-checklist-default type-icons\"><li class=\"fusion-li-item\" style=\"\"><span class=\"icon-wrapper circle-yes\"><i class=\"fusion-li-icon fa fa-check\" aria-hidden=\"true\"><\/i><\/span><div class=\"fusion-li-item-content\">\n<p>Einfache und schnelle Montage<\/p>\n<\/div><\/li><li class=\"fusion-li-item\" style=\"\"><span class=\"icon-wrapper circle-yes\"><i class=\"fusion-li-icon fa fa-check\" aria-hidden=\"true\"><\/i><\/span><div class=\"fusion-li-item-content\">\n<p>Diverse Systeme<\/p>\n<\/div><\/li><li class=\"fusion-li-item\" style=\"\"><span class=\"icon-wrapper circle-yes\"><i class=\"fusion-li-icon fa fa-check\" aria-hidden=\"true\"><\/i><\/span><div class=\"fusion-li-item-content\"><\/div><\/li><\/ul><div class=\"fusion-clearfix\"><\/div><\/div><\/div><div class=\"fusion-layout-column fusion_builder_column fusion-builder-column-3 fusion_builder_column_1_3 1_3 fusion-one-third fusion-column-last\" style=\"--awb-bg-size:cover;width:33.333333333333%;width:calc(33.333333333333% - ( ( 4% + 4% ) * 0.33333333333333 ) );\"><div class=\"fusion-column-wrapper fusion-flex-column-wrapper-legacy\"><div class=\"fusion-content-boxes content-boxes columns row fusion-columns-1 fusion-columns-total-1 fusion-content-boxes-1 content-boxes-icon-on-side content-left\" style=\"--awb-hover-accent-color:#e43231;--awb-circle-hover-accent-color:#e43231;--awb-item-margin-bottom:40px;\" data-animationOffset=\"top-into-view\"><div style=\"--awb-backgroundcolor:rgba(255,255,255,0);--awb-content-padding-left:42px;\" class=\"fusion-column content-box-column content-box-column content-box-column-1 col-lg-12 col-md-12 col-sm-12 fusion-content-box-hover content-box-column-last content-box-column-last-in-row\"><div class=\"col content-box-wrapper content-wrapper link-area-box link-type-text icon-hover-animation-fade\" data-link=\"https:\/\/www.bouwimpex.nl\/wp-content\/uploads\/2020\/11\/Broschure_Bouwplast_Kunststoffplatten.pdf#page=14\" data-link-target=\"_self\" data-animationOffset=\"top-into-view\"><div class=\"heading heading-with-icon icon-left\"><a class=\"heading-link\" href=\"https:\/\/www.bouwimpex.nl\/wp-content\/uploads\/2020\/11\/Broschure_Bouwplast_Kunststoffplatten.pdf#page=14\" target=\"_self\"><div class=\"icon\"><i style=\"border-color:#36383e;border-width:1px;background-color:#36383e;box-sizing:content-box;height:20px;width:20px;line-height:20px;border-radius:50%;font-size:10px;\" aria-hidden=\"true\" class=\"fontawesome-icon fa-file-pdf far circle-yes\"><\/i><\/div><h2 class=\"content-box-heading\" style=\"--h2_typography-font-size:18px;line-height:23px;padding-left:42px;\">Brosch\u00fcre<\/h2><\/a><\/div><div class=\"fusion-clearfix\"><\/div><a class=\" fusion-read-more\" style=\"margin-left:42px;\" href=\"https:\/\/www.bouwimpex.nl\/wp-content\/uploads\/2020\/11\/Broschure_Bouwplast_Kunststoffplatten.pdf#page=14\" target=\"_self\">Download pdf<\/a><div class=\"fusion-clearfix\"><\/div><\/div><\/div><div class=\"fusion-clearfix\"><\/div><\/div><div class=\"fusion-button-wrapper\"><a class=\"fusion-button button-flat fusion-button-default-size button-default fusion-button-default button-1 fusion-button-default-span fusion-button-default-type\" target=\"_self\" href=\"https:\/\/www.bouwimpex.nl\/de\/angebot-anfordern\/\"><span class=\"fusion-button-text\">Angebot anfordern<\/span><\/a><\/div><div class=\"fusion-clearfix\"><\/div><\/div><\/div><div class=\"fusion-layout-column fusion_builder_column fusion-builder-column-4 fusion_builder_column_1_1 1_1 fusion-one-full fusion-column-first fusion-column-last\" style=\"--awb-bg-size:cover;\"><div class=\"fusion-column-wrapper fusion-flex-column-wrapper-legacy\"><div class=\"accordian fusion-accordian productleesmeer\" style=\"--awb-border-size:1px;--awb-icon-size:13px;--awb-content-font-size:13px;--awb-icon-alignment:left;--awb-hover-color:#f9f9f9;--awb-border-color:#cccccc;--awb-background-color:#ffffff;--awb-divider-color:#e0dede;--awb-divider-hover-color:#e0dede;--awb-icon-color:#ffffff;--awb-title-color:#36383E;--awb-content-color:#36383E;--awb-icon-box-color:#36383E;--awb-toggle-hover-accent-color:#e43231;--awb-title-font-family:&quot;Work Sans&quot;;--awb-title-font-weight:400;--awb-title-font-style:normal;--awb-title-font-size:13px;--awb-title-line-height:1.5;--awb-content-font-family:&quot;Work Sans&quot;;--awb-content-font-style:normal;--awb-content-font-weight:400;\"><div class=\"panel-group fusion-toggle-icon-boxed\" id=\"accordion-3555-1\"><div class=\"fusion-panel panel-default panel-40c9ebccbd7c1551e fusion-toggle-has-divider\"><div class=\"panel-heading\"><h4 class=\"panel-title toggle\" id=\"toggle_40c9ebccbd7c1551e\"><a aria-expanded=\"false\" aria-controls=\"40c9ebccbd7c1551e\" role=\"button\" data-toggle=\"collapse\" data-parent=\"#accordion-3555-1\" data-target=\"#40c9ebccbd7c1551e\" href=\"#40c9ebccbd7c1551e\"><span class=\"fusion-toggle-icon-wrapper\" aria-hidden=\"true\"><i class=\"fa-fusion-box active-icon awb-icon-minus\" aria-hidden=\"true\"><\/i><i class=\"fa-fusion-box inactive-icon awb-icon-plus\" aria-hidden=\"true\"><\/i><\/span><span class=\"fusion-toggle-heading\">\u00dcbrige Bouwplast-Platten<\/span><\/a><\/h4><\/div><div id=\"40c9ebccbd7c1551e\" class=\"panel-collapse collapse \" aria-labelledby=\"toggle_40c9ebccbd7c1551e\"><div class=\"panel-body toggle-content fusion-clearfix\">\n<p>Wij leveren ook de afwerkingsprofielen voor deze panelen.\u00a0\u00a0<a href=\"https:\/\/www.bouwimpex.nl\/product\/bouwplast-profielen\/\"><u>Klik hier voor een overzicht<\/u>.<\/a><\/p>\n<div data-thumb=\"https:\/\/www.bouwimpex.nl\/wp-content\/uploads\/2018\/02\/Paneel-BP-500_50-100x100.jpg\" data-thumb-alt=\"Platte BP 500_50\" data-thumb-srcset=\"https:\/\/www.bouwimpex.nl\/wp-content\/uploads\/2018\/02\/Paneel-BP-500_50-66x66.jpg 66w, https:\/\/www.bouwimpex.nl\/wp-content\/uploads\/2018\/02\/Paneel-BP-500_50-100x100.jpg 100w, https:\/\/www.bouwimpex.nl\/wp-content\/uploads\/2018\/02\/Paneel-BP-500_50-150x150.jpg 150w, https:\/\/www.bouwimpex.nl\/wp-content\/uploads\/2018\/02\/Paneel-BP-500_50-200x200.jpg 200w, https:\/\/www.bouwimpex.nl\/wp-content\/uploads\/2018\/02\/Paneel-BP-500_50-400x400.jpg 400w, https:\/\/www.bouwimpex.nl\/wp-content\/uploads\/2018\/02\/Paneel-BP-500_50-500x500.jpg 500w, https:\/\/www.bouwimpex.nl\/wp-content\/uploads\/2018\/02\/Paneel-BP-500_50-600x600.jpg 600w, https:\/\/www.bouwimpex.nl\/wp-content\/uploads\/2018\/02\/Paneel-BP-500_50.jpg 667w\"  data-thumb-sizes=\"(max-width: 100px) 100vw, 100px\" class=\"woocommerce-product-gallery__image\"><a href=\"https:\/\/www.bouwimpex.nl\/wp-content\/uploads\/2018\/02\/Paneel-BP-500_50.jpg\"><img decoding=\"async\" width=\"500\" height=\"500\" src=\"https:\/\/www.bouwimpex.nl\/wp-content\/uploads\/2018\/02\/Paneel-BP-500_50-500x500.jpg\" class=\"\" alt=\"Platte BP 500_50\" data-caption=\"\" data-src=\"https:\/\/www.bouwimpex.nl\/wp-content\/uploads\/2018\/02\/Paneel-BP-500_50.jpg\" data-large_image=\"https:\/\/www.bouwimpex.nl\/wp-content\/uploads\/2018\/02\/Paneel-BP-500_50.jpg\" data-large_image_width=\"667\" data-large_image_height=\"667\" srcset=\"https:\/\/www.bouwimpex.nl\/wp-content\/uploads\/2018\/02\/Paneel-BP-500_50-66x66.jpg 66w, https:\/\/www.bouwimpex.nl\/wp-content\/uploads\/2018\/02\/Paneel-BP-500_50-100x100.jpg 100w, https:\/\/www.bouwimpex.nl\/wp-content\/uploads\/2018\/02\/Paneel-BP-500_50-150x150.jpg 150w, https:\/\/www.bouwimpex.nl\/wp-content\/uploads\/2018\/02\/Paneel-BP-500_50-200x200.jpg 200w, https:\/\/www.bouwimpex.nl\/wp-content\/uploads\/2018\/02\/Paneel-BP-500_50-400x400.jpg 400w, https:\/\/www.bouwimpex.nl\/wp-content\/uploads\/2018\/02\/Paneel-BP-500_50-500x500.jpg 500w, https:\/\/www.bouwimpex.nl\/wp-content\/uploads\/2018\/02\/Paneel-BP-500_50-600x600.jpg 600w, https:\/\/www.bouwimpex.nl\/wp-content\/uploads\/2018\/02\/Paneel-BP-500_50.jpg 667w\" sizes=\"(max-width: 500px) 100vw, 500px\" \/><\/a><\/div><div data-thumb=\"https:\/\/www.bouwimpex.nl\/wp-content\/uploads\/2018\/02\/Paneel-BP-400_40-100x100.jpg\" data-thumb-alt=\"Platte BP 400_40\" data-thumb-srcset=\"https:\/\/www.bouwimpex.nl\/wp-content\/uploads\/2018\/02\/Paneel-BP-400_40-66x66.jpg 66w, https:\/\/www.bouwimpex.nl\/wp-content\/uploads\/2018\/02\/Paneel-BP-400_40-100x100.jpg 100w, https:\/\/www.bouwimpex.nl\/wp-content\/uploads\/2018\/02\/Paneel-BP-400_40-150x150.jpg 150w, https:\/\/www.bouwimpex.nl\/wp-content\/uploads\/2018\/02\/Paneel-BP-400_40-200x200.jpg 200w, https:\/\/www.bouwimpex.nl\/wp-content\/uploads\/2018\/02\/Paneel-BP-400_40-400x400.jpg 400w, https:\/\/www.bouwimpex.nl\/wp-content\/uploads\/2018\/02\/Paneel-BP-400_40-500x500.jpg 500w, https:\/\/www.bouwimpex.nl\/wp-content\/uploads\/2018\/02\/Paneel-BP-400_40-600x600.jpg 600w, https:\/\/www.bouwimpex.nl\/wp-content\/uploads\/2018\/02\/Paneel-BP-400_40.jpg 667w\"  data-thumb-sizes=\"(max-width: 100px) 100vw, 100px\" class=\"woocommerce-product-gallery__image\"><a href=\"https:\/\/www.bouwimpex.nl\/wp-content\/uploads\/2018\/02\/Paneel-BP-400_40.jpg\"><img decoding=\"async\" width=\"500\" height=\"500\" src=\"https:\/\/www.bouwimpex.nl\/wp-content\/uploads\/2018\/02\/Paneel-BP-400_40-500x500.jpg\" class=\"\" alt=\"Platte BP 400_40\" data-caption=\"\" data-src=\"https:\/\/www.bouwimpex.nl\/wp-content\/uploads\/2018\/02\/Paneel-BP-400_40.jpg\" data-large_image=\"https:\/\/www.bouwimpex.nl\/wp-content\/uploads\/2018\/02\/Paneel-BP-400_40.jpg\" data-large_image_width=\"667\" data-large_image_height=\"667\" srcset=\"https:\/\/www.bouwimpex.nl\/wp-content\/uploads\/2018\/02\/Paneel-BP-400_40-66x66.jpg 66w, https:\/\/www.bouwimpex.nl\/wp-content\/uploads\/2018\/02\/Paneel-BP-400_40-100x100.jpg 100w, https:\/\/www.bouwimpex.nl\/wp-content\/uploads\/2018\/02\/Paneel-BP-400_40-150x150.jpg 150w, https:\/\/www.bouwimpex.nl\/wp-content\/uploads\/2018\/02\/Paneel-BP-400_40-200x200.jpg 200w, https:\/\/www.bouwimpex.nl\/wp-content\/uploads\/2018\/02\/Paneel-BP-400_40-400x400.jpg 400w, https:\/\/www.bouwimpex.nl\/wp-content\/uploads\/2018\/02\/Paneel-BP-400_40-500x500.jpg 500w, https:\/\/www.bouwimpex.nl\/wp-content\/uploads\/2018\/02\/Paneel-BP-400_40-600x600.jpg 600w, https:\/\/www.bouwimpex.nl\/wp-content\/uploads\/2018\/02\/Paneel-BP-400_40.jpg 667w\" sizes=\"(max-width: 500px) 100vw, 500px\" \/><\/a><\/div><div data-thumb=\"https:\/\/www.bouwimpex.nl\/wp-content\/uploads\/2018\/02\/Paneel-BP-300_35-100x100.jpg\" data-thumb-alt=\"Platte BP 300_35\" data-thumb-srcset=\"https:\/\/www.bouwimpex.nl\/wp-content\/uploads\/2018\/02\/Paneel-BP-300_35-66x66.jpg 66w, https:\/\/www.bouwimpex.nl\/wp-content\/uploads\/2018\/02\/Paneel-BP-300_35-100x100.jpg 100w, https:\/\/www.bouwimpex.nl\/wp-content\/uploads\/2018\/02\/Paneel-BP-300_35-150x150.jpg 150w, https:\/\/www.bouwimpex.nl\/wp-content\/uploads\/2018\/02\/Paneel-BP-300_35-200x200.jpg 200w, https:\/\/www.bouwimpex.nl\/wp-content\/uploads\/2018\/02\/Paneel-BP-300_35-400x400.jpg 400w, https:\/\/www.bouwimpex.nl\/wp-content\/uploads\/2018\/02\/Paneel-BP-300_35-500x500.jpg 500w, https:\/\/www.bouwimpex.nl\/wp-content\/uploads\/2018\/02\/Paneel-BP-300_35-600x600.jpg 600w, https:\/\/www.bouwimpex.nl\/wp-content\/uploads\/2018\/02\/Paneel-BP-300_35.jpg 667w\"  data-thumb-sizes=\"(max-width: 100px) 100vw, 100px\" class=\"woocommerce-product-gallery__image\"><a href=\"https:\/\/www.bouwimpex.nl\/wp-content\/uploads\/2018\/02\/Paneel-BP-300_35.jpg\"><img decoding=\"async\" width=\"500\" height=\"500\" src=\"https:\/\/www.bouwimpex.nl\/wp-content\/uploads\/2018\/02\/Paneel-BP-300_35-500x500.jpg\" class=\"\" alt=\"Platte BP 300_35\" data-caption=\"\" data-src=\"https:\/\/www.bouwimpex.nl\/wp-content\/uploads\/2018\/02\/Paneel-BP-300_35.jpg\" data-large_image=\"https:\/\/www.bouwimpex.nl\/wp-content\/uploads\/2018\/02\/Paneel-BP-300_35.jpg\" data-large_image_width=\"667\" data-large_image_height=\"667\" srcset=\"https:\/\/www.bouwimpex.nl\/wp-content\/uploads\/2018\/02\/Paneel-BP-300_35-66x66.jpg 66w, https:\/\/www.bouwimpex.nl\/wp-content\/uploads\/2018\/02\/Paneel-BP-300_35-100x100.jpg 100w, https:\/\/www.bouwimpex.nl\/wp-content\/uploads\/2018\/02\/Paneel-BP-300_35-150x150.jpg 150w, https:\/\/www.bouwimpex.nl\/wp-content\/uploads\/2018\/02\/Paneel-BP-300_35-200x200.jpg 200w, https:\/\/www.bouwimpex.nl\/wp-content\/uploads\/2018\/02\/Paneel-BP-300_35-400x400.jpg 400w, https:\/\/www.bouwimpex.nl\/wp-content\/uploads\/2018\/02\/Paneel-BP-300_35-500x500.jpg 500w, https:\/\/www.bouwimpex.nl\/wp-content\/uploads\/2018\/02\/Paneel-BP-300_35-600x600.jpg 600w, https:\/\/www.bouwimpex.nl\/wp-content\/uploads\/2018\/02\/Paneel-BP-300_35.jpg 667w\" sizes=\"(max-width: 500px) 100vw, 500px\" \/><\/a><\/div><div data-thumb=\"https:\/\/www.bouwimpex.nl\/wp-content\/uploads\/2018\/02\/Paneel-BP-200_40-100x100.jpg\" data-thumb-alt=\"Platte BP 200_40\" data-thumb-srcset=\"https:\/\/www.bouwimpex.nl\/wp-content\/uploads\/2018\/02\/Paneel-BP-200_40-66x66.jpg 66w, https:\/\/www.bouwimpex.nl\/wp-content\/uploads\/2018\/02\/Paneel-BP-200_40-100x100.jpg 100w, https:\/\/www.bouwimpex.nl\/wp-content\/uploads\/2018\/02\/Paneel-BP-200_40-150x150.jpg 150w, https:\/\/www.bouwimpex.nl\/wp-content\/uploads\/2018\/02\/Paneel-BP-200_40-200x200.jpg 200w, https:\/\/www.bouwimpex.nl\/wp-content\/uploads\/2018\/02\/Paneel-BP-200_40-400x400.jpg 400w, https:\/\/www.bouwimpex.nl\/wp-content\/uploads\/2018\/02\/Paneel-BP-200_40-500x500.jpg 500w, https:\/\/www.bouwimpex.nl\/wp-content\/uploads\/2018\/02\/Paneel-BP-200_40-600x600.jpg 600w, https:\/\/www.bouwimpex.nl\/wp-content\/uploads\/2018\/02\/Paneel-BP-200_40.jpg 667w\"  data-thumb-sizes=\"(max-width: 100px) 100vw, 100px\" class=\"woocommerce-product-gallery__image\"><a href=\"https:\/\/www.bouwimpex.nl\/wp-content\/uploads\/2018\/02\/Paneel-BP-200_40.jpg\"><img decoding=\"async\" width=\"500\" height=\"500\" src=\"https:\/\/www.bouwimpex.nl\/wp-content\/uploads\/2018\/02\/Paneel-BP-200_40-500x500.jpg\" class=\"\" alt=\"Platte BP 200_40\" data-caption=\"\" data-src=\"https:\/\/www.bouwimpex.nl\/wp-content\/uploads\/2018\/02\/Paneel-BP-200_40.jpg\" data-large_image=\"https:\/\/www.bouwimpex.nl\/wp-content\/uploads\/2018\/02\/Paneel-BP-200_40.jpg\" data-large_image_width=\"667\" data-large_image_height=\"667\" srcset=\"https:\/\/www.bouwimpex.nl\/wp-content\/uploads\/2018\/02\/Paneel-BP-200_40-66x66.jpg 66w, https:\/\/www.bouwimpex.nl\/wp-content\/uploads\/2018\/02\/Paneel-BP-200_40-100x100.jpg 100w, https:\/\/www.bouwimpex.nl\/wp-content\/uploads\/2018\/02\/Paneel-BP-200_40-150x150.jpg 150w, https:\/\/www.bouwimpex.nl\/wp-content\/uploads\/2018\/02\/Paneel-BP-200_40-200x200.jpg 200w, https:\/\/www.bouwimpex.nl\/wp-content\/uploads\/2018\/02\/Paneel-BP-200_40-400x400.jpg 400w, https:\/\/www.bouwimpex.nl\/wp-content\/uploads\/2018\/02\/Paneel-BP-200_40-500x500.jpg 500w, https:\/\/www.bouwimpex.nl\/wp-content\/uploads\/2018\/02\/Paneel-BP-200_40-600x600.jpg 600w, https:\/\/www.bouwimpex.nl\/wp-content\/uploads\/2018\/02\/Paneel-BP-200_40.jpg 667w\" sizes=\"(max-width: 500px) 100vw, 500px\" \/><\/a><\/div><div data-thumb=\"https:\/\/www.bouwimpex.nl\/wp-content\/uploads\/2018\/02\/Paneel-BP-200_30-100x100.jpg\" data-thumb-alt=\"PlatteBP 200_30\" data-thumb-srcset=\"https:\/\/www.bouwimpex.nl\/wp-content\/uploads\/2018\/02\/Paneel-BP-200_30-66x66.jpg 66w, https:\/\/www.bouwimpex.nl\/wp-content\/uploads\/2018\/02\/Paneel-BP-200_30-100x100.jpg 100w, https:\/\/www.bouwimpex.nl\/wp-content\/uploads\/2018\/02\/Paneel-BP-200_30-150x150.jpg 150w, https:\/\/www.bouwimpex.nl\/wp-content\/uploads\/2018\/02\/Paneel-BP-200_30-200x200.jpg 200w, https:\/\/www.bouwimpex.nl\/wp-content\/uploads\/2018\/02\/Paneel-BP-200_30-400x400.jpg 400w, https:\/\/www.bouwimpex.nl\/wp-content\/uploads\/2018\/02\/Paneel-BP-200_30-500x500.jpg 500w, https:\/\/www.bouwimpex.nl\/wp-content\/uploads\/2018\/02\/Paneel-BP-200_30-600x600.jpg 600w, https:\/\/www.bouwimpex.nl\/wp-content\/uploads\/2018\/02\/Paneel-BP-200_30.jpg 667w\"  data-thumb-sizes=\"(max-width: 100px) 100vw, 100px\" class=\"woocommerce-product-gallery__image\"><a href=\"https:\/\/www.bouwimpex.nl\/wp-content\/uploads\/2018\/02\/Paneel-BP-200_30.jpg\"><img decoding=\"async\" width=\"500\" height=\"500\" src=\"https:\/\/www.bouwimpex.nl\/wp-content\/uploads\/2018\/02\/Paneel-BP-200_30-500x500.jpg\" class=\"\" alt=\"PlatteBP 200_30\" data-caption=\"\" data-src=\"https:\/\/www.bouwimpex.nl\/wp-content\/uploads\/2018\/02\/Paneel-BP-200_30.jpg\" data-large_image=\"https:\/\/www.bouwimpex.nl\/wp-content\/uploads\/2018\/02\/Paneel-BP-200_30.jpg\" data-large_image_width=\"667\" data-large_image_height=\"667\" srcset=\"https:\/\/www.bouwimpex.nl\/wp-content\/uploads\/2018\/02\/Paneel-BP-200_30-66x66.jpg 66w, https:\/\/www.bouwimpex.nl\/wp-content\/uploads\/2018\/02\/Paneel-BP-200_30-100x100.jpg 100w, https:\/\/www.bouwimpex.nl\/wp-content\/uploads\/2018\/02\/Paneel-BP-200_30-150x150.jpg 150w, https:\/\/www.bouwimpex.nl\/wp-content\/uploads\/2018\/02\/Paneel-BP-200_30-200x200.jpg 200w, https:\/\/www.bouwimpex.nl\/wp-content\/uploads\/2018\/02\/Paneel-BP-200_30-400x400.jpg 400w, https:\/\/www.bouwimpex.nl\/wp-content\/uploads\/2018\/02\/Paneel-BP-200_30-500x500.jpg 500w, https:\/\/www.bouwimpex.nl\/wp-content\/uploads\/2018\/02\/Paneel-BP-200_30-600x600.jpg 600w, https:\/\/www.bouwimpex.nl\/wp-content\/uploads\/2018\/02\/Paneel-BP-200_30.jpg 667w\" sizes=\"(max-width: 500px) 100vw, 500px\" \/><\/a><\/div><\/div><\/div><\/div><\/div><\/div><div class=\"fusion-clearfix\"><\/div><\/div><\/div><\/div><\/div>\n","protected":false},"excerpt":{"rendered":"","protected":false},"featured_media":2576,"comment_status":"closed","ping_status":"closed","template":"","meta":{"content-type":""},"product_brand":[],"product_cat":[168],"product_tag":[],"class_list":{"0":"post-3555","1":"product","2":"type-product","3":"status-publish","4":"has-post-thumbnail","6":"product_cat-kunststof-wand-en-plafondpanelen-de","8":"first","9":"instock","10":"taxable","11":"shipping-taxable","12":"product-type-simple"},"_links":{"self":[{"href":"https:\/\/www.bouwimpex.nl\/de\/wp-json\/wp\/v2\/product\/3555","targetHints":{"allow":["GET"]}}],"collection":[{"href":"https:\/\/www.bouwimpex.nl\/de\/wp-json\/wp\/v2\/product"}],"about":[{"href":"https:\/\/www.bouwimpex.nl\/de\/wp-json\/wp\/v2\/types\/product"}],"replies":[{"embeddable":true,"href":"https:\/\/www.bouwimpex.nl\/de\/wp-json\/wp\/v2\/comments?post=3555"}],"wp:featuredmedia":[{"embeddable":true,"href":"https:\/\/www.bouwimpex.nl\/de\/wp-json\/wp\/v2\/media\/2576"}],"wp:attachment":[{"href":"https:\/\/www.bouwimpex.nl\/de\/wp-json\/wp\/v2\/media?parent=3555"}],"wp:term":[{"taxonomy":"product_brand","embeddable":true,"href":"https:\/\/www.bouwimpex.nl\/de\/wp-json\/wp\/v2\/product_brand?post=3555"},{"taxonomy":"product_cat","embeddable":true,"href":"https:\/\/www.bouwimpex.nl\/de\/wp-json\/wp\/v2\/product_cat?post=3555"},{"taxonomy":"product_tag","embeddable":true,"href":"https:\/\/www.bouwimpex.nl\/de\/wp-json\/wp\/v2\/product_tag?post=3555"}],"curies":[{"name":"wp","href":"https:\/\/api.w.org\/{rel}","templated":true}]}}