{"id":3553,"date":"2017-09-26T09:42:25","date_gmt":"2017-09-26T09:42:25","guid":{"rendered":"http:\/\/www.bouwimpex.skyberatedev.nl\/product\/metrotile-mistral\/"},"modified":"2021-03-23T10:32:44","modified_gmt":"2021-03-23T10:32:44","slug":"metrotile-mistral","status":"publish","type":"product","link":"https:\/\/www.bouwimpex.nl\/de\/produkt\/metrotile-mistral\/","title":{"rendered":"Metrotile Mistral"},"content":{"rendered":"<div class=\"fusion-fullwidth fullwidth-box fusion-builder-row-1 nonhundred-percent-fullwidth non-hundred-percent-height-scrolling\" style=\"--awb-border-radius-top-left:0px;--awb-border-radius-top-right:0px;--awb-border-radius-bottom-right:0px;--awb-border-radius-bottom-left:0px;--awb-padding-top:20px;--awb-padding-bottom:20px;--awb-flex-wrap:wrap;\" ><div class=\"fusion-builder-row fusion-row\"><div class=\"fusion-layout-column fusion_builder_column fusion-builder-column-0 fusion_builder_column_1_1 1_1 fusion-one-full fusion-column-first fusion-column-last\" style=\"--awb-bg-size:cover;\"><div class=\"fusion-column-wrapper fusion-flex-column-wrapper-legacy\"><div class=\"fusion-title title fusion-title-1 fusion-sep-none fusion-title-text fusion-title-size-two\" style=\"--awb-margin-bottom:20px;\"><h2 class=\"fusion-title-heading title-heading-left\" style=\"margin:0;\">Metrotile Mistral<\/h2><\/div><div class=\"fusion-text fusion-text-1\"><p>Das Aussehen eines traditionellen holl\u00e4ndischen Daches kombiniert mit zus\u00e4tzlichen Vorteilen eines Stahldaches. Dank der absteigenden Form der Dachfront und der nach oben weisenden Hinterkanten \u00fcberlappen sich die Mistral-Elemente sehr gut und passen eng zusammen. Dies gew\u00e4hrleistet eine hervorragende Widerstandsf\u00e4higkeit und einen ausgezeichneten Schutz gegen extreme Witterungseinfl\u00fcsse.<\/p>\n<\/div><div class=\"fusion-clearfix\"><\/div><\/div><\/div><div class=\"fusion-layout-column fusion_builder_column fusion-builder-column-1 fusion_builder_column_1_3 1_3 fusion-one-third fusion-column-first\" style=\"--awb-bg-size:cover;width:33.333333333333%;width:calc(33.333333333333% - ( ( 4% + 4% ) * 0.33333333333333 ) );margin-right: 4%;\"><div class=\"fusion-column-wrapper fusion-flex-column-wrapper-legacy\"><ul style=\"--awb-size:13px;--awb-line-height:22.1px;--awb-icon-width:22.1px;--awb-icon-height:22.1px;--awb-icon-margin:9.1px;--awb-content-margin:31.2px;--awb-circlecolor:#e43231;--awb-circle-yes-font-size:11.44px;\" class=\"fusion-checklist fusion-checklist-1 fusion-checklist-default type-icons\"><li class=\"fusion-li-item\" style=\"\"><span class=\"icon-wrapper circle-yes\"><i class=\"fusion-li-icon fa fa-check\" aria-hidden=\"true\"><\/i><\/span><div class=\"fusion-li-item-content\">\n<p>Leichtgewichtig<\/p>\n<\/div><\/li><li class=\"fusion-li-item\" style=\"\"><span class=\"icon-wrapper circle-yes\"><i class=\"fusion-li-icon fa fa-check\" aria-hidden=\"true\"><\/i><\/span><div class=\"fusion-li-item-content\">\n<p>Stabil<\/p>\n<\/div><\/li><li class=\"fusion-li-item\" style=\"\"><span class=\"icon-wrapper circle-yes\"><i class=\"fusion-li-icon fa fa-check\" aria-hidden=\"true\"><\/i><\/span><div class=\"fusion-li-item-content\">\n<p>Hervorragende Best\u00e4ndigkeit<\/p>\n<\/div><\/li><\/ul><div class=\"fusion-clearfix\"><\/div><\/div><\/div><div class=\"fusion-layout-column fusion_builder_column fusion-builder-column-2 fusion_builder_column_1_3 1_3 fusion-one-third\" style=\"--awb-bg-size:cover;width:33.333333333333%;width:calc(33.333333333333% - ( ( 4% + 4% ) * 0.33333333333333 ) );margin-right: 4%;\"><div class=\"fusion-column-wrapper fusion-flex-column-wrapper-legacy\"><ul style=\"--awb-size:13px;--awb-line-height:22.1px;--awb-icon-width:22.1px;--awb-icon-height:22.1px;--awb-icon-margin:9.1px;--awb-content-margin:31.2px;--awb-circlecolor:#e43231;--awb-circle-yes-font-size:11.44px;\" class=\"fusion-checklist fusion-checklist-2 fusion-checklist-default type-icons\"><li class=\"fusion-li-item\" style=\"\"><span class=\"icon-wrapper circle-yes\"><i class=\"fusion-li-icon fa fa-check\" aria-hidden=\"true\"><\/i><\/span><div class=\"fusion-li-item-content\">\n<p>Perfekte \u00dcberlappung der Elemente<\/p>\n<\/div><\/li><li class=\"fusion-li-item\" style=\"\"><span class=\"icon-wrapper circle-yes\"><i class=\"fusion-li-icon fa fa-check\" aria-hidden=\"true\"><\/i><\/span><div class=\"fusion-li-item-content\">\n<p>Umfangreiches Farbspektrum<\/p>\n<\/div><\/li><\/ul><div class=\"fusion-clearfix\"><\/div><\/div><\/div><div class=\"fusion-layout-column fusion_builder_column fusion-builder-column-3 fusion_builder_column_1_3 1_3 fusion-one-third fusion-column-last\" style=\"--awb-bg-size:cover;width:33.333333333333%;width:calc(33.333333333333% - ( ( 4% + 4% ) * 0.33333333333333 ) );\"><div class=\"fusion-column-wrapper fusion-flex-column-wrapper-legacy\"><div class=\"fusion-content-boxes content-boxes columns row fusion-columns-1 fusion-columns-total-1 fusion-content-boxes-1 content-boxes-icon-on-side content-left\" style=\"--awb-hover-accent-color:#e43231;--awb-circle-hover-accent-color:#e43231;--awb-item-margin-bottom:40px;\" data-animationOffset=\"top-into-view\"><div style=\"--awb-backgroundcolor:rgba(255,255,255,0);--awb-content-padding-left:42px;\" class=\"fusion-column content-box-column content-box-column content-box-column-1 col-lg-12 col-md-12 col-sm-12 fusion-content-box-hover content-box-column-last content-box-column-last-in-row\"><div class=\"col content-box-wrapper content-wrapper link-area-box link-type-text icon-hover-animation-fade\" data-link=\"https:\/\/www.bouwimpex.nl\/wp-content\/uploads\/2021\/03\/brochure_metrotile_stahl_dachziegelemente.pdf#page=14\" data-link-target=\"_self\" data-animationOffset=\"top-into-view\"><div class=\"heading heading-with-icon icon-left\"><a class=\"heading-link\" href=\"https:\/\/www.bouwimpex.nl\/wp-content\/uploads\/2021\/03\/brochure_metrotile_stahl_dachziegelemente.pdf#page=14\" target=\"_self\"><div class=\"icon\"><i style=\"border-color:#36383e;border-width:1px;background-color:#36383e;box-sizing:content-box;height:20px;width:20px;line-height:20px;border-radius:50%;font-size:10px;\" aria-hidden=\"true\" class=\"fontawesome-icon fa-file-pdf far circle-yes\"><\/i><\/div><h2 class=\"content-box-heading\" style=\"--h2_typography-font-size:18px;line-height:23px;padding-left:42px;\">Brosch\u00fcre<\/h2><\/a><\/div><div class=\"fusion-clearfix\"><\/div><a class=\" fusion-read-more\" style=\"margin-left:42px;\" href=\"https:\/\/www.bouwimpex.nl\/wp-content\/uploads\/2021\/03\/brochure_metrotile_stahl_dachziegelemente.pdf#page=14\" target=\"_self\">Download pdf<\/a><div class=\"fusion-clearfix\"><\/div><\/div><\/div><div class=\"fusion-clearfix\"><\/div><\/div><div class=\"fusion-button-wrapper\"><a class=\"fusion-button button-flat fusion-button-default-size button-default fusion-button-default button-1 fusion-button-default-span fusion-button-default-type\" target=\"_self\" href=\"https:\/\/www.bouwimpex.nl\/de\/angebot-anfordern\/\"><span class=\"fusion-button-text\">Angebot anfordern<\/span><\/a><\/div><div class=\"fusion-clearfix\"><\/div><\/div><\/div><div class=\"fusion-layout-column fusion_builder_column fusion-builder-column-4 fusion_builder_column_1_1 1_1 fusion-one-full fusion-column-first fusion-column-last\" style=\"--awb-bg-size:cover;\"><div class=\"fusion-column-wrapper fusion-flex-column-wrapper-legacy\"><div class=\"accordian fusion-accordian productleesmeer\" style=\"--awb-border-size:1px;--awb-icon-size:13px;--awb-content-font-size:13px;--awb-icon-alignment:left;--awb-hover-color:#f9f9f9;--awb-border-color:#cccccc;--awb-background-color:#ffffff;--awb-divider-color:#e0dede;--awb-divider-hover-color:#e0dede;--awb-icon-color:#ffffff;--awb-title-color:#36383E;--awb-content-color:#36383E;--awb-icon-box-color:#36383E;--awb-toggle-hover-accent-color:#e43231;--awb-title-font-family:&quot;Work Sans&quot;;--awb-title-font-weight:400;--awb-title-font-style:normal;--awb-title-font-size:13px;--awb-title-line-height:1.5;--awb-content-font-family:&quot;Work Sans&quot;;--awb-content-font-style:normal;--awb-content-font-weight:400;\"><div class=\"panel-group fusion-toggle-icon-boxed\" id=\"accordion-3553-1\"><div class=\"fusion-panel panel-default panel-5a3aeecd4b462cf19 fusion-toggle-has-divider\"><div class=\"panel-heading\"><h4 class=\"panel-title toggle\" id=\"toggle_5a3aeecd4b462cf19\"><a aria-expanded=\"false\" aria-controls=\"5a3aeecd4b462cf19\" role=\"button\" data-toggle=\"collapse\" data-parent=\"#accordion-3553-1\" data-target=\"#5a3aeecd4b462cf19\" href=\"#5a3aeecd4b462cf19\"><span class=\"fusion-toggle-icon-wrapper\" aria-hidden=\"true\"><i class=\"fa-fusion-box active-icon awb-icon-minus\" aria-hidden=\"true\"><\/i><i class=\"fa-fusion-box inactive-icon awb-icon-plus\" aria-hidden=\"true\"><\/i><\/span><span class=\"fusion-toggle-heading\">Weiterlesen<\/span><\/a><\/h4><\/div><div id=\"5a3aeecd4b462cf19\" class=\"panel-collapse collapse \" aria-labelledby=\"toggle_5a3aeecd4b462cf19\"><div class=\"panel-body toggle-content fusion-clearfix\">\n<p>Der Metrotile Mistral ist ein granuliertes, leichtes, siebenteiliges Dachziegelelement. Der Stahldachziegel ist aus hochwertigem Aluzinc\u00ae gefertigt, so dass keine Korrosionsgefahr besteht. Ideal f\u00fcr alle Neubauten und Renovierungsprojekte mit leichten Dacheindeckungen. Der Mistral Dachziegel ist sowohl in granulierter als auch in glatter Ausf\u00fchrung erh\u00e4ltlich. Dank seiner umfangreichen Farbpalette passt sich dieses Paneel jeder Fassadenfarbe perfekt an.<\/p>\n<p>Bouwimpex liefert auch die Metrotile-Zubeh\u00f6re f\u00fcr eine korrekte Montage der Dachziegel. Selbstverst\u00e4ndlich k\u00f6nnen wir auch die Montage f\u00fcr Sie \u00fcbernehmen.<\/p>\n<p>F\u00fcr weitere Informationen und technische Spezifikationen k\u00f6nnen Sie unsere Brosch\u00fcre downloaden.<\/p>\n<div data-thumb=\"https:\/\/www.bouwimpex.nl\/wp-content\/uploads\/2017\/09\/metrotile_mistral-100x100.jpg\" data-thumb-alt=\"Metrotile_Mistral_Leichtgewichtige_Dachziegeln\" data-thumb-srcset=\"https:\/\/www.bouwimpex.nl\/wp-content\/uploads\/2017\/09\/metrotile_mistral-66x66.jpg 66w, https:\/\/www.bouwimpex.nl\/wp-content\/uploads\/2017\/09\/metrotile_mistral-100x100.jpg 100w, https:\/\/www.bouwimpex.nl\/wp-content\/uploads\/2017\/09\/metrotile_mistral-150x150.jpg 150w\"  data-thumb-sizes=\"(max-width: 100px) 100vw, 100px\" class=\"woocommerce-product-gallery__image\"><a href=\"https:\/\/www.bouwimpex.nl\/wp-content\/uploads\/2017\/09\/metrotile_mistral.jpg\"><img decoding=\"async\" width=\"500\" height=\"334\" src=\"https:\/\/www.bouwimpex.nl\/wp-content\/uploads\/2017\/09\/metrotile_mistral-500x334.jpg\" class=\"\" alt=\"Metrotile_Mistral_Leichtgewichtige_Dachziegeln\" data-caption=\"\" data-src=\"https:\/\/www.bouwimpex.nl\/wp-content\/uploads\/2017\/09\/metrotile_mistral.jpg\" data-large_image=\"https:\/\/www.bouwimpex.nl\/wp-content\/uploads\/2017\/09\/metrotile_mistral.jpg\" data-large_image_width=\"1000\" data-large_image_height=\"667\" srcset=\"https:\/\/www.bouwimpex.nl\/wp-content\/uploads\/2017\/09\/metrotile_mistral-200x133.jpg 200w, https:\/\/www.bouwimpex.nl\/wp-content\/uploads\/2017\/09\/metrotile_mistral-400x267.jpg 400w, https:\/\/www.bouwimpex.nl\/wp-content\/uploads\/2017\/09\/metrotile_mistral-500x334.jpg 500w, https:\/\/www.bouwimpex.nl\/wp-content\/uploads\/2017\/09\/metrotile_mistral-600x400.jpg 600w, https:\/\/www.bouwimpex.nl\/wp-content\/uploads\/2017\/09\/metrotile_mistral-768x512.jpg 768w, https:\/\/www.bouwimpex.nl\/wp-content\/uploads\/2017\/09\/metrotile_mistral-800x534.jpg 800w, https:\/\/www.bouwimpex.nl\/wp-content\/uploads\/2017\/09\/metrotile_mistral.jpg 1000w\" sizes=\"(max-width: 500px) 100vw, 500px\" \/><\/a><\/div><div data-thumb=\"https:\/\/www.bouwimpex.nl\/wp-content\/uploads\/2017\/09\/image-11-100x100.jpg\" data-thumb-alt=\"Metrotile_Mistral_Leichtgewichtige_Dachziegeln\" data-thumb-srcset=\"https:\/\/www.bouwimpex.nl\/wp-content\/uploads\/2017\/09\/image-11-66x66.jpg 66w, https:\/\/www.bouwimpex.nl\/wp-content\/uploads\/2017\/09\/image-11-100x100.jpg 100w, https:\/\/www.bouwimpex.nl\/wp-content\/uploads\/2017\/09\/image-11-150x150.jpg 150w\"  data-thumb-sizes=\"(max-width: 100px) 100vw, 100px\" class=\"woocommerce-product-gallery__image\"><a href=\"https:\/\/www.bouwimpex.nl\/wp-content\/uploads\/2017\/09\/image-11.jpg\"><img decoding=\"async\" width=\"500\" height=\"333\" src=\"https:\/\/www.bouwimpex.nl\/wp-content\/uploads\/2017\/09\/image-11-500x333.jpg\" class=\"\" alt=\"Metrotile_Mistral_Leichtgewichtige_Dachziegeln\" data-caption=\"\" data-src=\"https:\/\/www.bouwimpex.nl\/wp-content\/uploads\/2017\/09\/image-11.jpg\" data-large_image=\"https:\/\/www.bouwimpex.nl\/wp-content\/uploads\/2017\/09\/image-11.jpg\" data-large_image_width=\"800\" data-large_image_height=\"533\" srcset=\"https:\/\/www.bouwimpex.nl\/wp-content\/uploads\/2017\/09\/image-11-200x133.jpg 200w, https:\/\/www.bouwimpex.nl\/wp-content\/uploads\/2017\/09\/image-11-400x267.jpg 400w, https:\/\/www.bouwimpex.nl\/wp-content\/uploads\/2017\/09\/image-11-500x333.jpg 500w, https:\/\/www.bouwimpex.nl\/wp-content\/uploads\/2017\/09\/image-11-600x400.jpg 600w, https:\/\/www.bouwimpex.nl\/wp-content\/uploads\/2017\/09\/image-11-768x512.jpg 768w, https:\/\/www.bouwimpex.nl\/wp-content\/uploads\/2017\/09\/image-11.jpg 800w\" sizes=\"(max-width: 500px) 100vw, 500px\" \/><\/a><\/div><\/div><\/div><\/div><\/div><\/div><div class=\"fusion-clearfix\"><\/div><\/div><\/div><\/div><\/div>\n","protected":false},"excerpt":{"rendered":"","protected":false},"featured_media":2894,"comment_status":"closed","ping_status":"closed","template":"","meta":{"content-type":""},"product_brand":[],"product_cat":[136],"product_tag":[],"class_list":{"0":"post-3553","1":"product","2":"type-product","3":"status-publish","4":"has-post-thumbnail","6":"product_cat-metrotile-dakpanelementen-de","8":"first","9":"instock","10":"taxable","11":"shipping-taxable","12":"product-type-simple"},"_links":{"self":[{"href":"https:\/\/www.bouwimpex.nl\/de\/wp-json\/wp\/v2\/product\/3553","targetHints":{"allow":["GET"]}}],"collection":[{"href":"https:\/\/www.bouwimpex.nl\/de\/wp-json\/wp\/v2\/product"}],"about":[{"href":"https:\/\/www.bouwimpex.nl\/de\/wp-json\/wp\/v2\/types\/product"}],"replies":[{"embeddable":true,"href":"https:\/\/www.bouwimpex.nl\/de\/wp-json\/wp\/v2\/comments?post=3553"}],"wp:featuredmedia":[{"embeddable":true,"href":"https:\/\/www.bouwimpex.nl\/de\/wp-json\/wp\/v2\/media\/2894"}],"wp:attachment":[{"href":"https:\/\/www.bouwimpex.nl\/de\/wp-json\/wp\/v2\/media?parent=3553"}],"wp:term":[{"taxonomy":"product_brand","embeddable":true,"href":"https:\/\/www.bouwimpex.nl\/de\/wp-json\/wp\/v2\/product_brand?post=3553"},{"taxonomy":"product_cat","embeddable":true,"href":"https:\/\/www.bouwimpex.nl\/de\/wp-json\/wp\/v2\/product_cat?post=3553"},{"taxonomy":"product_tag","embeddable":true,"href":"https:\/\/www.bouwimpex.nl\/de\/wp-json\/wp\/v2\/product_tag?post=3553"}],"curies":[{"name":"wp","href":"https:\/\/api.w.org\/{rel}","templated":true}]}}