{"id":3420,"date":"2017-09-04T13:55:33","date_gmt":"2017-09-04T13:55:33","guid":{"rendered":"http:\/\/www.bouwimpex.skyberatedev.nl\/projecten\/"},"modified":"2018-11-07T14:43:34","modified_gmt":"2018-11-07T14:43:34","slug":"projekte","status":"publish","type":"page","link":"https:\/\/www.bouwimpex.nl\/de\/projekte\/","title":{"rendered":"Projekte"},"content":{"rendered":"<div class=\"fusion-fullwidth fullwidth-box fusion-builder-row-1 nonhundred-percent-fullwidth non-hundred-percent-height-scrolling\" style=\"--awb-border-radius-top-left:0px;--awb-border-radius-top-right:0px;--awb-border-radius-bottom-right:0px;--awb-border-radius-bottom-left:0px;--awb-padding-top:20px;--awb-padding-bottom:20px;--awb-border-sizes-top:0px;--awb-border-sizes-bottom:0px;--awb-flex-wrap:wrap;\" ><div class=\"fusion-builder-row fusion-row\"><div class=\"fusion-layout-column fusion_builder_column fusion-builder-column-0 fusion_builder_column_1_1 1_1 fusion-one-full fusion-column-first fusion-column-last\" style=\"--awb-bg-size:cover;\"><div class=\"fusion-column-wrapper fusion-flex-column-wrapper-legacy\"><div class=\"fusion-title title fusion-title-1 fusion-sep-none fusion-title-center fusion-title-text fusion-title-size-one\" style=\"--awb-margin-bottom:40px;\"><h1 class=\"fusion-title-heading title-heading-center\" style=\"margin:0;\">Angelegte Projekte<\/h1><\/div><div class=\"fusion-clearfix\"><\/div><\/div><\/div><div class=\"fusion-layout-column fusion_builder_column fusion-builder-column-1 fusion_builder_column_1_1 1_1 fusion-one-full fusion-column-first fusion-column-last\" style=\"--awb-bg-size:cover;\"><div class=\"fusion-column-wrapper fusion-flex-column-wrapper-legacy\"><style type=\"text\/css\">.fusion-portfolio-wrapper#fusion-portfolio-1 .fusion-portfolio-content{ padding: 25px 25px 25px 25px; text-align: left; }<\/style><div class=\"fusion-recent-works fusion-portfolio-element fusion-portfolio fusion-portfolio-1 fusion-portfolio-grid fusion-portfolio-paging-load-more-button fusion-portfolio-three fusion-portfolio-boxed fusion-portfolio-text fusion-portfolio-equal-heights\" data-id=\"-rw-1\" data-columns=\"three\"><div><ul class=\"fusion-filters\" role=\"menu\" aria-label=\"Portfolio Filters\"><li role=\"presentation\" class=\"fusion-filter fusion-filter-all fusion-active\"><a href=\"#\" data-filter=\"*\" role=\"menuitem\">All<\/a><\/li><li role=\"presentation\" class=\"fusion-filter fusion-hidden\"><a href=\"#\" data-filter=\".agrarisch-de\" role=\"menuitem\">Agrar<\/a><\/li><li role=\"presentation\" class=\"fusion-filter fusion-hidden\"><a href=\"#\" data-filter=\".overig-de\" role=\"menuitem\">Andere<\/a><\/li><\/ul><\/div><style type=\"text\/css\">.fusion-portfolio-1 .fusion-portfolio-wrapper .fusion-col-spacing{padding:10px;}<\/style><div class=\"fusion-portfolio-wrapper\" id=\"fusion-portfolio-1\" data-picturesize=\"auto\" data-pages=\"2\" style=\"margin:-10px;\"><article id=\"portfolio-1-post-6289\" class=\"fusion-portfolio-post agrarisch-de fusion-col-spacing post-6289\"><div class=\"fusion-portfolio-content-wrapper\" style=\"border:1px solid #ebeaea;border-bottom-width:3px;background-color:rgba(255,255,255,0);\"><span class=\"vcard rich-snippet-hidden\"><span class=\"fn\"><a href=\"https:\/\/www.bouwimpex.nl\/de\/author\/oliver\/\" title=\"Beitr\u00e4ge von Oliver van Bragt\" rel=\"author\">Oliver van Bragt<\/a><\/span><\/span><span class=\"updated rich-snippet-hidden\">2021-08-03T11:21:16+02:00<\/span><div  class=\"fusion-image-wrapper\" aria-haspopup=\"true\">\n\t\t\t\t\t\t\t<a href=\"https:\/\/www.bouwimpex.nl\/de\/portfolio-items\/bouwplast-fensterrahmen-ausgestattet-mit-diffusem-hr-glas\/?portfolioCats=166%2C167\" aria-label=\"Bouwplast-Fensterrahmen ausgestattet mit diffusem HR++-Glas\">\n\t\t\t\t\t\t\t<img decoding=\"async\" width=\"704\" height=\"492\" src=\"https:\/\/www.bouwimpex.nl\/wp-content\/uploads\/2020\/06\/pluimveestal-herkenbosch.jpg\" class=\"attachment-full size-full wp-post-image\" alt=\"Pluimveestal Herkenbosch\" srcset=\"https:\/\/www.bouwimpex.nl\/wp-content\/uploads\/2020\/06\/pluimveestal-herkenbosch-200x140.jpg 200w, https:\/\/www.bouwimpex.nl\/wp-content\/uploads\/2020\/06\/pluimveestal-herkenbosch-400x280.jpg 400w, https:\/\/www.bouwimpex.nl\/wp-content\/uploads\/2020\/06\/pluimveestal-herkenbosch-600x419.jpg 600w, https:\/\/www.bouwimpex.nl\/wp-content\/uploads\/2020\/06\/pluimveestal-herkenbosch.jpg 704w\" sizes=\"(min-width: 2200px) 100vw, (min-width: 784px) 353px, (min-width: 712px) 530px, (min-width: 640px) 712px, \" \/>\t\t\t<\/a>\n\t\t\t\t\t\t\t<\/div>\n<div class=\"fusion-portfolio-content\" style=\"background-color:rgba(255,255,255,0);\"><h2 class=\"entry-title fusion-post-title\"><a href=\"https:\/\/www.bouwimpex.nl\/de\/portfolio-items\/bouwplast-fensterrahmen-ausgestattet-mit-diffusem-hr-glas\/?portfolioCats=166%2C167\">Bouwplast-Fensterrahmen ausgestattet mit diffusem HR++-Glas<\/a><\/h2><div class=\"fusion-content-sep sep-double sep-solid\" style=\"border-color:#e0dede;\"><\/div><div class=\"fusion-post-content\"><p>In den St\u00e4llen des Gefl\u00fcgelzuchtbetriebs Van Doorn werden Bouwplast-Kunststoff-Fensterrahmen in einer speziellen Ausf\u00fchrung verwendet.\u00a0<a href=\"https:\/\/www.bouwimpex.nl\/de\/portfolio-items\/bouwplast-fensterrahmen-ausgestattet-mit-diffusem-hr-glas\/\" rel=\"nofollow\">weiterlesen &gt;<\/a><\/p><\/div><\/div><\/div><\/article><article id=\"portfolio-1-post-7173\" class=\"fusion-portfolio-post agrarisch-de fusion-col-spacing post-7173\"><div class=\"fusion-portfolio-content-wrapper\" style=\"border:1px solid #ebeaea;border-bottom-width:3px;background-color:rgba(255,255,255,0);\"><span class=\"vcard rich-snippet-hidden\"><span class=\"fn\"><a href=\"https:\/\/www.bouwimpex.nl\/de\/author\/elske\/\" title=\"Beitr\u00e4ge von Elske Schonewille\" rel=\"author\">Elske Schonewille<\/a><\/span><\/span><span class=\"updated rich-snippet-hidden\">2021-09-23T13:05:32+02:00<\/span><div  class=\"fusion-image-wrapper\" aria-haspopup=\"true\">\n\t\t\t\t\t\t\t<a href=\"https:\/\/www.bouwimpex.nl\/de\/portfolio-items\/bouwplast-plus-fr-platten-verwendet-als-belueftungssystem-2\/?portfolioCats=166%2C167\" aria-label=\"Bouwplast-Plus FR-Platten verwendet als Bel\u00fcftungssystem\">\n\t\t\t\t\t\t\t<img decoding=\"async\" width=\"800\" height=\"568\" src=\"https:\/\/www.bouwimpex.nl\/wp-content\/uploads\/2021\/07\/Klein-koerkamp-project-omslagfoto.jpg\" class=\"attachment-full size-full wp-post-image\" alt=\"\" srcset=\"https:\/\/www.bouwimpex.nl\/wp-content\/uploads\/2021\/07\/Klein-koerkamp-project-omslagfoto-200x142.jpg 200w, https:\/\/www.bouwimpex.nl\/wp-content\/uploads\/2021\/07\/Klein-koerkamp-project-omslagfoto-400x284.jpg 400w, https:\/\/www.bouwimpex.nl\/wp-content\/uploads\/2021\/07\/Klein-koerkamp-project-omslagfoto-600x426.jpg 600w, https:\/\/www.bouwimpex.nl\/wp-content\/uploads\/2021\/07\/Klein-koerkamp-project-omslagfoto.jpg 800w\" sizes=\"(min-width: 2200px) 100vw, (min-width: 784px) 353px, (min-width: 712px) 530px, (min-width: 640px) 712px, \" \/>\t\t\t<\/a>\n\t\t\t\t\t\t\t<\/div>\n<div class=\"fusion-portfolio-content\" style=\"background-color:rgba(255,255,255,0);\"><h2 class=\"entry-title fusion-post-title\"><a href=\"https:\/\/www.bouwimpex.nl\/de\/portfolio-items\/bouwplast-plus-fr-platten-verwendet-als-belueftungssystem-2\/?portfolioCats=166%2C167\">Bouwplast-Plus FR-Platten verwendet als Bel\u00fcftungssystem<\/a><\/h2><div class=\"fusion-content-sep sep-double sep-solid\" style=\"border-color:#e0dede;\"><\/div><div class=\"fusion-post-content\"><p>F\u00fcr den Neubau eines Schweinestalls in Lierderholthuis (Overijssel) lieferte Bouwimpex feuerbest\u00e4ndige Kunststoffplatten f\u00fcr verschiedene Anwendungen. So wurden beispielsweise Bouwplast-Plus FR-Platten f\u00fcr die Trennw\u00e4nde, die Buchtenabtrennungen und f\u00fcr das Bel\u00fcftungssystem verwendet.\u00a0<a href=\"https:\/\/www.bouwimpex.nl\/de\/portfolio-items\/bouwplast-plus-fr-platten-verwendet-als-belueftungssystem-2\/\" rel=\"nofollow\">weiterlesen &gt;<\/a><\/p><\/div><\/div><\/div><\/article><article id=\"portfolio-1-post-7129\" class=\"fusion-portfolio-post agrarisch-de fusion-col-spacing post-7129\"><div class=\"fusion-portfolio-content-wrapper\" style=\"border:1px solid #ebeaea;border-bottom-width:3px;background-color:rgba(255,255,255,0);\"><span class=\"vcard rich-snippet-hidden\"><span class=\"fn\"><a href=\"https:\/\/www.bouwimpex.nl\/de\/author\/elske\/\" title=\"Beitr\u00e4ge von Elske Schonewille\" rel=\"author\">Elske Schonewille<\/a><\/span><\/span><span class=\"updated rich-snippet-hidden\">2021-08-03T09:59:46+02:00<\/span><div  class=\"fusion-image-wrapper\" aria-haspopup=\"true\">\n\t\t\t\t\t\t\t<a href=\"https:\/\/www.bouwimpex.nl\/de\/portfolio-items\/bouwplast-plus-fr-platten-in-luftwaescher-nordwales\/?portfolioCats=166%2C167\" aria-label=\"Bouwplast-Plus FR-Platten in Luftw\u00e4scher Nordwales\">\n\t\t\t\t\t\t\t<img decoding=\"async\" width=\"800\" height=\"568\" src=\"https:\/\/www.bouwimpex.nl\/wp-content\/uploads\/2021\/07\/Luchtwasser-Engeland-pluimvee-omslagfoto.jpg\" class=\"attachment-full size-full wp-post-image\" alt=\"\" srcset=\"https:\/\/www.bouwimpex.nl\/wp-content\/uploads\/2021\/07\/Luchtwasser-Engeland-pluimvee-omslagfoto-200x142.jpg 200w, https:\/\/www.bouwimpex.nl\/wp-content\/uploads\/2021\/07\/Luchtwasser-Engeland-pluimvee-omslagfoto-400x284.jpg 400w, https:\/\/www.bouwimpex.nl\/wp-content\/uploads\/2021\/07\/Luchtwasser-Engeland-pluimvee-omslagfoto-600x426.jpg 600w, https:\/\/www.bouwimpex.nl\/wp-content\/uploads\/2021\/07\/Luchtwasser-Engeland-pluimvee-omslagfoto.jpg 800w\" sizes=\"(min-width: 2200px) 100vw, (min-width: 784px) 353px, (min-width: 712px) 530px, (min-width: 640px) 712px, \" \/>\t\t\t<\/a>\n\t\t\t\t\t\t\t<\/div>\n<div class=\"fusion-portfolio-content\" style=\"background-color:rgba(255,255,255,0);\"><h2 class=\"entry-title fusion-post-title\"><a href=\"https:\/\/www.bouwimpex.nl\/de\/portfolio-items\/bouwplast-plus-fr-platten-in-luftwaescher-nordwales\/?portfolioCats=166%2C167\">Bouwplast-Plus FR-Platten in Luftw\u00e4scher Nordwales<\/a><\/h2><div class=\"fusion-content-sep sep-double sep-solid\" style=\"border-color:#e0dede;\"><\/div><div class=\"fusion-post-content\"><p>F\u00fcr den Bau von Luftw\u00e4schern f\u00fcr zwei Broilerst\u00e4lle in Nordwales in England, wurden Bouwplast-Plus FR-Platten von Bouwimpex verwendet. Die W\u00e4nde und Decken im Luftw\u00e4scher sind mit 850 m2 Kunststoffplatten der Brandklasse B (as placed on the market) verkleidet. \u00a0<a href=\"https:\/\/www.bouwimpex.nl\/de\/portfolio-items\/bouwplast-plus-fr-platten-in-luftwaescher-nordwales\/\" rel=\"nofollow\">weiterlesen &gt;<\/a><\/p><\/div><\/div><\/div><\/article><article id=\"portfolio-1-post-6675\" class=\"fusion-portfolio-post agrarisch-de fusion-col-spacing post-6675\"><div class=\"fusion-portfolio-content-wrapper\" style=\"border:1px solid #ebeaea;border-bottom-width:3px;background-color:rgba(255,255,255,0);\"><span class=\"vcard rich-snippet-hidden\"><span class=\"fn\"><a href=\"https:\/\/www.bouwimpex.nl\/de\/author\/elske\/\" title=\"Beitr\u00e4ge von Elske Schonewille\" rel=\"author\">Elske Schonewille<\/a><\/span><\/span><span class=\"updated rich-snippet-hidden\">2021-09-23T13:03:31+02:00<\/span><div  class=\"fusion-image-wrapper\" aria-haspopup=\"true\">\n\t\t\t\t\t\t\t<a href=\"https:\/\/www.bouwimpex.nl\/de\/portfolio-items\/innovatives-lichtband-im-deutschen-schweinestall\/?portfolioCats=166%2C167\" aria-label=\"Innovatives Lichtband im deutschen Schweinestall\">\n\t\t\t\t\t\t\t<img decoding=\"async\" width=\"800\" height=\"570\" src=\"https:\/\/www.bouwimpex.nl\/wp-content\/uploads\/2020\/10\/Wissling9a.jpg\" class=\"attachment-full size-full wp-post-image\" alt=\"bouwplast-kozijnen-skov-inlaatprofielen\" srcset=\"https:\/\/www.bouwimpex.nl\/wp-content\/uploads\/2020\/10\/Wissling9a-200x143.jpg 200w, https:\/\/www.bouwimpex.nl\/wp-content\/uploads\/2020\/10\/Wissling9a-400x285.jpg 400w, https:\/\/www.bouwimpex.nl\/wp-content\/uploads\/2020\/10\/Wissling9a-600x428.jpg 600w, https:\/\/www.bouwimpex.nl\/wp-content\/uploads\/2020\/10\/Wissling9a.jpg 800w\" sizes=\"(min-width: 2200px) 100vw, (min-width: 784px) 353px, (min-width: 712px) 530px, (min-width: 640px) 712px, \" \/>\t\t\t<\/a>\n\t\t\t\t\t\t\t<\/div>\n<div class=\"fusion-portfolio-content\" style=\"background-color:rgba(255,255,255,0);\"><h2 class=\"entry-title fusion-post-title\"><a href=\"https:\/\/www.bouwimpex.nl\/de\/portfolio-items\/innovatives-lichtband-im-deutschen-schweinestall\/?portfolioCats=166%2C167\">Innovatives Lichtband im deutschen Schweinestall<\/a><\/h2><div class=\"fusion-content-sep sep-double sep-solid\" style=\"border-color:#e0dede;\"><\/div><div class=\"fusion-post-content\"><p>In einem gro\u00dfen Schweinestall in Beckum, Deutschland, installierte Bouwimpex innovative Lichtb\u00e4nder mit integrierten Einlassventilen. Es handelte sich um eine Ma\u00dfanfertigung: Das LuxAir-System wurde mit SKOV A\/S-Einlassventilen ausgestattet, die der Auftraggeber bereits gekauft hatte.\u00a0<a href=\"https:\/\/www.bouwimpex.nl\/de\/portfolio-items\/innovatives-lichtband-im-deutschen-schweinestall\/\" rel=\"nofollow\">weiterlesen &gt;<\/a><\/p><\/div><\/div><\/div><\/article><article id=\"portfolio-1-post-7076\" class=\"fusion-portfolio-post agrarisch-de fusion-col-spacing post-7076\"><div class=\"fusion-portfolio-content-wrapper\" style=\"border:1px solid #ebeaea;border-bottom-width:3px;background-color:rgba(255,255,255,0);\"><span class=\"vcard rich-snippet-hidden\"><span class=\"fn\"><a href=\"https:\/\/www.bouwimpex.nl\/de\/author\/elske\/\" title=\"Beitr\u00e4ge von Elske Schonewille\" rel=\"author\">Elske Schonewille<\/a><\/span><\/span><span class=\"updated rich-snippet-hidden\">2021-09-23T13:02:41+02:00<\/span><div  class=\"fusion-image-wrapper\" aria-haspopup=\"true\">\n\t\t\t\t\t\t\t<a href=\"https:\/\/www.bouwimpex.nl\/de\/portfolio-items\/neubau-eines-schweinestalls-in-groenlo\/?portfolioCats=166%2C167\" aria-label=\"Neubau eines Schweinestalls in Groenlo\">\n\t\t\t\t\t\t\t<img decoding=\"async\" width=\"958\" height=\"718\" src=\"https:\/\/www.bouwimpex.nl\/wp-content\/uploads\/2021\/06\/Nieuwbouw-stal-Groenlo-buitenaanzicht-e1624344855711.jpg\" class=\"attachment-full size-full wp-post-image\" alt=\"\" \/>\t\t\t<\/a>\n\t\t\t\t\t\t\t<\/div>\n<div class=\"fusion-portfolio-content\" style=\"background-color:rgba(255,255,255,0);\"><h2 class=\"entry-title fusion-post-title\"><a href=\"https:\/\/www.bouwimpex.nl\/de\/portfolio-items\/neubau-eines-schweinestalls-in-groenlo\/?portfolioCats=166%2C167\">Neubau eines Schweinestalls in Groenlo<\/a><\/h2><div class=\"fusion-content-sep sep-double sep-solid\" style=\"border-color:#e0dede;\"><\/div><div class=\"fusion-post-content\"><p>F\u00fcr den Bau eines Schweinestalls in Groenlo in Gelderland, wurde unsere gesamte Produktpalette eingesetzt. \u00a0<a href=\"https:\/\/www.bouwimpex.nl\/de\/portfolio-items\/neubau-eines-schweinestalls-in-groenlo\/\" rel=\"nofollow\">weiterlesen &gt;<\/a><\/p><\/div><\/div><\/div><\/article><article id=\"portfolio-1-post-5613\" class=\"fusion-portfolio-post overig-de fusion-col-spacing post-5613\"><div class=\"fusion-portfolio-content-wrapper\" style=\"border:1px solid #ebeaea;border-bottom-width:3px;background-color:rgba(255,255,255,0);\"><span class=\"vcard rich-snippet-hidden\"><span class=\"fn\"><a href=\"https:\/\/www.bouwimpex.nl\/de\/author\/oliver\/\" title=\"Beitr\u00e4ge von Oliver van Bragt\" rel=\"author\">Oliver van Bragt<\/a><\/span><\/span><span class=\"updated rich-snippet-hidden\">2019-11-26T10:55:24+01:00<\/span><div  class=\"fusion-image-wrapper\" aria-haspopup=\"true\">\n\t\t\t\t\t\t\t<a href=\"https:\/\/www.bouwimpex.nl\/de\/portfolio-items\/installation-des-mea-lichtschachtes-gefilmt\/?portfolioCats=166%2C167\" aria-label=\"Installation des MEA Lichtschachtes gefilmt\">\n\t\t\t\t\t\t\t<img decoding=\"async\" width=\"1560\" height=\"1056\" src=\"https:\/\/www.bouwimpex.nl\/wp-content\/uploads\/2019\/11\/MEA4.jpg\" class=\"attachment-full size-full wp-post-image\" alt=\"\" srcset=\"https:\/\/www.bouwimpex.nl\/wp-content\/uploads\/2019\/11\/MEA4-200x135.jpg 200w, https:\/\/www.bouwimpex.nl\/wp-content\/uploads\/2019\/11\/MEA4-400x271.jpg 400w, https:\/\/www.bouwimpex.nl\/wp-content\/uploads\/2019\/11\/MEA4-600x406.jpg 600w, https:\/\/www.bouwimpex.nl\/wp-content\/uploads\/2019\/11\/MEA4-800x542.jpg 800w, https:\/\/www.bouwimpex.nl\/wp-content\/uploads\/2019\/11\/MEA4-1200x812.jpg 1200w, https:\/\/www.bouwimpex.nl\/wp-content\/uploads\/2019\/11\/MEA4.jpg 1560w\" sizes=\"(min-width: 2200px) 100vw, (min-width: 784px) 353px, (min-width: 712px) 530px, (min-width: 640px) 712px, \" \/>\t\t\t<\/a>\n\t\t\t\t\t\t\t<\/div>\n<div class=\"fusion-portfolio-content\" style=\"background-color:rgba(255,255,255,0);\"><h2 class=\"entry-title fusion-post-title\"><a href=\"https:\/\/www.bouwimpex.nl\/de\/portfolio-items\/installation-des-mea-lichtschachtes-gefilmt\/?portfolioCats=166%2C167\">Installation des MEA Lichtschachtes gefilmt<\/a><\/h2><div class=\"fusion-content-sep sep-double sep-solid\" style=\"border-color:#e0dede;\"><\/div><div class=\"fusion-post-content\"><p>Im Auftrag der Boqo BV aus Eindhoven, haben wir 24 vorgefertigte, wasserdichte Lichtsch\u00e4chte f\u00fcr ein Projekt in Dordrecht geliefert. Wir durften dieses Projekt filmen.\u00a0<a href=\"https:\/\/www.bouwimpex.nl\/de\/portfolio-items\/installation-des-mea-lichtschachtes-gefilmt\/\" rel=\"nofollow\">weiterlesen &gt;<\/a><\/p><\/div><\/div><\/div><\/article><article id=\"portfolio-1-post-5525\" class=\"fusion-portfolio-post agrarisch-de fusion-col-spacing post-5525\"><div class=\"fusion-portfolio-content-wrapper\" style=\"border:1px solid #ebeaea;border-bottom-width:3px;background-color:rgba(255,255,255,0);\"><span class=\"vcard rich-snippet-hidden\"><span class=\"fn\"><a href=\"https:\/\/www.bouwimpex.nl\/de\/author\/oliver\/\" title=\"Beitr\u00e4ge von Oliver van Bragt\" rel=\"author\">Oliver van Bragt<\/a><\/span><\/span><span class=\"updated rich-snippet-hidden\">2019-10-03T08:12:09+02:00<\/span><div  class=\"fusion-image-wrapper\" aria-haspopup=\"true\">\n\t\t\t\t\t\t\t<a href=\"https:\/\/www.bouwimpex.nl\/de\/portfolio-items\/stall-tierfreundlicher-mit-bouwplast-fenster\/?portfolioCats=166%2C167\" aria-label=\"Stall tierfreundlicher mit Bouwplast Fenster\">\n\t\t\t\t\t\t\t<img decoding=\"async\" width=\"640\" height=\"430\" src=\"https:\/\/www.bouwimpex.nl\/wp-content\/uploads\/2019\/10\/header.jpg\" class=\"attachment-full size-full wp-post-image\" alt=\"\" srcset=\"https:\/\/www.bouwimpex.nl\/wp-content\/uploads\/2019\/10\/header-200x134.jpg 200w, https:\/\/www.bouwimpex.nl\/wp-content\/uploads\/2019\/10\/header-400x269.jpg 400w, https:\/\/www.bouwimpex.nl\/wp-content\/uploads\/2019\/10\/header-600x403.jpg 600w, https:\/\/www.bouwimpex.nl\/wp-content\/uploads\/2019\/10\/header.jpg 640w\" sizes=\"(min-width: 2200px) 100vw, (min-width: 784px) 353px, (min-width: 712px) 530px, (min-width: 640px) 712px, \" \/>\t\t\t<\/a>\n\t\t\t\t\t\t\t<\/div>\n<div class=\"fusion-portfolio-content\" style=\"background-color:rgba(255,255,255,0);\"><h2 class=\"entry-title fusion-post-title\"><a href=\"https:\/\/www.bouwimpex.nl\/de\/portfolio-items\/stall-tierfreundlicher-mit-bouwplast-fenster\/?portfolioCats=166%2C167\">Stall tierfreundlicher mit Bouwplast Fenster<\/a><\/h2><div class=\"fusion-content-sep sep-double sep-solid\" style=\"border-color:#e0dede;\"><\/div><div class=\"fusion-post-content\"><p>Der Agrarbetrieb Vof Havekes in Vorden hat einen neuen Stall f\u00fcr die Fleischk\u00e4lber bauen lassen. Bouwimpex lieferte die Fenster f\u00fcr dieses Projekt. \u00a0<a href=\"https:\/\/www.bouwimpex.nl\/de\/portfolio-items\/stall-tierfreundlicher-mit-bouwplast-fenster\/\" rel=\"nofollow\">weiterlesen &gt;<\/a><\/p><\/div><\/div><\/div><\/article><article id=\"portfolio-1-post-5397\" class=\"fusion-portfolio-post agrarisch-de fusion-col-spacing post-5397\"><div class=\"fusion-portfolio-content-wrapper\" style=\"border:1px solid #ebeaea;border-bottom-width:3px;background-color:rgba(255,255,255,0);\"><span class=\"vcard rich-snippet-hidden\"><span class=\"fn\"><a href=\"https:\/\/www.bouwimpex.nl\/de\/author\/oliver\/\" title=\"Beitr\u00e4ge von Oliver van Bragt\" rel=\"author\">Oliver van Bragt<\/a><\/span><\/span><span class=\"updated rich-snippet-hidden\">2019-06-25T13:14:44+02:00<\/span><div  class=\"fusion-image-wrapper\" aria-haspopup=\"true\">\n\t\t\t\t\t\t\t<a href=\"https:\/\/www.bouwimpex.nl\/de\/portfolio-items\/milchviehbetrieb-h-de-with-entschliesst-sich-fuer-bouwplast-exclusive-kunststofffenster\/?portfolioCats=166%2C167\" aria-label=\"Milchviehbetrieb H. de With entschlie\u00dft sich f\u00fcr Bouwplast Exclusive Kunststofffenster\">\n\t\t\t\t\t\t\t<img decoding=\"async\" width=\"640\" height=\"430\" src=\"https:\/\/www.bouwimpex.nl\/wp-content\/uploads\/2019\/06\/melkveebedrijf-H-de-With.jpg\" class=\"attachment-full size-full wp-post-image\" alt=\"Kozijnen verdiept profiel\" srcset=\"https:\/\/www.bouwimpex.nl\/wp-content\/uploads\/2019\/06\/melkveebedrijf-H-de-With-200x134.jpg 200w, https:\/\/www.bouwimpex.nl\/wp-content\/uploads\/2019\/06\/melkveebedrijf-H-de-With-400x269.jpg 400w, https:\/\/www.bouwimpex.nl\/wp-content\/uploads\/2019\/06\/melkveebedrijf-H-de-With-600x403.jpg 600w, https:\/\/www.bouwimpex.nl\/wp-content\/uploads\/2019\/06\/melkveebedrijf-H-de-With.jpg 640w\" sizes=\"(min-width: 2200px) 100vw, (min-width: 784px) 353px, (min-width: 712px) 530px, (min-width: 640px) 712px, \" \/>\t\t\t<\/a>\n\t\t\t\t\t\t\t<\/div>\n<div class=\"fusion-portfolio-content\" style=\"background-color:rgba(255,255,255,0);\"><h2 class=\"entry-title fusion-post-title\"><a href=\"https:\/\/www.bouwimpex.nl\/de\/portfolio-items\/milchviehbetrieb-h-de-with-entschliesst-sich-fuer-bouwplast-exclusive-kunststofffenster\/?portfolioCats=166%2C167\">Milchviehbetrieb H. de With entschlie\u00dft sich f\u00fcr Bouwplast Exclusive Kunststofffenster<\/a><\/h2><div class=\"fusion-content-sep sep-double sep-solid\" style=\"border-color:#e0dede;\"><\/div><div class=\"fusion-post-content\"><p>Anfang 2019 wurde der neue Milchviehstall f\u00fcr den Milchviehbetrieb H. de With fertig gestellt. F\u00fcr dieses Projekt lieferte Bouwimpex die neuen Bouwplast Exclusive Fenster- und T\u00fcrrahmen. Die neuen Kunststoffrahmen von Bouwimpex haben ein vertieftes Profil, das ihnen eine luxuri\u00f6se Note verleiht. \u00a0<a href=\"https:\/\/www.bouwimpex.nl\/de\/portfolio-items\/milchviehbetrieb-h-de-with-entschliesst-sich-fuer-bouwplast-exclusive-kunststofffenster\/\" rel=\"nofollow\">weiterlesen &gt;<\/a><\/p><\/div><\/div><\/div><\/article><article id=\"portfolio-1-post-5308\" class=\"fusion-portfolio-post agrarisch-de fusion-col-spacing post-5308\"><div class=\"fusion-portfolio-content-wrapper\" style=\"border:1px solid #ebeaea;border-bottom-width:3px;background-color:rgba(255,255,255,0);\"><span class=\"vcard rich-snippet-hidden\"><span class=\"fn\"><a href=\"https:\/\/www.bouwimpex.nl\/de\/author\/oliver\/\" title=\"Beitr\u00e4ge von Oliver van Bragt\" rel=\"author\">Oliver van Bragt<\/a><\/span><\/span><span class=\"updated rich-snippet-hidden\">2019-05-08T10:32:46+02:00<\/span><div  class=\"fusion-image-wrapper\" aria-haspopup=\"true\">\n\t\t\t\t\t\t\t<a href=\"https:\/\/www.bouwimpex.nl\/de\/portfolio-items\/das-bauunternehmen-verwendet-bouwimpex-produkte-jetzt-auch-fuer-die-eigene-lagerhalle-nach-bereits-vielen-erfolgreichen-montagen-bei-ihrer-kundschaft\/?portfolioCats=166%2C167\" aria-label=\"Das Bauunternehmen verwendet Bouwimpex-Produkte jetzt auch f\u00fcr die eigene Lagerhalle nach bereits vielen erfolgreichen Montagen bei ihrer Kundschaft\">\n\t\t\t\t\t\t\t<img decoding=\"async\" width=\"706\" height=\"474\" src=\"https:\/\/www.bouwimpex.nl\/wp-content\/uploads\/2019\/05\/test.jpg\" class=\"attachment-full size-full wp-post-image\" alt=\"Bouwimpex kozijnen toegepast op een loods van dhr. Hopmans\" srcset=\"https:\/\/www.bouwimpex.nl\/wp-content\/uploads\/2019\/05\/test-200x134.jpg 200w, https:\/\/www.bouwimpex.nl\/wp-content\/uploads\/2019\/05\/test-400x269.jpg 400w, https:\/\/www.bouwimpex.nl\/wp-content\/uploads\/2019\/05\/test-600x403.jpg 600w, https:\/\/www.bouwimpex.nl\/wp-content\/uploads\/2019\/05\/test.jpg 706w\" sizes=\"(min-width: 2200px) 100vw, (min-width: 784px) 353px, (min-width: 712px) 530px, (min-width: 640px) 712px, \" \/>\t\t\t<\/a>\n\t\t\t\t\t\t\t<\/div>\n<div class=\"fusion-portfolio-content\" style=\"background-color:rgba(255,255,255,0);\"><h2 class=\"entry-title fusion-post-title\"><a href=\"https:\/\/www.bouwimpex.nl\/de\/portfolio-items\/das-bauunternehmen-verwendet-bouwimpex-produkte-jetzt-auch-fuer-die-eigene-lagerhalle-nach-bereits-vielen-erfolgreichen-montagen-bei-ihrer-kundschaft\/?portfolioCats=166%2C167\">Das Bauunternehmen verwendet Bouwimpex-Produkte jetzt auch f\u00fcr die eigene Lagerhalle nach bereits vielen erfolgreichen Montagen bei ihrer Kundschaft<\/a><\/h2><div class=\"fusion-content-sep sep-double sep-solid\" style=\"border-color:#e0dede;\"><\/div><div class=\"fusion-post-content\"><p>Seit Februar 2019 ist die Lagerhalle von Gerard Hopmans mit Fensterrahmen von Bouwimpex ausgestattet. Herr Hopmans ist seit langem ein zufriedener Kunde von Bouwimpex. \u00a0<a href=\"https:\/\/www.bouwimpex.nl\/de\/portfolio-items\/das-bauunternehmen-verwendet-bouwimpex-produkte-jetzt-auch-fuer-die-eigene-lagerhalle-nach-bereits-vielen-erfolgreichen-montagen-bei-ihrer-kundschaft\/\" rel=\"nofollow\">weiterlesen &gt;<\/a><\/p><\/div><\/div><\/div><\/article><\/div><button class=\"fusion-load-more-button fusion-portfolio-button fusion-clearfix\">Load More Posts<\/button><div class=\"fusion-infinite-scroll-trigger\"><\/div><div class=\"pagination infinite-scroll clearfix\" style=\"display:none;\"><span class=\"current\">1<\/span><a href=\"https:\/\/www.bouwimpex.nl\/de\/wp-json\/wp\/v2\/pages\/3420\/page\/2\/\" class=\"inactive\">2<\/a><a class=\"pagination-next\" rel=\"next\" href=\"https:\/\/www.bouwimpex.nl\/de\/wp-json\/wp\/v2\/pages\/3420\/page\/2\/\"><span class=\"page-text\">Next<\/span><span class=\"page-next\"><\/span><\/a><\/div><div class=\"fusion-clearfix\"><\/div><\/div><div class=\"fusion-clearfix\"><\/div><\/div><\/div><\/div><\/div>\n","protected":false},"excerpt":{"rendered":"<p>&nbsp;<a href=\"https:\/\/www.bouwimpex.nl\/de\/portfolio-items\/das-bauunternehmen-verwendet-bouwimpex-produkte-jetzt-auch-fuer-die-eigene-lagerhalle-nach-bereits-vielen-erfolgreichen-montagen-bei-ihrer-kundschaft\/\" rel=\"nofollow\">weiterlesen ><\/a><\/p>\n","protected":false},"author":1,"featured_media":0,"parent":0,"menu_order":0,"comment_status":"closed","ping_status":"closed","template":"100-width.php","meta":{"content-type":"","footnotes":""},"class_list":["post-3420","page","type-page","status-publish","hentry"],"_links":{"self":[{"href":"https:\/\/www.bouwimpex.nl\/de\/wp-json\/wp\/v2\/pages\/3420","targetHints":{"allow":["GET"]}}],"collection":[{"href":"https:\/\/www.bouwimpex.nl\/de\/wp-json\/wp\/v2\/pages"}],"about":[{"href":"https:\/\/www.bouwimpex.nl\/de\/wp-json\/wp\/v2\/types\/page"}],"author":[{"embeddable":true,"href":"https:\/\/www.bouwimpex.nl\/de\/wp-json\/wp\/v2\/users\/1"}],"replies":[{"embeddable":true,"href":"https:\/\/www.bouwimpex.nl\/de\/wp-json\/wp\/v2\/comments?post=3420"}],"version-history":[{"count":0,"href":"https:\/\/www.bouwimpex.nl\/de\/wp-json\/wp\/v2\/pages\/3420\/revisions"}],"wp:attachment":[{"href":"https:\/\/www.bouwimpex.nl\/de\/wp-json\/wp\/v2\/media?parent=3420"}],"curies":[{"name":"wp","href":"https:\/\/api.w.org\/{rel}","templated":true}]}}