{"id":3388,"date":"2017-09-07T07:13:53","date_gmt":"2017-09-07T07:13:53","guid":{"rendered":"http:\/\/www.bouwimpex.skyberatedev.nl\/ueber-uns\/export\/"},"modified":"2018-11-07T14:43:41","modified_gmt":"2018-11-07T14:43:41","slug":"export","status":"publish","type":"page","link":"https:\/\/www.bouwimpex.nl\/de\/ueber-uns\/export\/","title":{"rendered":"Export"},"content":{"rendered":"<p><div class=\"fusion-fullwidth fullwidth-box fusion-builder-row-1 sub_menu_content nonhundred-percent-fullwidth non-hundred-percent-height-scrolling\" style=\"--awb-border-radius-top-left:0px;--awb-border-radius-top-right:0px;--awb-border-radius-bottom-right:0px;--awb-border-radius-bottom-left:0px;--awb-padding-top:0px;--awb-padding-bottom:0px;--awb-flex-wrap:wrap;\" ><div class=\"fusion-builder-row fusion-row\"><div class=\"fusion-layout-column fusion_builder_column fusion-builder-column-0 fusion_builder_column_1_1 1_1 fusion-one-full fusion-column-first fusion-column-last sub_menu_content\" style=\"--awb-bg-size:cover;\"><div class=\"fusion-column-wrapper fusion-flex-column-wrapper-legacy\"><div class=\"fusion-widget-area awb-widget-area-element fusion-widget-area-1 fusion-content-widget-area\" style=\"--awb-title-size:13px;--awb-title-color:#36383e;--awb-padding:0px 0px 0px 0px;\"><div id=\"nav_menu-2\" class=\"widget widget_nav_menu\"><div class=\"menu-submenu-container\"><ul id=\"menu-submenu\" class=\"menu\"><li id=\"menu-item-3634\" class=\"menu-item menu-item-type-post_type menu-item-object-page menu-item-3634\"><a href=\"https:\/\/www.bouwimpex.nl\/de\/ueber-uns\/export\/\">Export<\/a><\/li>\n<li id=\"menu-item-3635\" class=\"menu-item menu-item-type-post_type menu-item-object-page menu-item-3635\"><a href=\"https:\/\/www.bouwimpex.nl\/de\/ueber-uns\/marken\/\">Marken<\/a><\/li>\n<li id=\"menu-item-3637\" class=\"menu-item menu-item-type-post_type menu-item-object-page menu-item-3637\"><a href=\"https:\/\/www.bouwimpex.nl\/de\/ueber-uns\/unser-team\/\">Team<\/a><\/li>\n<li id=\"menu-item-3633\" class=\"menu-item menu-item-type-post_type menu-item-object-page menu-item-3633\"><a href=\"https:\/\/www.bouwimpex.nl\/de\/ueber-uns\/\">Uber uns<\/a><\/li>\n<\/ul><\/div><\/div><div class=\"fusion-additional-widget-content\"><\/div><\/div><div class=\"fusion-clearfix\"><\/div><\/div><\/div><\/div><\/div><div class=\"fusion-fullwidth fullwidth-box fusion-builder-row-2 shadow nonhundred-percent-fullwidth non-hundred-percent-height-scrolling\" style=\"--awb-border-radius-top-left:0px;--awb-border-radius-top-right:0px;--awb-border-radius-bottom-right:0px;--awb-border-radius-bottom-left:0px;--awb-padding-top:0px;--awb-padding-bottom:0px;--awb-border-sizes-top:0px;--awb-border-sizes-bottom:0px;--awb-flex-wrap:wrap;\" ><div class=\"fusion-builder-row fusion-row\"><div class=\"fusion-layout-column fusion_builder_column fusion-builder-column-1 fusion_builder_column_1_1 1_1 fusion-one-full fusion-column-first fusion-column-last\" style=\"--awb-bg-size:cover;\"><div class=\"fusion-column-wrapper fusion-flex-column-wrapper-legacy\"><div class=\"fusion-title title fusion-title-1 fusion-sep-none fusion-title-center fusion-title-text fusion-title-size-one over-ons-h1\" style=\"--awb-margin-top:50px;--awb-margin-bottom:40px;\"><h1 class=\"fusion-title-heading title-heading-center\" style=\"margin:0;\">Export<\/h1><\/div><div class=\"fusion-clearfix\"><\/div><\/div><\/div><div class=\"fusion-layout-column fusion_builder_column fusion-builder-column-2 fusion_builder_column_2_3 2_3 fusion-two-third fusion-column-first\" style=\"--awb-bg-size:cover;width:66.666666666667%;width:calc(66.666666666667% - ( ( 4% ) * 0.66666666666667 ) );margin-right: 4%;\"><div class=\"fusion-column-wrapper fusion-flex-column-wrapper-legacy\"><div class=\"fusion-title title fusion-title-2 fusion-sep-none fusion-title-text fusion-title-size-three\" style=\"--awb-margin-bottom:20px;\"><h3 class=\"fusion-title-heading title-heading-left\" style=\"margin:0;\"><h2>T\u00e4tigkeitsbereiche<\/h2><\/h3><\/div><div class=\"fusion-text fusion-text-1\"><p>Ein gro\u00dfer Teil unserer (landwirtschaftlichen) Bauprodukte findet seinen Weg in andere L\u00e4nder innerhalb und au\u00dferhalb Europas. Dank unserer Erfahrung und Kompetenz im Bereich der Stalleinrichtung wissen wir, wovon wir sprechen und k\u00f6nnen wir gezielt und gut beraten. Unser exzellenter Service und maximale logistische Unterst\u00fctzung machen Bouwimpex zu einem attraktiven Lieferanten f\u00fcr viele ausl\u00e4ndische Kunden.<\/p>\n<p>Im Bereich der \u00dcbersee-Exporte, zum Beispiel nach China, liefert Bouwimpex die Paneele f\u00fcr Stalleinrichtungen und Trennungsw\u00e4nde f\u00fcr die moderne Schweinehaltung. Aber auch bei Kunststoff (Innen)T\u00fcren, Kunststofffenstern und Stallisolierung setzen ausl\u00e4ndische Unternehmen zunehmend auf unsere Kompetenz und hohe Qualit\u00e4t.<\/p>\n<\/div><div class=\"fusion-button-wrapper\"><a class=\"fusion-button button-flat fusion-button-default-size button-default fusion-button-default button-1 fusion-button-default-span fusion-button-default-type button_brochure\" target=\"_blank\" rel=\"noopener noreferrer\" href=\"https:\/\/www.bouwimpex.nl\/wp-content\/uploads\/2018\/10\/Brosch%C3%BCre_Bouwplast_Kunstoffplatten.pdf\"><span class=\"fusion-button-text\">Brosch\u00fcre Bouwplast Kunstoffplatten<\/span><\/a><\/div><div class=\"fusion-clearfix\"><\/div><\/div><\/div><div class=\"fusion-layout-column fusion_builder_column fusion-builder-column-3 fusion_builder_column_1_3 1_3 fusion-one-third fusion-column-last\" style=\"--awb-bg-size:cover;width:33.333333333333%;width:calc(33.333333333333% - ( ( 4% ) * 0.33333333333333 ) );\"><div class=\"fusion-column-wrapper fusion-flex-column-wrapper-legacy\"><div class=\"fusion-image-element in-legacy-container\" style=\"--awb-caption-title-font-family:var(--h2_typography-font-family);--awb-caption-title-font-weight:var(--h2_typography-font-weight);--awb-caption-title-font-style:var(--h2_typography-font-style);--awb-caption-title-size:var(--h2_typography-font-size);--awb-caption-title-transform:var(--h2_typography-text-transform);--awb-caption-title-line-height:var(--h2_typography-line-height);--awb-caption-title-letter-spacing:var(--h2_typography-letter-spacing);\"><span class=\" fusion-imageframe imageframe-none imageframe-1 hover-type-none\"><img decoding=\"async\" width=\"500\" height=\"333\" title=\"bouwimpex_export\" src=\"https:\/\/www.bouwimpex.nl\/wp-content\/uploads\/2018\/05\/bouwimpex_export-500x333.jpg\" alt class=\"img-responsive wp-image-3389\" srcset=\"https:\/\/www.bouwimpex.nl\/wp-content\/uploads\/2018\/05\/bouwimpex_export-200x133.jpg 200w, https:\/\/www.bouwimpex.nl\/wp-content\/uploads\/2018\/05\/bouwimpex_export-400x267.jpg 400w, https:\/\/www.bouwimpex.nl\/wp-content\/uploads\/2018\/05\/bouwimpex_export.jpg 600w\" sizes=\"(max-width: 800px) 100vw, 400px\" \/><\/span><\/div><div class=\"fusion-clearfix\"><\/div><\/div><\/div><\/div><\/div><div class=\"fusion-fullwidth fullwidth-box fusion-builder-row-3 nonhundred-percent-fullwidth non-hundred-percent-height-scrolling\" style=\"--awb-border-radius-top-left:0px;--awb-border-radius-top-right:0px;--awb-border-radius-bottom-right:0px;--awb-border-radius-bottom-left:0px;--awb-padding-top:20px;--awb-padding-bottom:20px;--awb-background-color:#2d3e50;--awb-flex-wrap:wrap;\" id=\"calltoaction\" ><div class=\"fusion-builder-row fusion-row\"><div class=\"fusion-layout-column fusion_builder_column fusion-builder-column-4 fusion_builder_column_1_4 1_4 fusion-one-fourth fusion-column-first\" style=\"--awb-bg-size:cover;width:25%;width:calc(25% - ( ( 4% ) * 0.25 ) );margin-right: 4%;\"><div class=\"fusion-column-wrapper fusion-flex-column-wrapper-legacy\"><div class=\"fusion-title title fusion-title-3 fusion-sep-none fusion-title-text fusion-title-size-two\"><h2 class=\"fusion-title-heading title-heading-left\" style=\"margin:0;\">K\u00f6nnen wir Ihnen helfen?<\/h2><\/div><div class=\"fusion-clearfix\"><\/div><\/div><\/div><div class=\"fusion-layout-column fusion_builder_column fusion-builder-column-5 fusion_builder_column_3_4 3_4 fusion-three-fourth fusion-column-last\" style=\"--awb-bg-size:cover;width:75%;width:calc(75% - ( ( 4% ) * 0.75 ) );\"><div class=\"fusion-column-wrapper fusion-flex-column-wrapper-legacy\"><div class=\"fusion-content-boxes content-boxes columns row fusion-columns-3 fusion-columns-total-3 fusion-content-boxes-1 content-boxes-icon-on-side content-left\" style=\"--awb-title-color:#ffffff;--awb-margin-top:8px;--awb-hover-accent-color:#de2330;--awb-circle-hover-accent-color:transparent;\" data-animationOffset=\"top-into-view\"><div style=\"--awb-backgroundcolor:rgba(255,255,255,0);--awb-content-padding-left:41px;\" class=\"fusion-column content-box-column content-box-column content-box-column-1 col-lg-4 col-md-4 col-sm-4 fusion-content-box-hover content-box-column-first-in-row\"><div class=\"col content-box-wrapper content-wrapper link-area-link-icon link-type-text icon-hover-animation-fade\" data-animationOffset=\"top-into-view\"><div class=\"heading heading-with-icon icon-left\"><a class=\"heading-link\" href=\"tel:+31342420233\" target=\"_self\"><div class=\"icon\"><i style=\"background-color:transparent;border-color:transparent;height:auto;width: 21px;line-height:normal;font-size:21px;\" aria-hidden=\"true\" class=\"fontawesome-icon fa fa-phone circle-no\"><\/i><\/div><h2 class=\"content-box-heading\" style=\"--h2_typography-font-size:13px;line-height:18px;padding-left:41px;\">+31 (0)342 420233<\/h2><\/a><\/div><\/div><\/div><div style=\"--awb-backgroundcolor:rgba(255,255,255,0);--awb-content-padding-left:41px;\" class=\"fusion-column content-box-column content-box-column content-box-column-2 col-lg-4 col-md-4 col-sm-4 fusion-content-box-hover \"><div class=\"col content-box-wrapper content-wrapper link-area-link-icon link-type-text icon-hover-animation-fade\" data-animationOffset=\"top-into-view\"><div class=\"heading heading-with-icon icon-left\"><a class=\"heading-link\" href=\"mailto:sales@bouwimpex.nl\" target=\"_self\"><div class=\"icon\"><i style=\"background-color:transparent;border-color:transparent;height:auto;width: 21px;line-height:normal;font-size:21px;\" aria-hidden=\"true\" class=\"fontawesome-icon fa fa-envelope-o circle-no\"><\/i><\/div><h2 class=\"content-box-heading\" style=\"--h2_typography-font-size:13px;line-height:18px;padding-left:41px;\">sales@bouwimpex.nl<\/h2><\/a><\/div><\/div><\/div><div style=\"--awb-backgroundcolor:rgba(255,255,255,0);--awb-content-padding-left:41px;\" class=\"fusion-column content-box-column content-box-column content-box-column-3 col-lg-4 col-md-4 col-sm-4 fusion-content-box-hover content-box-column-last content-box-column-last-in-row\"><div class=\"col content-box-wrapper content-wrapper link-area-link-icon link-type-text icon-hover-animation-fade\" data-animationOffset=\"top-into-view\"><div class=\"heading heading-with-icon icon-left\"><a class=\"heading-link\" href=\".\/contact\" target=\"_self\"><div class=\"icon\"><i style=\"background-color:transparent;border-color:transparent;height:auto;width: 21px;line-height:normal;font-size:21px;\" aria-hidden=\"true\" class=\"fontawesome-icon fa-wpforms fab circle-no\"><\/i><\/div><h2 class=\"content-box-heading\" style=\"--h2_typography-font-size:13px;line-height:18px;padding-left:41px;\">Kontakt aufnehmen<\/h2><\/a><\/div><\/div><\/div><div class=\"fusion-clearfix\"><\/div><\/div><div class=\"fusion-clearfix\"><\/div><\/div><\/div><\/div><\/div><\/p>\n","protected":false},"excerpt":{"rendered":"","protected":false},"author":1,"featured_media":0,"parent":3384,"menu_order":0,"comment_status":"closed","ping_status":"closed","template":"100-width.php","meta":{"content-type":"","footnotes":""},"class_list":["post-3388","page","type-page","status-publish","hentry"],"_links":{"self":[{"href":"https:\/\/www.bouwimpex.nl\/de\/wp-json\/wp\/v2\/pages\/3388","targetHints":{"allow":["GET"]}}],"collection":[{"href":"https:\/\/www.bouwimpex.nl\/de\/wp-json\/wp\/v2\/pages"}],"about":[{"href":"https:\/\/www.bouwimpex.nl\/de\/wp-json\/wp\/v2\/types\/page"}],"author":[{"embeddable":true,"href":"https:\/\/www.bouwimpex.nl\/de\/wp-json\/wp\/v2\/users\/1"}],"replies":[{"embeddable":true,"href":"https:\/\/www.bouwimpex.nl\/de\/wp-json\/wp\/v2\/comments?post=3388"}],"version-history":[{"count":0,"href":"https:\/\/www.bouwimpex.nl\/de\/wp-json\/wp\/v2\/pages\/3388\/revisions"}],"up":[{"embeddable":true,"href":"https:\/\/www.bouwimpex.nl\/de\/wp-json\/wp\/v2\/pages\/3384"}],"wp:attachment":[{"href":"https:\/\/www.bouwimpex.nl\/de\/wp-json\/wp\/v2\/media?parent=3388"}],"curies":[{"name":"wp","href":"https:\/\/api.w.org\/{rel}","templated":true}]}}