{"id":3380,"date":"2018-05-25T12:22:45","date_gmt":"2018-05-25T12:22:45","guid":{"rendered":"http:\/\/www.bouwimpex.skyberatedev.nl\/nieuwsarchief\/"},"modified":"2018-11-07T14:42:13","modified_gmt":"2018-11-07T14:42:13","slug":"news-archiv","status":"publish","type":"page","link":"https:\/\/www.bouwimpex.nl\/de\/news-archiv\/","title":{"rendered":"News Archiv"},"content":{"rendered":"<div class=\"fusion-fullwidth fullwidth-box fusion-builder-row-1 nonhundred-percent-fullwidth non-hundred-percent-height-scrolling\" style=\"--awb-border-radius-top-left:0px;--awb-border-radius-top-right:0px;--awb-border-radius-bottom-right:0px;--awb-border-radius-bottom-left:0px;--awb-padding-top:20px;--awb-padding-bottom:20px;--awb-border-sizes-top:0px;--awb-border-sizes-bottom:0px;--awb-flex-wrap:wrap;\" ><div class=\"fusion-builder-row fusion-row\"><div class=\"fusion-layout-column fusion_builder_column fusion-builder-column-0 fusion_builder_column_1_1 1_1 fusion-one-full fusion-column-first fusion-column-last\" style=\"--awb-bg-size:cover;\"><div class=\"fusion-column-wrapper fusion-flex-column-wrapper-legacy\"><div class=\"fusion-title title fusion-title-1 fusion-sep-none fusion-title-center fusion-title-text fusion-title-size-one\" style=\"--awb-margin-bottom:40px;\"><h1 class=\"fusion-title-heading title-heading-center\" style=\"margin:0;\">News Archiv<\/h1><\/div><div class=\"fusion-blog-shortcode fusion-blog-shortcode-1 fusion-blog-archive fusion-blog-layout-medium-alternate fusion-blog-no\" id=\"nieuws_blog\"><div class=\"fusion-posts-container fusion-posts-container-no\" data-pages=\"2\"><article id=\"blog-1-post-3986\" class=\"fusion-post-medium-alternate post-3986 post type-post status-publish format-standard has-post-thumbnail hentry category-nieuwsarchief-de\">\n<div class=\"fusion-date-and-formats\"><div class=\"fusion-date-box updated\"><span class=\"fusion-date\">18<\/span><span class=\"fusion-month-year\">10, 2018<\/span><\/div><div class=\"fusion-format-box\"><i class=\"awb-icon-pen\" aria-hidden=\"true\"><\/i><\/div><\/div>\t<style type=\"text\/css\">\n\t\t\n\t\t\n\t\t\n\t\t\n\t\t\t<\/style>\n\n\n\t\t\t<div class=\"fusion-flexslider flexslider fusion-flexslider-loading fusion-post-slideshow\" style=\"\">\n\t\t<ul class=\"slides\">\n\t\t\t\n\t\t\t\t\t\t\t\t\t\t\t\t\t\t<li><div  class=\"fusion-image-wrapper fusion-image-size-fixed\" aria-haspopup=\"true\">\n\t\t\t\t\t\t\t<a href=\"https:\/\/www.bouwimpex.nl\/de\/nieuwsarchief-de\/besuchen-sie-uns-auf-der-eurotier-stand-15-e-27-2\/\" aria-label=\"Besuchen Sie uns auf der Eurotier: Stand 15.E.27\">\n\t\t\t\t\t\t\t<img decoding=\"async\" width=\"320\" height=\"202\" src=\"https:\/\/www.bouwimpex.nl\/wp-content\/uploads\/2018\/09\/voor-eurotier-320x202.jpg\" class=\"attachment-blog-medium size-blog-medium wp-post-image\" alt=\"bouwimpex_ eurotier_2018\" \/>\t\t\t<\/a>\n\t\t\t\t\t\t\t<\/div>\n<\/li>\n\t\t\t\n\t\t\t\n\t\t\t\t\t\t\t\t\t\t\t\t\t\t\t\t\t\t\t\t\t\t\t\t\t\t\t\t\t\t\t\t\t\t\t\t\t\t\t\t\t\t\t\t\t\t\t\t\t\t\t\t\t\t\t\t\t\t\t\t\t\t\t\t\t\t\t\t<\/ul>\n\t<\/div>\n\t<div class=\"fusion-post-content post-content\"><h2 class=\"blog-shortcode-post-title entry-title\"><a href=\"https:\/\/www.bouwimpex.nl\/de\/nieuwsarchief-de\/besuchen-sie-uns-auf-der-eurotier-stand-15-e-27-2\/\">Besuchen Sie uns auf der Eurotier: Stand 15.E.27<\/a><\/h2><div class=\"fusion-post-content-container\"><p>Vom 13. bis 16. November pr\u00e4sentiert Bouwimpex auf der Eurotier in Hannover Ihre wichtigsten Bauprodukte einem internationalen Publikum. Sie sind herzlich willkommen an unserem Stand 15.E.27 (Halle 15).\r\n\u00a0<a href=\"https:\/\/www.bouwimpex.nl\/de\/nieuwsarchief-de\/besuchen-sie-uns-auf-der-eurotier-stand-15-e-27-2\/\" rel=\"nofollow\">weiterlesen &gt;<\/a><\/p><\/div><\/div><div class=\"fusion-clearfix\"><\/div><div class=\"fusion-meta-info\"><div class=\"fusion-alignright\"><a class=\"fusion-read-more\" href=\"https:\/\/www.bouwimpex.nl\/de\/nieuwsarchief-de\/besuchen-sie-uns-auf-der-eurotier-stand-15-e-27-2\/\" aria-label=\"More on Besuchen Sie uns auf der Eurotier: Stand 15.E.27\">weiterlesen<\/a><\/div><\/div><\/article>\n<article id=\"blog-1-post-3458\" class=\"fusion-post-medium-alternate post-3458 post type-post status-publish format-standard has-post-thumbnail hentry category-nieuwsarchief-de\">\n<div class=\"fusion-date-and-formats\"><div class=\"fusion-date-box updated\"><span class=\"fusion-date\">15<\/span><span class=\"fusion-month-year\">12, 2017<\/span><\/div><div class=\"fusion-format-box\"><i class=\"awb-icon-pen\" aria-hidden=\"true\"><\/i><\/div><\/div>\t<style type=\"text\/css\">\n\t\t\n\t\t\n\t\t\n\t\t\n\t\t\t<\/style>\n\n\n\t\t\t<div class=\"fusion-flexslider flexslider fusion-flexslider-loading fusion-post-slideshow\" style=\"\">\n\t\t<ul class=\"slides\">\n\t\t\t\n\t\t\t\t\t\t\t\t\t\t\t\t\t\t<li><div  class=\"fusion-image-wrapper fusion-image-size-fixed\" aria-haspopup=\"true\">\n\t\t\t\t\t\t\t<a href=\"https:\/\/www.bouwimpex.nl\/de\/nieuwsarchief-de\/gruener-stall\/\" aria-label=\"Gr\u00fcner Stall f\u00fcr die Familie van den Aker\">\n\t\t\t\t\t\t\t<img decoding=\"async\" width=\"320\" height=\"202\" src=\"https:\/\/www.bouwimpex.nl\/wp-content\/uploads\/2018\/05\/JJP_BMPX_OOSTWOLD_12-320x202.jpg\" class=\"attachment-blog-medium size-blog-medium wp-post-image\" alt=\"\" srcset=\"https:\/\/www.bouwimpex.nl\/wp-content\/uploads\/2018\/05\/JJP_BMPX_OOSTWOLD_12-320x202.jpg 320w, https:\/\/www.bouwimpex.nl\/wp-content\/uploads\/2018\/05\/JJP_BMPX_OOSTWOLD_12-700x441.jpg 700w\" sizes=\"(max-width: 320px) 100vw, 320px\" \/>\t\t\t<\/a>\n\t\t\t\t\t\t\t<\/div>\n<\/li>\n\t\t\t\n\t\t\t\n\t\t\t\t\t\t\t\t\t\t\t\t\t\t\t\t\t\t\t\t\t\t\t\t\t\t\t\t\t\t\t\t\t\t\t\t\t\t\t\t\t\t\t\t\t\t\t\t\t\t\t\t\t\t\t\t\t\t\t\t\t\t\t\t\t\t\t\t<\/ul>\n\t<\/div>\n\t<div class=\"fusion-post-content post-content\"><h2 class=\"blog-shortcode-post-title entry-title\"><a href=\"https:\/\/www.bouwimpex.nl\/de\/nieuwsarchief-de\/gruener-stall\/\">Gr\u00fcner Stall f\u00fcr die Familie van den Aker<\/a><\/h2><div class=\"fusion-post-content-container\"><p>Im Jahr 2017 lie\u00df die Familie van den Aker einen neuen Gr\u00fcnen Label Schweinestall bauen. Bouwimpex lieferte f\u00fcr dieses attraktive Projekt verschiedene hochwertige Kunststoffbaumaterialien, um den Stall ganz nach den neuesten baulichen Anforderungen zu liefern und so zum \u201eBeter Leven\u201c Qualit\u00e4tssiegel beizutragen.\u00a0<a href=\"https:\/\/www.bouwimpex.nl\/de\/nieuwsarchief-de\/gruener-stall\/\" rel=\"nofollow\">weiterlesen &gt;<\/a><\/p><\/div><\/div><div class=\"fusion-clearfix\"><\/div><div class=\"fusion-meta-info\"><div class=\"fusion-alignright\"><a class=\"fusion-read-more\" href=\"https:\/\/www.bouwimpex.nl\/de\/nieuwsarchief-de\/gruener-stall\/\" aria-label=\"More on Gr\u00fcner Stall f\u00fcr die Familie van den Aker\">weiterlesen<\/a><\/div><\/div><\/article>\n<article id=\"blog-1-post-3465\" class=\"fusion-post-medium-alternate post-3465 post type-post status-publish format-standard has-post-thumbnail hentry category-nieuwsarchief-de\">\n<div class=\"fusion-date-and-formats\"><div class=\"fusion-date-box updated\"><span class=\"fusion-date\">2<\/span><span class=\"fusion-month-year\">10, 2017<\/span><\/div><div class=\"fusion-format-box\"><i class=\"awb-icon-pen\" aria-hidden=\"true\"><\/i><\/div><\/div>\t<style type=\"text\/css\">\n\t\t\n\t\t\n\t\t\n\t\t\n\t\t\t<\/style>\n\n\n\t\t\t<div class=\"fusion-flexslider flexslider fusion-flexslider-loading fusion-post-slideshow\" style=\"\">\n\t\t<ul class=\"slides\">\n\t\t\t\n\t\t\t\t\t\t\t\t\t\t\t\t\t\t<li><div  class=\"fusion-image-wrapper fusion-image-size-fixed\" aria-haspopup=\"true\">\n\t\t\t\t\t\t\t<a href=\"https:\/\/www.bouwimpex.nl\/de\/nieuwsarchief-de\/gesamtkonzept-fuer-mts-bezu-haulerwijk\/\" aria-label=\"Totaalkonzept f\u00fcr Mts. Bezu Haulerwijk\">\n\t\t\t\t\t\t\t<img decoding=\"async\" width=\"320\" height=\"202\" src=\"https:\/\/www.bouwimpex.nl\/wp-content\/uploads\/2017\/11\/JJP_BOUWIMPEX_HAULERWIJK_08CLEAN_72dpi-320x202.jpg\" class=\"attachment-blog-medium size-blog-medium wp-post-image\" alt=\"daglicht-en_luchtinlaatsysteem_winddrukkap\" srcset=\"https:\/\/www.bouwimpex.nl\/wp-content\/uploads\/2017\/11\/JJP_BOUWIMPEX_HAULERWIJK_08CLEAN_72dpi-320x202.jpg 320w, https:\/\/www.bouwimpex.nl\/wp-content\/uploads\/2017\/11\/JJP_BOUWIMPEX_HAULERWIJK_08CLEAN_72dpi-700x441.jpg 700w\" sizes=\"(max-width: 320px) 100vw, 320px\" \/>\t\t\t<\/a>\n\t\t\t\t\t\t\t<\/div>\n<\/li>\n\t\t\t\n\t\t\t\n\t\t\t\t\t\t\t\t\t\t\t\t\t\t\t\t\t\t\t\t\t\t\t\t\t\t\t\t\t\t\t\t\t\t\t\t\t\t\t\t\t\t\t\t\t\t\t\t\t\t\t\t\t\t\t\t\t\t\t\t\t\t\t\t\t\t\t\t<\/ul>\n\t<\/div>\n\t<div class=\"fusion-post-content post-content\"><h2 class=\"blog-shortcode-post-title entry-title\"><a href=\"https:\/\/www.bouwimpex.nl\/de\/nieuwsarchief-de\/gesamtkonzept-fuer-mts-bezu-haulerwijk\/\">Totaalkonzept f\u00fcr Mts. Bezu Haulerwijk<\/a><\/h2><div class=\"fusion-post-content-container\"><p>Ein Konzept f\u00fcr mehr Tageslicht und Frischluft und die Regulierung der Windeinfl\u00fcsse im Stall? Das LuxAir-System wurde in Kombination mit speziellen Windschutzkappen f\u00fcr den neu gebauten K\u00e4lberstall von Mts Bezu in Haulerwijk eingesetzt. Beide Produkte wurden von Bouwimpex entwickelt.\u00a0<a href=\"https:\/\/www.bouwimpex.nl\/de\/nieuwsarchief-de\/gesamtkonzept-fuer-mts-bezu-haulerwijk\/\" rel=\"nofollow\">weiterlesen &gt;<\/a><\/p><\/div><\/div><div class=\"fusion-clearfix\"><\/div><div class=\"fusion-meta-info\"><div class=\"fusion-alignright\"><a class=\"fusion-read-more\" href=\"https:\/\/www.bouwimpex.nl\/de\/nieuwsarchief-de\/gesamtkonzept-fuer-mts-bezu-haulerwijk\/\" aria-label=\"More on Totaalkonzept f\u00fcr Mts. Bezu Haulerwijk\">weiterlesen<\/a><\/div><\/div><\/article>\n<article id=\"blog-1-post-3469\" class=\"fusion-post-medium-alternate post-3469 post type-post status-publish format-standard has-post-thumbnail hentry category-nieuwsarchief-de\">\n<div class=\"fusion-date-and-formats\"><div class=\"fusion-date-box updated\"><span class=\"fusion-date\">2<\/span><span class=\"fusion-month-year\">06, 2017<\/span><\/div><div class=\"fusion-format-box\"><i class=\"awb-icon-pen\" aria-hidden=\"true\"><\/i><\/div><\/div>\t<style type=\"text\/css\">\n\t\t\n\t\t\n\t\t\n\t\t\n\t\t\t<\/style>\n\n\n\t\t\t<div class=\"fusion-flexslider flexslider fusion-flexslider-loading fusion-post-slideshow\" style=\"\">\n\t\t<ul class=\"slides\">\n\t\t\t\n\t\t\t\t\t\t\t\t\t\t\t\t\t\t<li><div  class=\"fusion-image-wrapper fusion-image-size-fixed\" aria-haspopup=\"true\">\n\t\t\t\t\t\t\t<a href=\"https:\/\/www.bouwimpex.nl\/de\/nieuwsarchief-de\/auffaellige-umgestaltung-des-theatergebaeudes-vis-a-vis\/\" aria-label=\"Auff\u00e4llige Umgestaltung des Theatergeb\u00e4udes Vis-a-vis\">\n\t\t\t\t\t\t\t<img decoding=\"async\" width=\"320\" height=\"202\" src=\"https:\/\/www.bouwimpex.nl\/wp-content\/uploads\/2018\/05\/JJP_BOUWIMPEX_ALMERE_04_2-320x202.jpg\" class=\"attachment-blog-medium size-blog-medium wp-post-image\" alt=\"Bouwplast_kunststof_ramen_deuren_rood\" srcset=\"https:\/\/www.bouwimpex.nl\/wp-content\/uploads\/2018\/05\/JJP_BOUWIMPEX_ALMERE_04_2-320x202.jpg 320w, https:\/\/www.bouwimpex.nl\/wp-content\/uploads\/2018\/05\/JJP_BOUWIMPEX_ALMERE_04_2-700x441.jpg 700w\" sizes=\"(max-width: 320px) 100vw, 320px\" \/>\t\t\t<\/a>\n\t\t\t\t\t\t\t<\/div>\n<\/li>\n\t\t\t\n\t\t\t\n\t\t\t\t\t\t\t\t\t\t\t\t\t\t\t\t\t\t\t\t\t\t\t\t\t\t\t\t\t\t\t\t\t\t\t\t\t\t\t\t\t\t\t\t\t\t\t\t\t\t\t\t\t\t\t\t\t\t\t\t\t\t\t\t\t\t\t\t<\/ul>\n\t<\/div>\n\t<div class=\"fusion-post-content post-content\"><h2 class=\"blog-shortcode-post-title entry-title\"><a href=\"https:\/\/www.bouwimpex.nl\/de\/nieuwsarchief-de\/auffaellige-umgestaltung-des-theatergebaeudes-vis-a-vis\/\">Auff\u00e4llige Umgestaltung des Theatergeb\u00e4udes Vis-a-vis<\/a><\/h2><div class=\"fusion-post-content-container\"><p>Im Fr\u00fchjahr 2017 fand eine komplette Renovierung des Geb\u00e4udes statt, bei der die Wahl auf eine Variante mit bordeauxrote Kunststoff-Fenster und -T\u00fcren von Bouwplast fiel. \u00a0<a href=\"https:\/\/www.bouwimpex.nl\/de\/nieuwsarchief-de\/auffaellige-umgestaltung-des-theatergebaeudes-vis-a-vis\/\" rel=\"nofollow\">weiterlesen &gt;<\/a><\/p><\/div><\/div><div class=\"fusion-clearfix\"><\/div><div class=\"fusion-meta-info\"><div class=\"fusion-alignright\"><a class=\"fusion-read-more\" href=\"https:\/\/www.bouwimpex.nl\/de\/nieuwsarchief-de\/auffaellige-umgestaltung-des-theatergebaeudes-vis-a-vis\/\" aria-label=\"More on Auff\u00e4llige Umgestaltung des Theatergeb\u00e4udes Vis-a-vis\">weiterlesen<\/a><\/div><\/div><\/article>\n<article id=\"blog-1-post-3474\" class=\"fusion-post-medium-alternate post-3474 post type-post status-publish format-standard has-post-thumbnail hentry category-nieuwsarchief-de\">\n<div class=\"fusion-date-and-formats\"><div class=\"fusion-date-box updated\"><span class=\"fusion-date\">2<\/span><span class=\"fusion-month-year\">06, 2016<\/span><\/div><div class=\"fusion-format-box\"><i class=\"awb-icon-pen\" aria-hidden=\"true\"><\/i><\/div><\/div>\t<style type=\"text\/css\">\n\t\t\n\t\t\n\t\t\n\t\t\n\t\t\t<\/style>\n\n\n\t\t\t<div class=\"fusion-flexslider flexslider fusion-flexslider-loading fusion-post-slideshow\" style=\"\">\n\t\t<ul class=\"slides\">\n\t\t\t\n\t\t\t\t\t\t\t\t\t\t\t\t\t\t<li><div  class=\"fusion-image-wrapper fusion-image-size-fixed\" aria-haspopup=\"true\">\n\t\t\t\t\t\t\t<a href=\"https:\/\/www.bouwimpex.nl\/de\/nieuwsarchief-de\/die-bouwplast-abdeckleiste\/\" aria-label=\"Der Bouwplast-Abdeckrahme\">\n\t\t\t\t\t\t\t<img decoding=\"async\" width=\"200\" height=\"133\" src=\"https:\/\/www.bouwimpex.nl\/wp-content\/uploads\/2016\/06\/image-2.jpg\" class=\"attachment-blog-medium size-blog-medium wp-post-image\" alt=\"\" \/>\t\t\t<\/a>\n\t\t\t\t\t\t\t<\/div>\n<\/li>\n\t\t\t\n\t\t\t\n\t\t\t\t\t\t\t\t\t\t\t\t\t\t\t\t\t\t\t\t\t\t\t\t\t\t\t\t\t\t\t\t\t\t\t\t\t\t\t\t\t\t\t\t\t\t\t\t\t\t\t\t\t\t\t\t\t\t\t\t\t\t\t\t\t\t\t\t<\/ul>\n\t<\/div>\n\t<div class=\"fusion-post-content post-content\"><h2 class=\"blog-shortcode-post-title entry-title\"><a href=\"https:\/\/www.bouwimpex.nl\/de\/nieuwsarchief-de\/die-bouwplast-abdeckleiste\/\">Der Bouwplast-Abdeckrahme<\/a><\/h2><div class=\"fusion-post-content-container\"><p>Mit der Einf\u00fchrung der Bouwplast Abdeckleiste bietet Bouwimpex eine vorgefertigte Zargenl\u00f6sung f\u00fcr jeden Bauspezialisten. Der Kunststoffrahmen wird in der Aussparung am Geb\u00e4ude montiert und im Handumdrehen platziert.\u00a0<a href=\"https:\/\/www.bouwimpex.nl\/de\/nieuwsarchief-de\/die-bouwplast-abdeckleiste\/\" rel=\"nofollow\">weiterlesen &gt;<\/a><\/p><\/div><\/div><div class=\"fusion-clearfix\"><\/div><div class=\"fusion-meta-info\"><div class=\"fusion-alignright\"><a class=\"fusion-read-more\" href=\"https:\/\/www.bouwimpex.nl\/de\/nieuwsarchief-de\/die-bouwplast-abdeckleiste\/\" aria-label=\"More on Der Bouwplast-Abdeckrahme\">weiterlesen<\/a><\/div><\/div><\/article>\n<article id=\"blog-1-post-3482\" class=\"fusion-post-medium-alternate post-3482 post type-post status-publish format-standard has-post-thumbnail hentry category-nieuwsarchief-de\">\n<div class=\"fusion-date-and-formats\"><div class=\"fusion-date-box updated\"><span class=\"fusion-date\">9<\/span><span class=\"fusion-month-year\">02, 2016<\/span><\/div><div class=\"fusion-format-box\"><i class=\"awb-icon-pen\" aria-hidden=\"true\"><\/i><\/div><\/div>\t<style type=\"text\/css\">\n\t\t\n\t\t\n\t\t\n\t\t\n\t\t\t<\/style>\n\n\n\t\t\t<div class=\"fusion-flexslider flexslider fusion-flexslider-loading fusion-post-slideshow\" style=\"\">\n\t\t<ul class=\"slides\">\n\t\t\t\n\t\t\t\t\t\t\t\t\t\t\t\t\t\t<li><div  class=\"fusion-image-wrapper fusion-image-size-fixed\" aria-haspopup=\"true\">\n\t\t\t\t\t\t\t<a href=\"https:\/\/www.bouwimpex.nl\/de\/nieuwsarchief-de\/meavector-fuer-schwere-konstruktionen\/\" aria-label=\"Meavector: f\u00fcr schwere Konstruktionen\">\n\t\t\t\t\t\t\t<img decoding=\"async\" width=\"320\" height=\"202\" src=\"https:\/\/www.bouwimpex.nl\/wp-content\/uploads\/2018\/04\/meavector_betonnen_kelderkoekoeken-320x202.jpg\" class=\"attachment-blog-medium size-blog-medium wp-post-image\" alt=\"\" \/>\t\t\t<\/a>\n\t\t\t\t\t\t\t<\/div>\n<\/li>\n\t\t\t\n\t\t\t\n\t\t\t\t\t\t\t\t\t\t\t\t\t\t\t\t\t\t\t\t\t\t\t\t\t\t\t\t\t\t\t\t\t\t\t\t\t\t\t\t\t\t\t\t\t\t\t\t\t\t\t\t\t\t\t\t\t\t\t\t\t\t\t\t\t\t\t\t<\/ul>\n\t<\/div>\n\t<div class=\"fusion-post-content post-content\"><h2 class=\"blog-shortcode-post-title entry-title\"><a href=\"https:\/\/www.bouwimpex.nl\/de\/nieuwsarchief-de\/meavector-fuer-schwere-konstruktionen\/\">Meavector: f\u00fcr schwere Konstruktionen<\/a><\/h2><div class=\"fusion-post-content-container\"><p>Neu im Lieferprogramm: Meavector Beton Keller-Lichtsch\u00e4chte werden bei Projekten eingesetzt, bei denen hohe bauliche Anforderungen gestellt werden. Die gro\u00dfen, starken Lichtsch\u00e4chte haben eine lange Lebensdauer und k\u00f6nnen in verschiedenen Gr\u00f6\u00dfen bis zu einer Breite von 252 cm hergestellt werden.\u00a0<a href=\"https:\/\/www.bouwimpex.nl\/de\/nieuwsarchief-de\/meavector-fuer-schwere-konstruktionen\/\" rel=\"nofollow\">weiterlesen &gt;<\/a><\/p><\/div><\/div><div class=\"fusion-clearfix\"><\/div><div class=\"fusion-meta-info\"><div class=\"fusion-alignright\"><a class=\"fusion-read-more\" href=\"https:\/\/www.bouwimpex.nl\/de\/nieuwsarchief-de\/meavector-fuer-schwere-konstruktionen\/\" aria-label=\"More on Meavector: f\u00fcr schwere Konstruktionen\">weiterlesen<\/a><\/div><\/div><\/article>\n<\/div><\/div><div class=\"fusion-clearfix\"><\/div><\/div><\/div><\/div><\/div>\n","protected":false},"excerpt":{"rendered":"<p>&nbsp;<a href=\"https:\/\/www.bouwimpex.nl\/de\/nieuwsarchief-de\/meavector-fuer-schwere-konstruktionen\/\" rel=\"nofollow\">weiterlesen ><\/a><\/p>\n","protected":false},"author":4,"featured_media":0,"parent":0,"menu_order":0,"comment_status":"closed","ping_status":"closed","template":"100-width.php","meta":{"content-type":"","footnotes":""},"class_list":["post-3380","page","type-page","status-publish","hentry"],"_links":{"self":[{"href":"https:\/\/www.bouwimpex.nl\/de\/wp-json\/wp\/v2\/pages\/3380","targetHints":{"allow":["GET"]}}],"collection":[{"href":"https:\/\/www.bouwimpex.nl\/de\/wp-json\/wp\/v2\/pages"}],"about":[{"href":"https:\/\/www.bouwimpex.nl\/de\/wp-json\/wp\/v2\/types\/page"}],"author":[{"embeddable":true,"href":"https:\/\/www.bouwimpex.nl\/de\/wp-json\/wp\/v2\/users\/4"}],"replies":[{"embeddable":true,"href":"https:\/\/www.bouwimpex.nl\/de\/wp-json\/wp\/v2\/comments?post=3380"}],"version-history":[{"count":0,"href":"https:\/\/www.bouwimpex.nl\/de\/wp-json\/wp\/v2\/pages\/3380\/revisions"}],"wp:attachment":[{"href":"https:\/\/www.bouwimpex.nl\/de\/wp-json\/wp\/v2\/media?parent=3380"}],"curies":[{"name":"wp","href":"https:\/\/api.w.org\/{rel}","templated":true}]}}