{"id":3376,"date":"2017-09-04T13:55:54","date_gmt":"2017-09-04T13:55:54","guid":{"rendered":"http:\/\/www.bouwimpex.skyberatedev.nl\/nieuws\/"},"modified":"2018-11-07T14:42:08","modified_gmt":"2018-11-07T14:42:08","slug":"news","status":"publish","type":"page","link":"https:\/\/www.bouwimpex.nl\/de\/news\/","title":{"rendered":"News"},"content":{"rendered":"<div class=\"fusion-fullwidth fullwidth-box fusion-builder-row-1 nonhundred-percent-fullwidth non-hundred-percent-height-scrolling\" style=\"--awb-border-radius-top-left:0px;--awb-border-radius-top-right:0px;--awb-border-radius-bottom-right:0px;--awb-border-radius-bottom-left:0px;--awb-padding-top:20px;--awb-padding-bottom:20px;--awb-border-sizes-top:0px;--awb-border-sizes-bottom:0px;--awb-flex-wrap:wrap;\" ><div class=\"fusion-builder-row fusion-row\"><div class=\"fusion-layout-column fusion_builder_column fusion-builder-column-0 fusion_builder_column_1_1 1_1 fusion-one-full fusion-column-first fusion-column-last\" style=\"--awb-bg-size:cover;\"><div class=\"fusion-column-wrapper fusion-flex-column-wrapper-legacy\"><div class=\"fusion-alignright\"><a class=\"fusion-button button-flat fusion-button-default-size button-default fusion-button-default button-1 fusion-button-default-span fusion-button-default-type\" target=\"_self\" href=\"https:\/\/www.bouwimpex.nl\/de\/news-archiv\/\"><span class=\"fusion-button-text\">News Archiv<\/span><\/a><\/div><div class=\"fusion-title title fusion-title-1 fusion-sep-none fusion-title-center fusion-title-text fusion-title-size-one\" style=\"--awb-margin-bottom:40px;\"><h1 class=\"fusion-title-heading title-heading-center\" style=\"margin:0;\">News<\/h1><\/div><div class=\"fusion-clearfix\"><\/div><\/div><\/div><div class=\"fusion-layout-column fusion_builder_column fusion-builder-column-1 fusion_builder_column_1_1 1_1 fusion-one-full fusion-column-first fusion-column-last\" style=\"--awb-bg-size:cover;\"><div class=\"fusion-column-wrapper fusion-flex-column-wrapper-legacy\"><div class=\"fusion-blog-shortcode fusion-blog-shortcode-1 fusion-blog-archive fusion-blog-layout-medium-alternate fusion-blog-no\" id=\"nieuws_blog\"><div class=\"fusion-posts-container fusion-posts-container-no\" data-pages=\"1\"><article id=\"blog-1-post-9356\" class=\"fusion-post-medium-alternate post-9356 post type-post status-publish format-standard has-post-thumbnail hentry category-nieuws-de\">\n<div class=\"fusion-date-and-formats\"><div class=\"fusion-date-box updated\"><span class=\"fusion-date\">11<\/span><span class=\"fusion-month-year\">12, 2025<\/span><\/div><div class=\"fusion-format-box\"><i class=\"awb-icon-pen\" aria-hidden=\"true\"><\/i><\/div><\/div>\t<style type=\"text\/css\">\n\t\t\n\t\t\n\t\t\n\t\t\n\t\t\t<\/style>\n\n\n\t\t\t<div class=\"fusion-flexslider flexslider fusion-flexslider-loading fusion-post-slideshow\" style=\"\">\n\t\t<ul class=\"slides\">\n\t\t\t\n\t\t\t\t\t\t\t\t\t\t\t\t\t\t<li><div  class=\"fusion-image-wrapper fusion-image-size-fixed\" aria-haspopup=\"true\">\n\t\t\t\t\t\t\t<a href=\"https:\/\/www.bouwimpex.nl\/de\/nieuws-de\/weihnachtsferien-2\/\" aria-label=\"Weihnachtsferien\">\n\t\t\t\t\t\t\t<img decoding=\"async\" width=\"400\" height=\"267\" src=\"https:\/\/www.bouwimpex.nl\/wp-content\/uploads\/2025\/12\/Kerstsluiting.png\" class=\"attachment-blog-medium size-blog-medium wp-post-image\" alt=\"\" srcset=\"https:\/\/www.bouwimpex.nl\/wp-content\/uploads\/2025\/12\/Kerstsluiting-200x134.png 200w, https:\/\/www.bouwimpex.nl\/wp-content\/uploads\/2025\/12\/Kerstsluiting.png 400w\" sizes=\"(max-width: 400px) 100vw, 400px\" \/>\t\t\t<\/a>\n\t\t\t\t\t\t\t<\/div>\n<\/li>\n\t\t\t\n\t\t\t\n\t\t\t\t\t\t\t\t\t\t\t\t\t\t\t\t\t\t\t\t\t\t\t\t\t\t\t\t\t\t\t\t\t\t\t\t\t\t\t\t\t\t\t\t\t\t\t\t\t\t\t\t\t\t\t\t\t\t\t\t\t\t\t\t\t\t\t\t<\/ul>\n\t<\/div>\n\t<div class=\"fusion-post-content post-content\"><h2 class=\"blog-shortcode-post-title entry-title\"><a href=\"https:\/\/www.bouwimpex.nl\/de\/nieuws-de\/weihnachtsferien-2\/\">Weihnachtsferien<\/a><\/h2><div class=\"fusion-post-content-container\"><p>Aufgrund der Feiertage bleiben wir von\u00a0Freitagnachmittag, 19. Dezember bis Freitag, 2. Januar geschlossen. Wir sind ab Montag, den 5. Januar 2026 wieder ge\u00f6ffnet. Frohe Weihnachten und ein gutes neues Jahr!\u00a0<a href=\"https:\/\/www.bouwimpex.nl\/de\/nieuws-de\/weihnachtsferien-2\/\" rel=\"nofollow\">weiterlesen &gt;<\/a><\/p><\/div><\/div><div class=\"fusion-clearfix\"><\/div><div class=\"fusion-meta-info\"><div class=\"fusion-alignright\"><a class=\"fusion-read-more\" href=\"https:\/\/www.bouwimpex.nl\/de\/nieuws-de\/weihnachtsferien-2\/\" aria-label=\"More on Weihnachtsferien\">weiterlesen<\/a><\/div><\/div><\/article>\n<article id=\"blog-1-post-8034\" class=\"fusion-post-medium-alternate post-8034 post type-post status-publish format-standard has-post-thumbnail hentry category-nieuws-de\">\n<div class=\"fusion-date-and-formats\"><div class=\"fusion-date-box updated\"><span class=\"fusion-date\">19<\/span><span class=\"fusion-month-year\">05, 2025<\/span><\/div><div class=\"fusion-format-box\"><i class=\"awb-icon-pen\" aria-hidden=\"true\"><\/i><\/div><\/div>\t<style type=\"text\/css\">\n\t\t\n\t\t\n\t\t\n\t\t\n\t\t\t<\/style>\n\n\n\t\t\t<div class=\"fusion-flexslider flexslider fusion-flexslider-loading fusion-post-slideshow\" style=\"\">\n\t\t<ul class=\"slides\">\n\t\t\t\n\t\t\t\t\t\t\t\t\t\t\t\t\t\t<li><div  class=\"fusion-image-wrapper fusion-image-size-fixed\" aria-haspopup=\"true\">\n\t\t\t\t\t\t\t<a href=\"https:\/\/www.bouwimpex.nl\/de\/nieuws-de\/geschlossen-mai\/\" aria-label=\"29., 30. Mai und 9. Juni geschlossen\">\n\t\t\t\t\t\t\t<img decoding=\"async\" width=\"400\" height=\"267\" src=\"https:\/\/www.bouwimpex.nl\/wp-content\/uploads\/2022\/05\/Hemelvaartssluiting.jpg\" class=\"attachment-blog-medium size-blog-medium wp-post-image\" alt=\"\" srcset=\"https:\/\/www.bouwimpex.nl\/wp-content\/uploads\/2022\/05\/Hemelvaartssluiting-200x134.jpg 200w, https:\/\/www.bouwimpex.nl\/wp-content\/uploads\/2022\/05\/Hemelvaartssluiting.jpg 400w\" sizes=\"(max-width: 400px) 100vw, 400px\" \/>\t\t\t<\/a>\n\t\t\t\t\t\t\t<\/div>\n<\/li>\n\t\t\t\n\t\t\t\n\t\t\t\t\t\t\t\t\t\t\t\t\t\t\t\t\t\t\t\t\t\t\t\t\t\t\t\t\t\t\t\t\t\t\t\t\t\t\t\t\t\t\t\t\t\t\t\t\t\t\t\t\t\t\t\t\t\t\t\t\t\t\t\t\t\t\t\t<\/ul>\n\t<\/div>\n\t<div class=\"fusion-post-content post-content\"><h2 class=\"blog-shortcode-post-title entry-title\"><a href=\"https:\/\/www.bouwimpex.nl\/de\/nieuws-de\/geschlossen-mai\/\">29., 30. Mai und 9. Juni geschlossen<\/a><\/h2><div class=\"fusion-post-content-container\"><p>Aufgrund mehrerer Feiertage im Mai sind wir am 29., 30. Mai und 30 Juni (Christi Himmelfahrt und Pfingsten) geschlossen.\u00a0<a href=\"https:\/\/www.bouwimpex.nl\/de\/nieuws-de\/geschlossen-mai\/\" rel=\"nofollow\">weiterlesen &gt;<\/a><\/p><\/div><\/div><div class=\"fusion-clearfix\"><\/div><div class=\"fusion-meta-info\"><div class=\"fusion-alignright\"><a class=\"fusion-read-more\" href=\"https:\/\/www.bouwimpex.nl\/de\/nieuws-de\/geschlossen-mai\/\" aria-label=\"More on 29., 30. Mai und 9. Juni geschlossen\">weiterlesen<\/a><\/div><\/div><\/article>\n<article id=\"blog-1-post-8178\" class=\"fusion-post-medium-alternate post-8178 post type-post status-publish format-standard has-post-thumbnail hentry category-nieuws-de\">\n<div class=\"fusion-date-and-formats\"><div class=\"fusion-date-box updated\"><span class=\"fusion-date\">3<\/span><span class=\"fusion-month-year\">10, 2022<\/span><\/div><div class=\"fusion-format-box\"><i class=\"awb-icon-pen\" aria-hidden=\"true\"><\/i><\/div><\/div>\t<style type=\"text\/css\">\n\t\t\n\t\t\n\t\t\n\t\t\n\t\t\t<\/style>\n\n\n\t\t\t<div class=\"fusion-flexslider flexslider fusion-flexslider-loading fusion-post-slideshow\" style=\"\">\n\t\t<ul class=\"slides\">\n\t\t\t\n\t\t\t\t\t\t\t\t\t\t\t\t\t\t<li><div  class=\"fusion-image-wrapper fusion-image-size-fixed\" aria-haspopup=\"true\">\n\t\t\t\t\t\t\t<a href=\"https:\/\/www.bouwimpex.nl\/de\/nieuws-de\/besuchen-sie-uns-auf-der-eurotier-stand-15-h-18\/\" aria-label=\"Besuchen Sie uns auf der Eurotier: Stand 15.H.18\">\n\t\t\t\t\t\t\t<img decoding=\"async\" width=\"400\" height=\"267\" src=\"https:\/\/www.bouwimpex.nl\/wp-content\/uploads\/2022\/10\/Omslagfoto-website-bouwimpex-eurotier-2022-1-1.png\" class=\"attachment-blog-medium size-blog-medium wp-post-image\" alt=\"\" srcset=\"https:\/\/www.bouwimpex.nl\/wp-content\/uploads\/2022\/10\/Omslagfoto-website-bouwimpex-eurotier-2022-1-1-200x134.png 200w, https:\/\/www.bouwimpex.nl\/wp-content\/uploads\/2022\/10\/Omslagfoto-website-bouwimpex-eurotier-2022-1-1.png 400w\" sizes=\"(max-width: 400px) 100vw, 400px\" \/>\t\t\t<\/a>\n\t\t\t\t\t\t\t<\/div>\n<\/li>\n\t\t\t\n\t\t\t\n\t\t\t\t\t\t\t\t\t\t\t\t\t\t\t\t\t\t\t\t\t\t\t\t\t\t\t\t\t\t\t\t\t\t\t\t\t\t\t\t\t\t\t\t\t\t\t\t\t\t\t\t\t\t\t\t\t\t\t\t\t\t\t\t\t\t\t\t<\/ul>\n\t<\/div>\n\t<div class=\"fusion-post-content post-content\"><h2 class=\"blog-shortcode-post-title entry-title\"><a href=\"https:\/\/www.bouwimpex.nl\/de\/nieuws-de\/besuchen-sie-uns-auf-der-eurotier-stand-15-h-18\/\">Besuchen Sie uns auf der Eurotier: Stand 15.H.18<\/a><\/h2><div class=\"fusion-post-content-container\"><p>Vom 15. bis 18. November pr\u00e4sentiert Bouwimpex auf der Eurotier in Hannover Ihre wichtigsten Bauprodukte einem internationalen Publikum. Sie sind herzlich willkommen an unserem Stand 15.H.18 (Halle 15)\r\n\u00a0<a href=\"https:\/\/www.bouwimpex.nl\/de\/nieuws-de\/besuchen-sie-uns-auf-der-eurotier-stand-15-h-18\/\" rel=\"nofollow\">weiterlesen &gt;<\/a><\/p><\/div><\/div><div class=\"fusion-clearfix\"><\/div><div class=\"fusion-meta-info\"><div class=\"fusion-alignright\"><a class=\"fusion-read-more\" href=\"https:\/\/www.bouwimpex.nl\/de\/nieuws-de\/besuchen-sie-uns-auf-der-eurotier-stand-15-h-18\/\" aria-label=\"More on Besuchen Sie uns auf der Eurotier: Stand 15.H.18\">weiterlesen<\/a><\/div><\/div><\/article>\n<article id=\"blog-1-post-5633\" class=\"fusion-post-medium-alternate post-5633 post type-post status-publish format-standard has-post-thumbnail hentry category-nieuws-de\">\n<div class=\"fusion-date-and-formats\"><div class=\"fusion-date-box updated\"><span class=\"fusion-date\">26<\/span><span class=\"fusion-month-year\">11, 2019<\/span><\/div><div class=\"fusion-format-box\"><i class=\"awb-icon-pen\" aria-hidden=\"true\"><\/i><\/div><\/div>\t<style type=\"text\/css\">\n\t\t\n\t\t\n\t\t\n\t\t\n\t\t\t<\/style>\n\n\n\t\t\t<div class=\"fusion-flexslider flexslider fusion-flexslider-loading fusion-post-slideshow\" style=\"\">\n\t\t<ul class=\"slides\">\n\t\t\t\n\t\t\t\t\t\t\t\t\t\t\t\t\t\t<li><div  class=\"fusion-image-wrapper fusion-image-size-fixed\" aria-haspopup=\"true\">\n\t\t\t\t\t\t\t<a href=\"https:\/\/www.bouwimpex.nl\/de\/nieuws-de\/installation-des-mea-lichtschachtes-gefilmt\/\" aria-label=\"Installation des MEA Lichtschachtes gefilmt\">\n\t\t\t\t\t\t\t<img decoding=\"async\" width=\"400\" height=\"267\" src=\"https:\/\/www.bouwimpex.nl\/wp-content\/uploads\/2019\/12\/kelderkoekoeken_nieuws.jpg\" class=\"attachment-blog-medium size-blog-medium wp-post-image\" alt=\"\" srcset=\"https:\/\/www.bouwimpex.nl\/wp-content\/uploads\/2019\/12\/kelderkoekoeken_nieuws-200x134.jpg 200w, https:\/\/www.bouwimpex.nl\/wp-content\/uploads\/2019\/12\/kelderkoekoeken_nieuws.jpg 400w\" sizes=\"(max-width: 400px) 100vw, 400px\" \/>\t\t\t<\/a>\n\t\t\t\t\t\t\t<\/div>\n<\/li>\n\t\t\t\n\t\t\t\n\t\t\t\t\t\t\t\t\t\t\t\t\t\t\t\t\t\t\t\t\t\t\t\t\t\t\t\t\t\t\t\t\t\t\t\t\t\t\t\t\t\t\t\t\t\t\t\t\t\t\t\t\t\t\t\t\t\t\t\t\t\t\t\t\t\t\t\t<\/ul>\n\t<\/div>\n\t<div class=\"fusion-post-content post-content\"><h2 class=\"blog-shortcode-post-title entry-title\"><a href=\"https:\/\/www.bouwimpex.nl\/de\/nieuws-de\/installation-des-mea-lichtschachtes-gefilmt\/\">Installation des MEA Lichtschachtes gefilmt<\/a><\/h2><div class=\"fusion-post-content-container\"><p>Im Auftrag der Boqo BV aus Eindhoven, haben wir 24 vorgefertigte, wasserdichte Lichtsch\u00e4chte f\u00fcr ein Projekt in Dordrecht geliefert. Wir durften dieses Projekt filmen. \u00a0<a href=\"https:\/\/www.bouwimpex.nl\/de\/nieuws-de\/installation-des-mea-lichtschachtes-gefilmt\/\" rel=\"nofollow\">weiterlesen &gt;<\/a><\/p><\/div><\/div><div class=\"fusion-clearfix\"><\/div><div class=\"fusion-meta-info\"><div class=\"fusion-alignright\"><a class=\"fusion-read-more\" href=\"https:\/\/www.bouwimpex.nl\/de\/nieuws-de\/installation-des-mea-lichtschachtes-gefilmt\/\" aria-label=\"More on Installation des MEA Lichtschachtes gefilmt\">weiterlesen<\/a><\/div><\/div><\/article>\n<article id=\"blog-1-post-3958\" class=\"fusion-post-medium-alternate post-3958 post type-post status-publish format-standard has-post-thumbnail hentry category-nieuws-de\">\n<div class=\"fusion-date-and-formats\"><div class=\"fusion-date-box updated\"><span class=\"fusion-date\">18<\/span><span class=\"fusion-month-year\">09, 2018<\/span><\/div><div class=\"fusion-format-box\"><i class=\"awb-icon-pen\" aria-hidden=\"true\"><\/i><\/div><\/div>\t<style type=\"text\/css\">\n\t\t\n\t\t\n\t\t\n\t\t\n\t\t\t<\/style>\n\n\n\t\t\t<div class=\"fusion-flexslider flexslider fusion-flexslider-loading fusion-post-slideshow\" style=\"\">\n\t\t<ul class=\"slides\">\n\t\t\t\n\t\t\t\t\t\t\t\t\t\t\t\t\t\t<li><div  class=\"fusion-image-wrapper fusion-image-size-fixed\" aria-haspopup=\"true\">\n\t\t\t\t\t\t\t<a href=\"https:\/\/www.bouwimpex.nl\/de\/nieuws-de\/neue-tierfreundlichen-auslaufstall-fam-ten-have-mellema\/\" aria-label=\"Neue tierfreundlichen Auslaufstall Fam.Ten-Have Mellema\">\n\t\t\t\t\t\t\t<img decoding=\"async\" width=\"320\" height=\"202\" src=\"https:\/\/www.bouwimpex.nl\/wp-content\/uploads\/2018\/08\/JJP_BMPX_BEERTA_06_1-320x202.jpg\" class=\"attachment-blog-medium size-blog-medium wp-post-image\" alt=\"dartelstal_Beerta\" srcset=\"https:\/\/www.bouwimpex.nl\/wp-content\/uploads\/2018\/08\/JJP_BMPX_BEERTA_06_1-320x202.jpg 320w, https:\/\/www.bouwimpex.nl\/wp-content\/uploads\/2018\/08\/JJP_BMPX_BEERTA_06_1-700x441.jpg 700w\" sizes=\"(max-width: 320px) 100vw, 320px\" \/>\t\t\t<\/a>\n\t\t\t\t\t\t\t<\/div>\n<\/li>\n\t\t\t\n\t\t\t\n\t\t\t\t\t\t\t\t\t\t\t\t\t\t\t\t\t\t\t\t\t\t\t\t\t\t\t\t\t\t\t\t\t\t\t\t\t\t\t\t\t\t\t\t\t\t\t\t\t\t\t\t\t\t\t\t\t\t\t\t\t\t\t\t\t\t\t\t<\/ul>\n\t<\/div>\n\t<div class=\"fusion-post-content post-content\"><h2 class=\"blog-shortcode-post-title entry-title\"><a href=\"https:\/\/www.bouwimpex.nl\/de\/nieuws-de\/neue-tierfreundlichen-auslaufstall-fam-ten-have-mellema\/\">Neue tierfreundlichen Auslaufstall Fam.Ten-Have Mellema<\/a><\/h2><div class=\"fusion-post-content-container\"><p>Ende 2017 wurden mit den Arbeiten am neuen Auslaufstall der Familie Ten Have-Mellema begonnen. Die Fertigstellung des Projekts erfolgte bereits in diesem Sommer. Bouwimpex lieferte f\u00fcr dieses Projekt eine sch\u00f6ne beitrage \u00a0<a href=\"https:\/\/www.bouwimpex.nl\/de\/nieuws-de\/neue-tierfreundlichen-auslaufstall-fam-ten-have-mellema\/\" rel=\"nofollow\">weiterlesen &gt;<\/a><\/p><\/div><\/div><div class=\"fusion-clearfix\"><\/div><div class=\"fusion-meta-info\"><div class=\"fusion-alignright\"><a class=\"fusion-read-more\" href=\"https:\/\/www.bouwimpex.nl\/de\/nieuws-de\/neue-tierfreundlichen-auslaufstall-fam-ten-have-mellema\/\" aria-label=\"More on Neue tierfreundlichen Auslaufstall Fam.Ten-Have Mellema\">weiterlesen<\/a><\/div><\/div><\/article>\n<article id=\"blog-1-post-3452\" class=\"fusion-post-medium-alternate post-3452 post type-post status-publish format-standard has-post-thumbnail hentry category-nieuws-de\">\n<div class=\"fusion-date-and-formats\"><div class=\"fusion-date-box updated\"><span class=\"fusion-date\">25<\/span><span class=\"fusion-month-year\">05, 2018<\/span><\/div><div class=\"fusion-format-box\"><i class=\"awb-icon-pen\" aria-hidden=\"true\"><\/i><\/div><\/div>\t<style type=\"text\/css\">\n\t\t\n\t\t\n\t\t\n\t\t\n\t\t\t<\/style>\n\n\n\t\t\t<div class=\"fusion-flexslider flexslider fusion-flexslider-loading fusion-post-slideshow\" style=\"\">\n\t\t<ul class=\"slides\">\n\t\t\t\n\t\t\t\t\t\t\t\t\t\t\t\t\t\t<li><div  class=\"fusion-image-wrapper fusion-image-size-fixed\" aria-haspopup=\"true\">\n\t\t\t\t\t\t\t<a href=\"https:\/\/www.bouwimpex.nl\/de\/nieuws-de\/erneuerte-zusammenarbeit-mea\/\" aria-label=\"Erneute Zusammenarbeit MEA\">\n\t\t\t\t\t\t\t<img decoding=\"async\" width=\"320\" height=\"202\" src=\"https:\/\/www.bouwimpex.nl\/wp-content\/uploads\/2018\/03\/mea_lijnafwateringsgoten-320x202.jpg\" class=\"attachment-blog-medium size-blog-medium wp-post-image\" alt=\"\" srcset=\"https:\/\/www.bouwimpex.nl\/wp-content\/uploads\/2018\/03\/mea_lijnafwateringsgoten-320x202.jpg 320w, https:\/\/www.bouwimpex.nl\/wp-content\/uploads\/2018\/03\/mea_lijnafwateringsgoten-700x441.jpg 700w\" sizes=\"(max-width: 320px) 100vw, 320px\" \/>\t\t\t<\/a>\n\t\t\t\t\t\t\t<\/div>\n<\/li>\n\t\t\t\n\t\t\t\n\t\t\t\t\t\t\t\t\t\t\t\t\t\t\t\t\t\t\t\t\t\t\t\t\t\t\t\t\t\t\t\t\t\t\t\t\t\t\t\t\t\t\t\t\t\t\t\t\t\t\t\t\t\t\t\t\t\t\t\t\t\t\t\t\t\t\t\t<\/ul>\n\t<\/div>\n\t<div class=\"fusion-post-content post-content\"><h2 class=\"blog-shortcode-post-title entry-title\"><a href=\"https:\/\/www.bouwimpex.nl\/de\/nieuws-de\/erneuerte-zusammenarbeit-mea\/\">Erneute Zusammenarbeit MEA<\/a><\/h2><div class=\"fusion-post-content-container\"><p>Bouwimpex und MEA haben ihre 25-j\u00e4hrige exklusive Zusammenarbeit im Bereich der Kellerbauprodukte mit der Entw\u00e4sserungstechnologie erweitert. Seit dem 1. Januar 2018 ist Bouwimpex der exklusive Vertreter f\u00fcr MEA-Produkte in den Niederlanden.\u00a0<a href=\"https:\/\/www.bouwimpex.nl\/de\/nieuws-de\/erneuerte-zusammenarbeit-mea\/\" rel=\"nofollow\">weiterlesen &gt;<\/a><\/p><\/div><\/div><div class=\"fusion-clearfix\"><\/div><div class=\"fusion-meta-info\"><div class=\"fusion-alignright\"><a class=\"fusion-read-more\" href=\"https:\/\/www.bouwimpex.nl\/de\/nieuws-de\/erneuerte-zusammenarbeit-mea\/\" aria-label=\"More on Erneute Zusammenarbeit MEA\">weiterlesen<\/a><\/div><\/div><\/article>\n<\/div><\/div><div class=\"fusion-alignright\"><a class=\"fusion-button button-flat fusion-button-default-size button-default fusion-button-default button-2 fusion-button-default-span fusion-button-default-type\" target=\"_self\" href=\"https:\/\/www.bouwimpex.nl\/de\/news-archiv\/\"><span class=\"fusion-button-text\">News Archiv<\/span><\/a><\/div><div class=\"fusion-clearfix\"><\/div><\/div><\/div><\/div><\/div>\n","protected":false},"excerpt":{"rendered":"<p>&nbsp;<a href=\"https:\/\/www.bouwimpex.nl\/de\/nieuws-de\/erneuerte-zusammenarbeit-mea\/\" rel=\"nofollow\">weiterlesen ><\/a><\/p>\n","protected":false},"author":1,"featured_media":0,"parent":0,"menu_order":0,"comment_status":"closed","ping_status":"closed","template":"100-width.php","meta":{"content-type":"","footnotes":""},"class_list":["post-3376","page","type-page","status-publish","hentry"],"_links":{"self":[{"href":"https:\/\/www.bouwimpex.nl\/de\/wp-json\/wp\/v2\/pages\/3376","targetHints":{"allow":["GET"]}}],"collection":[{"href":"https:\/\/www.bouwimpex.nl\/de\/wp-json\/wp\/v2\/pages"}],"about":[{"href":"https:\/\/www.bouwimpex.nl\/de\/wp-json\/wp\/v2\/types\/page"}],"author":[{"embeddable":true,"href":"https:\/\/www.bouwimpex.nl\/de\/wp-json\/wp\/v2\/users\/1"}],"replies":[{"embeddable":true,"href":"https:\/\/www.bouwimpex.nl\/de\/wp-json\/wp\/v2\/comments?post=3376"}],"version-history":[{"count":0,"href":"https:\/\/www.bouwimpex.nl\/de\/wp-json\/wp\/v2\/pages\/3376\/revisions"}],"wp:attachment":[{"href":"https:\/\/www.bouwimpex.nl\/de\/wp-json\/wp\/v2\/media?parent=3376"}],"curies":[{"name":"wp","href":"https:\/\/api.w.org\/{rel}","templated":true}]}}