{"id":3266,"date":"2017-09-12T07:25:29","date_gmt":"2017-09-12T07:25:29","guid":{"rendered":"http:\/\/www.bouwimpex.skyberatedev.nl\/offerte\/"},"modified":"2026-02-03T14:02:49","modified_gmt":"2026-02-03T13:02:49","slug":"angebot-anfordern","status":"publish","type":"page","link":"https:\/\/www.bouwimpex.nl\/de\/angebot-anfordern\/","title":{"rendered":"Angebot"},"content":{"rendered":"<div class=\"fusion-fullwidth fullwidth-box fusion-builder-row-1 schaduw nonhundred-percent-fullwidth non-hundred-percent-height-scrolling\" style=\"--awb-border-radius-top-left:0px;--awb-border-radius-top-right:0px;--awb-border-radius-bottom-right:0px;--awb-border-radius-bottom-left:0px;--awb-padding-top:20px;--awb-padding-right:20px;--awb-padding-bottom:20px;--awb-padding-left:20px;--awb-flex-wrap:wrap;\" ><div class=\"fusion-builder-row fusion-row\"><div class=\"fusion-layout-column fusion_builder_column fusion-builder-column-0 fusion_builder_column_1_1 1_1 fusion-one-full fusion-column-first fusion-column-last\" style=\"--awb-bg-size:cover;\"><div class=\"fusion-column-wrapper fusion-flex-column-wrapper-legacy\"><div class=\"fusion-title title fusion-title-1 fusion-sep-none fusion-title-text fusion-title-size-one\"><h1 class=\"fusion-title-heading title-heading-left\" style=\"margin:0;\">Angebot anfordern<\/h1><\/div><div class=\"fusion-clearfix\"><\/div><\/div><\/div><div class=\"fusion-layout-column fusion_builder_column fusion-builder-column-1 fusion_builder_column_2_3 2_3 fusion-two-third fusion-column-first\" style=\"--awb-bg-size:cover;width:66.666666666667%;width:calc(66.666666666667% - ( ( 4% ) * 0.66666666666667 ) );margin-right: 4%;\"><div class=\"fusion-column-wrapper fusion-flex-column-wrapper-legacy\"><script src=\"https:\/\/js-eu1.hsforms.net\/forms\/embed\/145893428.js\" defer><\/script>\n<div class=\"hs-form-frame\" data-region=\"eu1\" data-form-id=\"98845f72-fdc7-45bc-ae66-d118b510c0c1\" data-portal-id=\"145893428\"><\/div><div class=\"fusion-clearfix\"><\/div><\/div><\/div><div class=\"fusion-layout-column fusion_builder_column fusion-builder-column-2 fusion_builder_column_1_3 1_3 fusion-one-third fusion-column-last\" style=\"--awb-bg-size:cover;width:33.333333333333%;width:calc(33.333333333333% - ( ( 4% ) * 0.33333333333333 ) );\"><div class=\"fusion-column-wrapper fusion-flex-column-wrapper-legacy\"><div class=\"fusion-text fusion-text-1\"><p><strong>Bouwimpex BV<\/strong><br \/>\nMercuriusweg 15a<br \/>\n3771 NC Barneveld<br \/>\nTel: <a href=\"tel:0342420233\">+31 (0)342 420233<\/a><br \/>\nFax: +31 (0342) 492764<br \/>\nE: <a href=\"mailto:sales@bouwimpex.nl\">sales@bouwimpex.nl<\/a><br \/>\nHandelskammernummer: 09050615<br \/>\nUSt-IdNr: NL006124653B01<\/p>\n<\/div><div class=\"fusion-social-links fusion-social-links-1\" style=\"--awb-margin-top:0px;--awb-margin-right:0px;--awb-margin-bottom:0px;--awb-margin-left:0px;--awb-box-border-top:0px;--awb-box-border-right:0px;--awb-box-border-bottom:0px;--awb-box-border-left:0px;--awb-icon-colors-hover:rgba(190,189,189,0.8);--awb-box-colors-hover:rgba(232,232,232,0.8);--awb-box-border-color:var(--awb-color3);--awb-box-border-color-hover:var(--awb-color4);\"><div class=\"fusion-social-networks boxed-icons color-type-custom\"><div class=\"fusion-social-networks-wrapper\"><a class=\"fusion-social-network-icon fusion-tooltip fusion-facebook awb-icon-facebook\" style=\"color:#bebdbd;font-size:16px;width:16px;background-color:#e8e8e8;border-color:#e8e8e8;border-radius:50%;\" title=\"Facebook\" aria-label=\"facebook\" target=\"_blank\" rel=\"noopener noreferrer\" href=\"https:\/\/www.facebook.com\/Bouwimpex\"><\/a><a class=\"fusion-social-network-icon fusion-tooltip fusion-twitter awb-icon-twitter\" style=\"color:#bebdbd;font-size:16px;width:16px;background-color:#e8e8e8;border-color:#e8e8e8;border-radius:50%;\" title=\"Twitter\" aria-label=\"twitter\" target=\"_blank\" rel=\"noopener noreferrer\" href=\"https:\/\/twitter.com\/Bouwimpex\"><\/a><a class=\"fusion-social-network-icon fusion-tooltip fusion-linkedin awb-icon-linkedin\" style=\"color:#bebdbd;font-size:16px;width:16px;background-color:#e8e8e8;border-color:#e8e8e8;border-radius:50%;\" title=\"LinkedIn\" aria-label=\"linkedin\" target=\"_blank\" rel=\"noopener noreferrer\" href=\"https:\/\/nl.linkedin.com\/company\/bouwimpex-bv\"><\/a><a class=\"fusion-social-network-icon fusion-tooltip fusion-vimeo awb-icon-vimeo\" style=\"color:#bebdbd;font-size:16px;width:16px;background-color:#e8e8e8;border-color:#e8e8e8;border-radius:50%;\" title=\"Vimeo\" aria-label=\"vimeo\" target=\"_blank\" rel=\"noopener noreferrer\" href=\"https:\/\/vimeo.com\/86689372\"><\/a><\/div><\/div><\/div><div class=\"fusion-text fusion-text-2\"><p><strong>Brosch\u00fcren anfordern<\/strong><br \/>\nWir bieten alle unsere Brosch\u00fcren digital an. Bitte beachten Sie hierzu die jeweilige Produktseite.<\/p>\n<p>M\u00f6chten Sie lieber eine Brosch\u00fcre per Post erhalten? Das ist m\u00f6glich. F\u00fcllen Sie dazu bitte das Formular \u201eBrosch\u00fcre anfordern\u201c aus.<\/p>\n<\/div><div class=\"fusion-button-wrapper\"><a class=\"fusion-button button-flat fusion-button-default-size button-default fusion-button-default button-1 fusion-button-default-span fusion-button-default-type button_contact\" target=\"_self\" href=\" https:\/\/www.bouwimpex.nl\/de\/kontakt\/broschueren\/\" id=\"button_brochure\"><span class=\"fusion-button-text\">Brosch\u00fcre anfordern<\/span><\/a><\/div><div class=\"fusion-clearfix\"><\/div><\/div><\/div><\/div><\/div>\n","protected":false},"excerpt":{"rendered":"","protected":false},"author":1,"featured_media":0,"parent":0,"menu_order":0,"comment_status":"closed","ping_status":"closed","template":"","meta":{"content-type":"","footnotes":""},"class_list":["post-3266","page","type-page","status-publish","hentry"],"_links":{"self":[{"href":"https:\/\/www.bouwimpex.nl\/de\/wp-json\/wp\/v2\/pages\/3266","targetHints":{"allow":["GET"]}}],"collection":[{"href":"https:\/\/www.bouwimpex.nl\/de\/wp-json\/wp\/v2\/pages"}],"about":[{"href":"https:\/\/www.bouwimpex.nl\/de\/wp-json\/wp\/v2\/types\/page"}],"author":[{"embeddable":true,"href":"https:\/\/www.bouwimpex.nl\/de\/wp-json\/wp\/v2\/users\/1"}],"replies":[{"embeddable":true,"href":"https:\/\/www.bouwimpex.nl\/de\/wp-json\/wp\/v2\/comments?post=3266"}],"version-history":[{"count":1,"href":"https:\/\/www.bouwimpex.nl\/de\/wp-json\/wp\/v2\/pages\/3266\/revisions"}],"predecessor-version":[{"id":9539,"href":"https:\/\/www.bouwimpex.nl\/de\/wp-json\/wp\/v2\/pages\/3266\/revisions\/9539"}],"wp:attachment":[{"href":"https:\/\/www.bouwimpex.nl\/de\/wp-json\/wp\/v2\/media?parent=3266"}],"curies":[{"name":"wp","href":"https:\/\/api.w.org\/{rel}","templated":true}]}}